{"id":817,"date":"2025-12-26T09:17:46","date_gmt":"2025-12-26T09:17:46","guid":{"rendered":"https:\/\/nnnew88.com\/index.php\/dai-su-thuong-hieu\/"},"modified":"2025-12-26T09:17:46","modified_gmt":"2025-12-26T09:17:46","slug":"dai-su-thuong-hieu","status":"publish","type":"page","link":"https:\/\/nnnew88.com\/index.php\/dai-su-thuong-hieu\/","title":{"rendered":"\u0110\u1ea1i S\u1ee9 Th\u01b0\u01a1ng Hi\u1ec7u New88 N\u1ed5i Ti\u1ebfng H\u00e0ng \u0110\u1ea7u Ronaldinho"},"content":{"rendered":"<p><a href=\"https:\/\/nnnew88.com\/dai-su-thuong-hieu\/\"><b>\u0110\u1ea1i s\u1ee9 th\u01b0\u01a1ng hi\u1ec7u New88<\/b><\/a><span style=\"font-weight: 400;\"> Ronaldinho l\u00e0 m\u1ed9t c\u1ea7u th\u1ee7 b\u00f3ng \u0111\u00e1 n\u1ed5i ti\u1ebfng v\u00e0 \u0111\u01b0\u1ee3c xem nh\u01b0 huy\u1ec1n tho\u1ea1i trong l\u00e0ng t\u00fac c\u1ea7u. \u00d4ng \u0111\u00e3 ch\u00ednh th\u1ee9c g\u00f3p m\u1eb7t v\u00e0o nh\u00e0 c\u00e1i, \u0111\u1ed3ng h\u00e0nh ho\u1ea1t \u0111\u1ed9ng qu\u1ea3ng b\u00e1 th\u01b0\u01a1ng hi\u1ec7u trong th\u1eddi gian v\u1eeba qua. Nh\u1edd s\u1ef1 xu\u1ea5t hi\u1ec7n \u0111\u00f3, s\u00e2n ch\u01a1i ch\u00fang t\u00f4i nh\u1eadn \u0111\u01b0\u1ee3c s\u1ef1 t\u00edn nhi\u1ec7m t\u1eeb ph\u00eda ng\u01b0\u1eddi ch\u01a1i nhi\u1ec1u h\u01a1n.<\/span><\/p>\n<h2><b>\u0110\u1ea1i s\u1ee9 th\u01b0\u01a1ng hi\u1ec7u New88 l\u00e0 ai?<\/b><\/h2>\n<p><span style=\"font-weight: 400;\">C\u00e2u chuy\u1ec7n Ronaldinho \u0111\u00e3 tr\u1edf th\u00e0nh <\/span><b>\u0111\u1ea1i s\u1ee9 th\u01b0\u01a1ng hi\u1ec7u New88<\/b><span style=\"font-weight: 400;\"> \u0111\u01b0\u1ee3c xem nh\u01b0 m\u1ed9t d\u1ea5u m\u1ed1c quan tr\u1ecdng trong qu\u00e1 tr\u00ecnh ph\u00e1t tri\u1ec3n nh\u00e0 c\u00e1i. T\u00e0i n\u0103ng, s\u1ee9c h\u00fat, danh ti\u1ebfng c\u1ee7a anh \u0111\u00e3 tr\u1edf th\u00e0nh bi\u1ec3u t\u01b0\u1ee3ng c\u1ee7a s\u1ef1 c\u1ed1ng hi\u1ebfn, ni\u1ec1m vui trong b\u1ed9 m\u00f4n Vua.<\/span><\/p>\n<h3><b>T\u01b0\u1ee3ng \u0111\u00e0i b\u00f3ng \u0111\u00e1 Ronaldinho<\/b><\/h3>\n<p><span style=\"font-weight: 400;\">Ronaldinho kh\u00f4ng ch\u1ec9 n\u1ed5i ti\u1ebfng nh\u1edd k\u1ef9 n\u0103ng \u0111i b\u00f3ng \u0111\u1eb3ng c\u1ea5p m\u00e0 c\u00f2n v\u1edbi tr\u00e1i tim y\u00eau th\u00edch d\u00e0nh ri\u00eang cho th\u1ec3 thao. Anh t\u1eebng l\u00e0 ng\u00f4i sao s\u00e1ng tr\u00ean s\u00e2n c\u00f9ng v\u1edbi c\u1ea7u th\u1ee7 huy\u1ec1n tho\u1ea1i l\u00fac b\u1ea5y gi\u1edd Messi, ma thu\u1eadt c\u1ee7a t\u1eebng pha c\u1ea1nh tranh anh t\u1ea1o ra \u0111\u00e3 khi\u1ebfn fan h\u00e2m m\u1ed9 m\u1edf t\u1ea7m m\u1eaft h\u01a1n. B\u00ean c\u1ea1nh n\u1ee5 c\u01b0\u1eddi \u0111\u00f3 lu\u00f4n l\u00e0 \u00fd ch\u00ed kh\u00f4ng ng\u1eebng ngh\u1ec9, tinh th\u1ea7n n\u1ed3ng nhi\u1ec7t.<\/span><\/p>\n<p><span style=\"font-weight: 400;\">Khi k\u00fd h\u1ee3p \u0111\u1ed3ng \u0111\u1ea1i s\u1ee9 c\u1ee7a nh\u00e0 c\u00e1i ch\u00fang t\u00f4i, anh ch\u00e0ng mang theo h\u00ecnh \u1ea3nh c\u1ee7a huy\u1ec1n tho\u1ea1i chia s\u1ebb th\u00f4ng \u0111i\u1ec7p c\u1ef1c k\u1ef3 t\u1ed1t v\u1ec1 tr\u00e1ch nhi\u1ec7m, s\u1ef1 ch\u0103m s\u00f3c \u0111\u1ed1i v\u1edbi c\u1ed9ng \u0111\u1ed3ng h\u1ed9i vi\u00ean. \u0110i\u1ec1u \u0111\u00f3 kh\u00f4ng nh\u1eefng h\u1ed7 tr\u1ee3 t\u00ean tu\u1ed5i th\u01b0\u01a1ng hi\u1ec7u vang xa h\u01a1n m\u00e0 c\u00f2n g\u00e2y \u1ea5n t\u01b0\u1ee3ng s\u00e2u s\u1eafc trong l\u00f2ng m\u1ecdi ng\u01b0\u1eddi.<\/span><\/p>\n<h3><b>S\u1ef1 h\u1ea5p d\u1eabn c\u1ee7a \u0111\u1ea1i s\u1ee9<\/b><\/h3>\n<p><span style=\"font-weight: 400;\">S\u1ef1 k\u1ebft h\u1ee3p gi\u1eefa c\u00e1 c\u01b0\u1ee3c v\u00e0 b\u00f3ng \u0111\u00e1 n\u00e0y kh\u00f4ng ch\u1ec9 l\u00e0 chi\u1ebfn l\u01b0\u1ee3c qu\u1ea3ng b\u00e1 th\u00f4ng th\u01b0\u1eddng. N\u00f3 c\u00f2n l\u00e0 ph\u01b0\u01a1ng th\u1ee9c t\u1ed1t nh\u1ea5t \u0111\u1ec3 \u0111\u01b0a n\u1ec1n b\u00f3ng \u0111\u00e1 g\u1ea7n g\u0169i h\u01a1n v\u1edbi nh\u1eefng tay ch\u01a1i \u0111am m\u00ea c\u00e1 c\u01b0\u1ee3c. H\u1ecd s\u1ebd c\u1ea3m th\u1ea5y tho\u1ea3i m\u00e1i, an t\u00e2m h\u01a1n khi nh\u1eadn th\u1ea5y r\u1eb1ng Ronaldinho \u0111ang \u0111\u1ea1i di\u1ec7n cho th\u01b0\u01a1ng hi\u1ec7u m\u00e0 b\u1ea3n th\u00e2n \u0111\u00e3 ch\u1ecdn l\u1ef1a.<\/span><\/p>\n<p><span style=\"font-weight: 400;\">Nh\u1edd v\u00e0o s\u1ee9c h\u00fat c\u1ee7a anh, h\u1ec7 th\u1ed1ng c\u00f3 c\u01a1 h\u1ed9i ti\u1ebfp c\u1eadn v\u1edbi ph\u1ea7n l\u1edbn ng\u01b0\u1eddi ch\u01b0a bao gi\u1edd tham gia \u0111\u1eb7t c\u01b0\u1ee3c tr\u01b0\u1edbc \u0111\u00e2y. T\u1ea1o ra m\u1ed9t s\u00e2n ch\u01a1i l\u00e0nh m\u1ea1nh, \u0111a d\u1ea1ng v\u00e0 phong ph\u00fa h\u01a1n. L\u1ee3i \u00edch t\u1eeb b\u1ea3n h\u1ee3p \u0111\u1ed3ng n\u00e0y \u0111\u00e3 cho c\u00e1c chuy\u00ean gia bi\u1ebft r\u00f5 nh\u00e0 c\u00e1i uy t\u00edn nh\u01b0 th\u1ebf n\u00e0o, cung c\u1ea5p tr\u1ea3i nghi\u1ec7m t\u1ed1t ra sao.<\/span><\/p>\n<figure id=\"attachment_1035\" aria-describedby=\"caption-attachment-1035\" style=\"width: 800px\" class=\"wp-caption aligncenter\"><img title=\"Gi\u1edbi thi\u1ec7u \u0111\u1ea1i s\u1ee9 th\u01b0\u01a1ng hi\u1ec7u New88\" loading=\"lazy\" decoding=\"async\" class=\"size-full wp-image-1035\" src=\"http:\/\/nnnew88.com\/wp-content\/uploads\/2025\/12\/gioi-thieu-dai-su-thuong-hieu-new88.webp\" alt=\"Gi\u1edbi thi\u1ec7u \u0111\u1ea1i s\u1ee9 th\u01b0\u01a1ng hi\u1ec7u New88\" width=\"800\" height=\"400\"><figcaption id=\"caption-attachment-1035\" class=\"wp-caption-text\">Gi\u1edbi thi\u1ec7u \u0111\u1ea1i s\u1ee9 th\u01b0\u01a1ng hi\u1ec7u New88<\/figcaption><\/figure>\n<h2><b>S\u1ef1 ki\u1ec7n ra m\u1eaft \u0111\u1ea1i s\u1ee9 th\u01b0\u01a1ng hi\u1ec7u New88 Ronaldinho<\/b><\/h2>\n<p><span style=\"font-weight: 400;\">Ch\u01b0\u01a1ng tr\u00ecnh ra m\u1eaft Ronaldinho di\u1ec5n ra v\u1edbi tinh th\u1ea7n \u0111\u1ea7y h\u00e0o h\u1ee9ng, b\u1ea7u kh\u00f4ng kh\u00ed s\u00f4i \u0111\u1ed9ng. \u0110\u00e2y l\u00e0 d\u1ea5u m\u1ed1c quan tr\u1ecdng \u0111\u1ed1i v\u1edbi c\u1ea3 c\u1ed9ng \u0111\u1ed3ng y\u00eau th\u00edch b\u1ed9 m\u00f4n Vua, c\u00e1 c\u01b0\u1ee3c v\u00e0 nh\u00e0 c\u00e1i <a href=\"https:\/\/nnnew88.com\/\"><strong>New88<\/strong><\/a>.<\/span><\/p>\n<h3><b>B\u1ea7u kh\u00f4ng kh\u00ed ra m\u1eaft<\/b><\/h3>\n<p><span style=\"font-weight: 400;\">\u0110\u1ecba ch\u1ec9 t\u1ed5 ch\u1ee9c s\u1ef1 ki\u1ec7n \u0111\u01b0\u1ee3c \u0111\u1ed9i ng\u0169 l\u1ef1a ch\u1ecdn k\u1ef9 l\u01b0\u1ee1ng, ph\u00f9 h\u1ee3p v\u1edbi h\u00ecnh d\u00e1ng c\u1ee7a m\u1ed9t huy\u1ec1n tho\u1ea1i b\u00f3ng \u0111\u00e1 Ronaldinho. V\u00f4 s\u1ed1 kh\u00e1ch m\u1eddi n\u1ed5i ti\u1ebfng tham d\u1ef1 t\u1eeb c\u1ea7u th\u1ee7 b\u00f3ng \u0111\u00e1, gi\u1edbi truy\u1ec1n th\u00f4ng, nh\u1eefng ng\u01b0\u1eddi \u0111i\u1ec1u h\u00e0nh nh\u00e0 c\u00e1i, fan h\u00e2m m\u1ed9. M\u1ecdi ng\u01b0\u1eddi ai ai c\u0169ng \u0111\u1ec1u h\u00e1o h\u1ee9c ch\u00e0o \u0111\u00f3n s\u1ef1 xu\u1ea5t hi\u1ec7n c\u1ee7a anh ch\u00e0ng.<\/span><\/p>\n<p><span style=\"font-weight: 400;\">Khi b\u1eaft \u0111\u1ea7u, anh \u0111\u00e3 chia s\u1ebb d\u00f2ng c\u1ea3m x\u00fac c\u1ee7a m\u00ecnh khi l\u00e0 m\u1ed9t ph\u1ea7n trong \u0111\u1ea1i gia \u0111\u00ecnh. Huy\u1ec1n tho\u1ea1i \u0111\u00e3 kh\u1eb3ng \u0111\u1ecbnh r\u1eb1ng nh\u00e0 c\u00e1i ch\u00fang t\u00f4i l\u00e0 n\u1ec1n t\u1ea3ng c\u00e1 c\u01b0\u1ee3c chuy\u00ean nghi\u1ec7p, uy t\u00edn nh\u1ea5t, lu\u00f4n lu\u00f4n \u0111\u1eb7t l\u1ee3i \u00edch c\u1ee7a ng\u01b0\u1eddi d\u00f9ng l\u00ean h\u00e0ng \u0111\u1ea7u. C\u00e2u n\u00f3i \u0111\u00f3 v\u1eeba th\u1ec3 hi\u1ec7n tinh th\u1ea7n h\u1ee3p t\u00e1c v\u1eeba mang l\u1ea1i ni\u1ec1m tin \u0111\u1ebfn cho h\u1ed9i vi\u00ean.<\/span><\/p>\n<h3><b>Th\u00fac \u0111\u1ea9y s\u1ef1 tin t\u01b0\u1edfng<\/b><\/h3>\n<p><span style=\"font-weight: 400;\">Ch\u1eafc ch\u1eafn r\u1eb1ng s\u1ef1 hi\u1ec7n di\u1ec7n c\u1ee7a <\/span><b>\u0111\u1ea1i s\u1ee9 th\u01b0\u01a1ng hi\u1ec7u New88<\/b><span style=\"font-weight: 400;\"> Ronaldinho s\u1ebd t\u1ea1o ra c\u01a1n s\u1ed1t trong ng\u00e0nh c\u00f4ng nghi\u1ec7p online n\u00e0y. Ng\u01b0\u1eddi h\u00e2m m\u1ed9 gi\u1edd \u0111\u00e2y \u0111\u00e3 c\u00f3 th\u1ec3 th\u1ea5y anh quay l\u1ea1i thi \u0111\u1ea5u b\u1eb1ng t\u00e2m huy\u1ebft c\u0169ng nh\u01b0 nh\u1eefng l\u1ee3i \u00edch mang l\u1ea1i cho h\u1ec7 th\u1ed1ng.<\/span><\/p>\n<p><span style=\"font-weight: 400;\">Ngo\u00e0i vi\u1ec7c t\u0103ng tr\u01b0\u1edfng danh s\u1ed1, ch\u01b0\u01a1ng tr\u00ecnh c\u00f2n c\u1ee7ng c\u1ed1 s\u1ef1 tin t\u01b0\u1edfng t\u1eeb ph\u00eda ng\u01b0\u1eddi tham gia. Khi m\u1ed9t huy\u1ec1n tho\u1ea1i \u1ee7ng h\u1ed9 n\u1ec1n t\u1ea3ng, k\u1ec3 c\u1ea3 chuy\u00ean gia h\u00e0ng \u0111\u1ea7u c\u0169ng s\u1ebd ph\u1ea3i an t\u00e2m \u0111\u1eb7t ti\u1ec1n. \u0110i\u1ec1u n\u00e0y m\u1edf ra con \u0111\u01b0\u1eddng ph\u00e1t tri\u1ec3n l\u1edbn gi\u00fap s\u00e2n ch\u01a1i chi\u1ebfm l\u0129nh th\u1ecb tr\u01b0\u1eddng nhanh ch\u00f3ng.<\/span><\/p>\n<figure id=\"attachment_1034\" aria-describedby=\"caption-attachment-1034\" style=\"width: 800px\" class=\"wp-caption aligncenter\"><img title=\"S\u1ef1 ki\u1ec7n ra m\u1eaft Ronaldinho\" loading=\"lazy\" decoding=\"async\" class=\"size-full wp-image-1034\" src=\"http:\/\/nnnew88.com\/wp-content\/uploads\/2025\/12\/su-kien-ra-mat-ronaldinho.webp\" alt=\"S\u1ef1 ki\u1ec7n ra m\u1eaft Ronaldinho\" width=\"800\" height=\"400\"><figcaption id=\"caption-attachment-1034\" class=\"wp-caption-text\">S\u1ef1 ki\u1ec7n ra m\u1eaft Ronaldinho<\/figcaption><\/figure>\n<h2><b>\u0110\u1ea1i s\u1ee9 th\u01b0\u01a1ng hi\u1ec7u New88 Ronaldinho n\u00e2ng t\u1ea7m gi\u00e1 tr\u1ecb<\/b><\/h2>\n<p><span style=\"font-weight: 400;\">H\u00ecnh \u1ea3nh c\u1ee7a ch\u00e0ng c\u1ea7u th\u1ee7 kh\u00f4ng ch\u1ec9 d\u1eebng l\u1ea1i \u1edf m\u1ed9t vai tr\u00f2 <\/span><b>\u0111\u1ea1i s\u1ee9 th\u01b0\u01a1ng hi\u1ec7u New88<\/b><span style=\"font-weight: 400;\"> th\u00f4ng th\u01b0\u1eddng. Anh s\u1ebd c\u00f2n xu\u1ea5t hi\u1ec7n trong qu\u00e1 tr\u00ecnh kh\u1eb3ng \u0111\u1ecbnh v\u1ecb th\u1ebf c\u1ee7a nh\u00e0 c\u00e1i v\u1edbi ng\u01b0\u1eddi h\u00e2m m\u1ed9. Nh\u1edd danh ti\u1ebfng \u0111\u00f3, h\u1ec7 th\u1ed1ng ti\u1ebfp c\u1eadn to\u00e0n b\u1ed9 m\u1ecdi lo\u1ea1i \u0111\u1ed1i t\u01b0\u1ee3ng kh\u00e1ch h\u00e0ng h\u01a1n.<\/span><\/p>\n<p><span style=\"font-weight: 400;\">L\u00e0 m\u1ed9t th\u01b0\u01a1ng hi\u1ec7u ri\u00eang, thu h\u00fat \u0111\u00f4ng \u0111\u1ea3o tay ch\u01a1i c\u00e1 c\u01b0\u1ee3c th\u1ec3 thao tr\u00ean to\u00e0n th\u1ebf gi\u1edbi. Ronaldinho \u0111\u01b0\u1ee3c v\u00ed nh\u01b0 c\u01a1 h\u1ed9i v\u00e0ng c\u1ee7a t\u1ed5 ch\u1ee9c trong vi\u1ec7c qu\u1ea3ng b\u00e1 s\u1ea3n ph\u1ea9m, marketing c\u1ee7a m\u00ecnh. Anh thu h\u00fat s\u1ef1 quan t\u00e2m t\u1eeb c\u00e1nh truy\u1ec1n th\u1ed1ng, t\u0103ng c\u01b0\u1eddng \u0111\u1ed9 nh\u1eadn di\u1ec7n th\u01b0\u01a1ng hi\u1ec7u.<\/span><\/p>\n<p><span style=\"font-weight: 400;\">T\u01b0\u01a1ng t\u1ef1 gi\u00e1 tr\u1ecb m\u00e0 anh mang l\u1ea1i cho \u0111\u1ed9i b\u00f3ng, \u0111\u1ebfn v\u1edbi t\u1ed5 ch\u1ee9c anh c\u0169ng \u0111\u00e3 chia s\u1ebb m\u1ee5c ti\u00eau h\u01b0\u1edbng t\u1edbi l\u00e0 s\u1ef1 chuy\u00ean nghi\u1ec7p, c\u00f4ng b\u1eb1ng, an to\u00e0n. H\u00ecnh m\u1eabu l\u00fd t\u01b0\u1edfng \u0111\u00f3 \u0111\u00e3 lay \u0111\u1ed9ng h\u00e0ng tri\u1ec7u con tim th\u00f4ng qua c\u00e1ch s\u1ed1ng v\u00e0 l\u00e0m vi\u1ec7c c\u1ee7a huy\u1ec1n tho\u1ea1i.<\/span><\/p>\n<figure id=\"attachment_1036\" aria-describedby=\"caption-attachment-1036\" style=\"width: 800px\" class=\"wp-caption aligncenter\"><img title=\"\u0110\u1ea1i s\u1ee9 th\u01b0\u01a1ng hi\u1ec7u New88 n\u00e2ng t\u1ea7m v\u1ecb th\u1ebf\" loading=\"lazy\" decoding=\"async\" class=\"size-full wp-image-1036\" src=\"http:\/\/nnnew88.com\/wp-content\/uploads\/2025\/12\/dai-su-thuong-hieu-new88-nang-tam-vi-the.webp\" alt=\"\u0110\u1ea1i s\u1ee9 th\u01b0\u01a1ng hi\u1ec7u New88 n\u00e2ng t\u1ea7m v\u1ecb th\u1ebf\" width=\"800\" height=\"400\"><figcaption id=\"caption-attachment-1036\" class=\"wp-caption-text\">\u0110\u1ea1i s\u1ee9 th\u01b0\u01a1ng hi\u1ec7u New88 n\u00e2ng t\u1ea7m v\u1ecb th\u1ebf<\/figcaption><\/figure>\n<h2><b>L\u1eddi k\u1ebft<\/b><\/h2>\n<p><span style=\"font-weight: 400;\">B\u00e0i vi\u1ebft tr\u00ean \u0111\u00e2y, \u0111\u01a1n v\u1ecb \u0111\u00e3 chia s\u1ebb \u0111\u1ea7y \u0111\u1ee7 th\u00f4ng tin v\u1ec1 <\/span><b>\u0111\u1ea1i s\u1ee9 th\u01b0\u01a1ng hi\u1ec7u New88<\/b><span style=\"font-weight: 400;\"> Ronaldinho. M\u1ed9t anh ch\u00e0ng c\u1ea7u th\u1ee7 b\u00f3ng \u0111\u00e1 huy\u1ec1n tho\u1ea1i \u0111\u00e3 \u0111\u00f3ng g\u00f3p r\u1ea5t nhi\u1ec1u trong qu\u00e1 tr\u00ecnh x\u00e2y d\u1ef1ng \u0111\u1ed9i b\u00f3ng c\u0169ng nh\u01b0 nh\u00e0 c\u00e1i ch\u00fang t\u00f4i. Hy v\u1ecdng r\u1eb1ng, b\u1ea1n \u0111\u1ecdc \u0111\u00e3 hi\u1ec3u h\u01a1n v\u1ec1 l\u1ee3i \u00edch m\u00e0 anh mang l\u1ea1i, h\u00e3y nhanh tay \u0111\u0103ng k\u00fd \u0111\u1ec3 \u0111\u1ed3ng h\u00e0nh c\u00f9ng th\u1ea7n t\u01b0\u1ee3ng c\u1ee7a m\u00ecnh nh\u00e9!<\/span><\/p>\n","protected":false},"excerpt":{"rendered":"<p>\u0110\u1ea1i s\u1ee9 th\u01b0\u01a1ng hi\u1ec7u New88 Ronaldinho l\u00e0 m\u1ed9t c\u1ea7u th\u1ee7 b\u00f3ng \u0111\u00e1 n\u1ed5i ti\u1ebfng v\u00e0 \u0111\u01b0\u1ee3c xem nh\u01b0 huy\u1ec1n tho\u1ea1i trong l\u00e0ng t\u00fac c\u1ea7u. \u00d4ng \u0111\u00e3 ch\u00ednh th\u1ee9c g\u00f3p m\u1eb7t v\u00e0o nh\u00e0 c\u00e1i, \u0111\u1ed3ng h\u00e0nh ho\u1ea1t \u0111\u1ed9ng qu\u1ea3ng b\u00e1 th\u01b0\u01a1ng hi\u1ec7u trong th\u1eddi gian v\u1eeba qua. Nh\u1edd s\u1ef1 xu\u1ea5t hi\u1ec7n \u0111\u00f3, s\u00e2n ch\u01a1i ch\u00fang t\u00f4i&#8230; Xem th\u00eam<\/p>\n","protected":false},"author":1,"featured_media":821,"parent":0,"menu_order":0,"comment_status":"closed","ping_status":"closed","template":"","meta":{"footnotes":""},"class_list":["post-817","page","type-page","status-publish","has-post-thumbnail","hentry"],"_links":{"self":[{"href":"https:\/\/nnnew88.com\/index.php\/wp-json\/wp\/v2\/pages\/817","targetHints":{"allow":["GET"]}}],"collection":[{"href":"https:\/\/nnnew88.com\/index.php\/wp-json\/wp\/v2\/pages"}],"about":[{"href":"https:\/\/nnnew88.com\/index.php\/wp-json\/wp\/v2\/types\/page"}],"author":[{"embeddable":true,"href":"https:\/\/nnnew88.com\/index.php\/wp-json\/wp\/v2\/users\/1"}],"replies":[{"embeddable":true,"href":"https:\/\/nnnew88.com\/index.php\/wp-json\/wp\/v2\/comments?post=817"}],"version-history":[{"count":0,"href":"https:\/\/nnnew88.com\/index.php\/wp-json\/wp\/v2\/pages\/817\/revisions"}],"wp:featuredmedia":[{"embeddable":true,"href":"https:\/\/nnnew88.com\/index.php\/wp-json\/wp\/v2\/media\/821"}],"wp:attachment":[{"href":"https:\/\/nnnew88.com\/index.php\/wp-json\/wp\/v2\/media?parent=817"}],"curies":[{"name":"wp","href":"https:\/\/api.w.org\/{rel}","templated":true}]}}