{"id":819,"date":"2025-12-26T09:17:46","date_gmt":"2025-12-26T09:17:46","guid":{"rendered":"https:\/\/nnnew88.com\/index.php\/ceo-new88\/"},"modified":"2025-12-26T09:17:46","modified_gmt":"2025-12-26T09:17:46","slug":"ceo-new88","status":"publish","type":"page","link":"https:\/\/nnnew88.com\/index.php\/ceo-new88\/","title":{"rendered":"CEO NEW88 &#8211; Nh\u00e0 S\u00e1ng L\u1eadp N\u1ec1n T\u1ea3ng C\u00e1 C\u01b0\u1ee3c \u0110\u1ec9nh Cao 2025"},"content":{"rendered":"<p><a href=\"https:\/\/nnnew88.com\/ceo-new88\/\"><b>CEO NEW88<\/b><\/a><span style=\"font-weight: 400;\"> \u0111\u00e3 th\u00e0nh c\u00f4ng trong vi\u1ec7c x\u00e2y d\u1ef1ng nh\u00e0 c\u00e1i c\u00e1 c\u01b0\u1ee3c ch\u1ea5t l\u01b0\u1ee3ng h\u00e0ng \u0111\u1ea7u ch\u00e2u \u00c1. V\u1edbi kh\u1ea3 n\u0103ng l\u00e3nh \u0111\u1ea1o c\u1ef1c t\u1ed1t c\u00f9ng t\u1ea7m nh\u00ecn xu\u1ea5t s\u1eafc n\u00ean anh \u0111\u00e3 th\u00e0nh c\u00f4ng trong vi\u1ec7c \u0111\u01b0a s\u00e2n ch\u01a1i l\u00ean t\u1ea7m cao m\u1edbi. H\u00e3y c\u00f9ng ch\u00fang t\u00f4i c\u1eadp nh\u1eadt trong n\u1ed9i dung sau \u0111\u1ec3 hi\u1ec3u r\u00f5 h\u01a1n v\u1ec1 anh<\/span><\/p>\n<h2><b>Ti\u1ec3u s\u1eed CEO NEW88 Ng\u00f4 Quang L\u00e2m<\/b><\/h2>\n<p><span style=\"font-weight: 400;\">Ng\u00f4 Quang L\u00e2m l\u00e0 nh\u00e0 s\u00e1ng l\u1eadp NEW88 sinh ng\u00e0y 18\/9\/1991. Anh sinh ra v\u00e0 l\u1edbn l\u00ean t\u1ea1i th\u1ee7 \u0111\u00f4 H\u00e0 N\u1ed9i trong m\u1ed9t gia \u0111\u00ecnh ngh\u00e8o kh\u00f3 nh\u01b0ng v\u1eabn kh\u00f4ng ng\u1eebng n\u1ed7 l\u1ef1c \u0111\u1ec3 v\u01b0\u01a1n l\u00ean v\u00e0 \u0111\u1ea1t \u0111\u01b0\u1ee3c nh\u1eefng th\u00e0nh t\u00edch h\u1ecdc t\u1eadp t\u1ed1t ngay t\u1eeb khi c\u00f2n ng\u1ed3i tr\u00ean gh\u1ebf nh\u00e0 tr\u01b0\u1eddng.<\/span><\/p>\n<p><b>CEO NEW88<\/b><span style=\"font-weight: 400;\"> c\u00f2n t\u1ed1t nghi\u1ec7p tr\u01b0\u1eddng \u0111\u1ea1i h\u1ecdc B\u00e1ch Khoa v\u1edbi b\u1eb1ng xu\u1ea5t s\u1eafc v\u00e0 chuy\u00ean ng\u00e0nh l\u00e0 c\u00f4ng ngh\u1ec7 th\u00f4ng tin. Trong su\u1ed1t qu\u00e1 tr\u00ecnh h\u1ecdc t\u1eadp anh \u0111\u00e3 nghi\u00ean c\u1ee9u r\u1ea5t k\u1ef9 v\u00e0 c\u00f3 ni\u1ec1m \u0111am m\u00ea m\u00e3nh li\u1ec7t v\u1edbi l\u0129nh v\u1ef1c c\u00e1 c\u01b0\u1ee3c tr\u1ef1c tuy\u1ebfn.<\/span><\/p>\n<p><span style=\"font-weight: 400;\">Ch\u00ednh v\u00ec v\u1eady m\u00e0 sau khi ra tr\u01b0\u1eddng anh kh\u00f4ng l\u1ef1a ch\u1ecdn v\u00e0o c\u00f4ng ty l\u00e0m vi\u1ec7c m\u00e0 quy\u1ebft \u0111\u1ecbnh x\u00e2y d\u1ef1ng ri\u00eang cho m\u00ecnh m\u1ed9t th\u01b0\u01a1ng hi\u1ec7u. \u0110\u00e2y c\u0169ng ch\u00ednh l\u00e0 s\u1ef1 \u0111\u00e1nh d\u1ea5u l\u1edbn trong s\u1ef1 nghi\u1ec7p c\u1ee7a anh.<\/span><\/p>\n<figure id=\"attachment_1140\" aria-describedby=\"caption-attachment-1140\" style=\"width: 800px\" class=\"wp-caption aligncenter\"><img title=\"V\u00e0i n\u00e9t v\u1ec1 ti\u1ec3u s\u1eed CEO NEW88 Quang L\u00e2m\" loading=\"lazy\" decoding=\"async\" class=\"size-full wp-image-1140\" src=\"http:\/\/nnnew88.com\/wp-content\/uploads\/2025\/12\/tieu-su-ceo-new88.webp\" alt=\"V\u00e0i n\u00e9t v\u1ec1 ti\u1ec3u s\u1eed CEO NEW88 Quang L\u00e2m\" width=\"800\" height=\"400\"><figcaption id=\"caption-attachment-1140\" class=\"wp-caption-text\">V\u00e0i n\u00e9t v\u1ec1 ti\u1ec3u s\u1eed CEO NEW88 Quang L\u00e2m<\/figcaption><\/figure>\n<h2><b>H\u00e0nh tr\u00ecnh g\u00e2y d\u1ef1ng c\u1ee7a CEO NEW88<\/b><\/h2>\n<p><span style=\"font-weight: 400;\">V\u1edbi kh\u1ed1i ki\u1ebfn th\u1ee9c v\u1eefng v\u00e0ng c\u00f9ng s\u1ef1 ki\u00ean tr\u00ec v\u00e0 ni\u1ec1m \u0111am m\u00ea m\u00e3nh li\u1ec7t n\u00ean anh \u0111\u00e3 kh\u00f4ng ng\u1eebng c\u1ed1 g\u1eafng \u0111\u1ec3 nghi\u00ean c\u1ee9u v\u00e0 ph\u00e2n t\u00edch th\u1ecb tr\u01b0\u1eddng c\u00e1 c\u01b0\u1ee3c hi\u1ec7n nay. \u0110\u1ec3 hi\u1ec3u r\u00f5 h\u01a1n v\u1ec1 v\u1ecb l\u00e3nh \u0111\u1ea1o t\u00e0i n\u0103ng tr\u1ebb n\u00e0y th\u00ec ph\u1ea3i c\u00f9ng kh\u00e1m ph\u00e1 qua nh\u1eefng \u0111i\u1ec3m n\u1ed5i b\u1eadt sau \u0111\u00e2y.<\/span><\/p>\n<h3><b>B\u01b0\u1edbc \u0111\u1ea7u s\u00e1ng t\u1ea1o<\/b><\/h3>\n<p><span style=\"font-weight: 400;\">Ng\u00f4 Quang L\u00e2m hi\u1ec3u r\u1eb1ng vi\u1ec7c kinh doanh trong l\u0129nh v\u1ef1c c\u00e1 c\u01b0\u1ee3c \u0111\u00f2i h\u1ecfi s\u1ef1 \u0111\u1ed5i m\u1edbi kh\u00f4ng ng\u1eebng v\u00e0 t\u1eadp trung v\u00e0o tr\u1ea3i nghi\u1ec7m cho ng\u01b0\u1eddi d\u00f9ng. Do \u0111\u00f3 v\u1edbi t\u1ea7m nh\u00ecn \u0111\u1ed9c \u0111\u00e1o n\u00ean anh \u0111\u00e3 \u0111\u1ec1 xu\u1ea5t k\u1ebf ho\u1ea1ch cung c\u1ea5p c\u00e1c t\u1ef1a game gi\u1ea3i tr\u00ed ch\u1ea5t l\u01b0\u1ee3ng v\u00e0 chuy\u00ean nghi\u1ec7p nh\u1ea5t.<\/span><\/p>\n<p><span style=\"font-weight: 400;\">M\u1eb7c d\u00f9 trong th\u1eddi gian \u0111\u1ea7u ti\u00ean g\u1eb7p ph\u1ea3i kh\u00f4ng \u00edt kh\u00f3 kh\u0103n v\u1ec1 v\u1ea5n \u0111\u1ec1 t\u00e0i ch\u00ednh c\u0169ng nh\u01b0 nh\u1eefng nguy c\u01a1 t\u00ecm \u1ea9n v\u1ec1 an ninh m\u1ea1ng. Tuy nhi\u00ean v\u1edbi ni\u1ec1m \u0111am m\u00ea m\u00e3nh li\u1ec7t v\u00e0 kh\u1ea3 n\u0103ng l\u00e3nh \u0111\u1ea1o t\u00e0i t\u00ecnh c\u1ee7a m\u00ecnh n\u00ean s\u00e2n ch\u01a1i \u0111\u00e3 nhanh ch\u00f3ng v\u01b0\u1ee3t qua giai \u0111o\u1ea1n n\u00e0y v\u00e0 ng\u00e0y c\u00e0ng ph\u00e1t tri\u1ec3n h\u01a1n.<\/span><\/p>\n<h3><b>\u0110\u01b0a NEW88 l\u00ean t\u1ea7m cao m\u1edbi<\/b><\/h3>\n<p><span style=\"font-weight: 400;\">D\u01b0\u1edbi s\u1ef1 d\u1eabn d\u1eaft c\u1ee7a <\/span><b>CEO NEW88<\/b><span style=\"font-weight: 400;\"> n\u00ean s\u00e2n ch\u01a1i \u0111\u00e3 ch\u00ednh th\u1ee9c tr\u1edf th\u00e0nh m\u1ed9t trong nh\u1eefng \u0111\u1ecba \u0111i\u1ec3m l\u00fd t\u01b0\u1edfng \u0111\u01b0\u1ee3c nhi\u1ec1u ng\u01b0\u1eddi s\u0103n \u0111\u00f3n nh\u1ea5t hi\u1ec7n nay. Quang L\u00e2m kh\u00f4ng ng\u1eebng t\u1eadp trung v\u00e0o vi\u1ec7c x\u00e2y d\u1ef1ng d\u1ecbch v\u1ee5 ch\u1ea5t l\u01b0\u1ee3ng c\u00f9ng nh\u1eefng t\u00ednh n\u0103ng h\u1eefu \u00edch nh\u1ea5t \u0111\u1ebfn kh\u00e1ch h\u00e0ng. T\u00ednh \u0111\u1ebfn th\u1eddi \u0111i\u1ec3m hi\u1ec7n t\u1ea1i \u0111\u01a1n v\u1ecb \u0111\u00e3 s\u1edf h\u1eefu s\u1ed1 l\u01b0\u1ee3ng th\u00e0nh vi\u00ean kh\u1ee7ng l\u00ean t\u1edbi 10 tri\u1ec7u ng\u01b0\u1eddi.<\/span><\/p>\n<figure id=\"attachment_1138\" aria-describedby=\"caption-attachment-1138\" style=\"width: 800px\" class=\"wp-caption aligncenter\"><img title=\"H\u00e0nh tr\u00ecnh v\u01b0\u01a1n l\u00ean th\u00e0nh c\u00f4ng c\u1ee7a t\u00e1c gi\u1ea3 NEW88\" loading=\"lazy\" decoding=\"async\" class=\"size-full wp-image-1138\" src=\"http:\/\/nnnew88.com\/wp-content\/uploads\/2025\/12\/hanh-trinh-thanh-cong-cua-ceo-new88.webp\" alt=\"H\u00e0nh tr\u00ecnh v\u01b0\u01a1n l\u00ean th\u00e0nh c\u00f4ng c\u1ee7a t\u00e1c gi\u1ea3 NEW88\" width=\"800\" height=\"400\"><figcaption id=\"caption-attachment-1138\" class=\"wp-caption-text\">H\u00e0nh tr\u00ecnh v\u01b0\u01a1n l\u00ean th\u00e0nh c\u00f4ng c\u1ee7a t\u00e1c gi\u1ea3 NEW88<\/figcaption><\/figure>\n<h3><b>Th\u00e0nh t\u00edch n\u1ed5i tr\u1ed9i m\u00e0 CEO NEW88 \u0111\u1ea1t \u0111\u01b0\u1ee3c<\/b><\/h3>\n<p><span style=\"font-weight: 400;\">M\u1eb7c d\u00f9 ph\u1ea3i l\u00e3nh \u0111\u1ea1o m\u1ed9t th\u01b0\u01a1ng hi\u1ec7u c\u00e1 c\u01b0\u1ee3c khi c\u00f2n kh\u00e1 tr\u1ebb nh\u01b0ng anh \u0111\u00e3 nhanh ch\u00f3ng kh\u1eb3ng \u0111\u1ecbnh \u0111\u01b0\u1ee3c v\u1ecb th\u1ebf c\u1ee7a m\u00ecnh khi \u0111\u1ea1t \u0111\u01b0\u1ee3c c\u00e1c th\u00e0nh t\u1ef1u n\u1ed5i b\u1eadt sau \u0111\u00e2y.<\/span><\/p>\n<ul>\n<li style=\"font-weight: 400;\" aria-level=\"1\"><span style=\"font-weight: 400;\">Quang L\u00e2m ch\u00ednh th\u1ee9c x\u00e2y d\u1ef1ng h\u1ec7 th\u1ed1ng gi\u1ea3i tr\u00ed \u0111a d\u1ea1ng v\u1edbi c\u00e1c lo\u1ea1i s\u1ea3nh game kh\u00e1c nhau t\u1eeb nh\u1eefng nh\u00e0 ph\u00e1t h\u00e0nh n\u1ed5i ti\u1ebfng tr\u00ean to\u00e0n c\u1ea7u.<\/span><\/li>\n<li style=\"font-weight: 400;\" aria-level=\"1\"><b>CEO NEW88<\/b><span style=\"font-weight: 400;\"> \u0111\u1ea7u t\u01b0 r\u1ea5t l\u1edbn v\u00e0o h\u1ec7 th\u1ed1ng c\u00f4ng ngh\u1ec7 \u0111\u1ec3 nh\u00e0 c\u00e1i s\u1eed h\u1eefu nh\u1eefng t\u00ednh n\u0103ng v\u00e0 d\u1ecbch v\u1ee5 ch\u1ea5t l\u01b0\u1ee3ng hi\u1ec7n \u0111\u1ea1i h\u00e0ng \u0111\u1ea7u.<\/span><\/li>\n<li style=\"font-weight: 400;\" aria-level=\"1\"><span style=\"font-weight: 400;\">Ch\u1ec9 trong kho\u1ea3ng th\u1eddi gian ng\u1eafn ng\u1ee7i x\u00e2y d\u1ef1ng m\u00e0 anh \u0111\u00e3 t\u1ea1o ra c\u1ed9ng \u0111\u1ed3ng gi\u1ea3i tr\u00ed \u0111\u1ed5i th\u01b0\u1edfng l\u1edbn m\u1ea1nh.<\/span><\/li>\n<li style=\"font-weight: 400;\" aria-level=\"1\"><span style=\"font-weight: 400;\">Hi\u1ec7n \u0111\u1ea1i nh\u00e0 l\u00e3nh \u0111\u1ea1o tr\u1ebb tu\u1ed5i n\u00e0y c\u00f2n gi\u00fap n\u1ec1n t\u1ea3ng nh\u1eadn \u0111\u01b0\u1ee3c nhi\u1ec1u gi\u1ea3i th\u01b0\u1edfng qu\u00fd gi\u00e1 nh\u01b0: Th\u01b0\u01a1ng hi\u1ec7u \u0111\u1ec9nh cao top 1 Ch\u00e2u \u00c1, \u0111i\u1ec3m \u0111\u1ebfn \u0111\u01b0\u1ee3c nhi\u1ec1u ng\u01b0\u1eddi y\u00eau th\u00edch nh\u1ea5t 2025,\u2026<\/span><\/li>\n<\/ul>\n<h2><b>\u0110\u1ecbnh h\u01b0\u1edbng t\u01b0\u01a1ng lai c\u1ee7a CEO NEW88<\/b><\/h2>\n<p><span style=\"font-weight: 400;\">Trong th\u1eddi gian t\u1edbi nh\u00e0 s\u00e1ng l\u1eadp tr\u1ebb tu\u1ed5i n\u00e0y h\u1ee9a h\u1eb9n s\u1ebd c\u00f3 s\u1ef1 ph\u00e1t tri\u1ec3n b\u00f9ng n\u1ed5 h\u01a1n n\u1eefa. Trong \u0111\u00f3 s\u1ebd t\u1eadp trung th\u1ef1c hi\u1ec7n nh\u1eefng s\u1ee9 m\u1ec7nh quan tr\u1ecdng sau \u0111\u00e2y.<\/span><\/p>\n<h3><b>\u1ee8ng d\u1ee5ng c\u00f4ng ngh\u1ec7 hi\u1ec7n \u0111\u1ea1i<\/b><\/h3>\n<p><span style=\"font-weight: 400;\">L\u00e0 m\u1ed9t ng\u01b0\u1eddi am hi\u1ec3u s\u00e2u s\u1eafc v\u1ec1 c\u00f4ng ngh\u1ec7 v\u00e0 c\u00f3 ni\u1ec1m \u0111am m\u00ea m\u00e3nh li\u1ec7t trong vi\u1ec7c t\u00ecm hi\u1ec3u l\u0129nh v\u1ef1c c\u00e1 c\u01b0\u1ee3c tr\u1ef1c tuy\u1ebfn n\u00ean anh quy\u1ebft \u0111\u1ecbnh s\u1ebd t\u00edch h\u1ee3p th\u00eam c\u00f4ng ngh\u1ec7 hi\u1ec7n \u0111\u1ea1i \u0111\u1ec3 v\u1eadn h\u00e0nh n\u1ec1n t\u1ea3ng.<\/span><\/p>\n<p><span style=\"font-weight: 400;\">Trong \u0111\u00f3 v\u1edbi nh\u1eefng thu\u1eadt to\u00e1n th\u00f4ng minh v\u00e0 tr\u00ed tu\u1ec7 nh\u00e2n t\u1ea1o s\u1ebd \u0111\u01b0\u1ee3c \u1ee9ng d\u1ee5ng nh\u1eb1m b\u1ea3o m\u1eadt th\u00f4ng tin ph\u00e2n t\u00edch xu h\u01b0\u1edbng gi\u1ea3i tr\u00ed th\u1ecb tr\u01b0\u1eddng. T\u1eeb \u0111\u00f3 mang \u0111\u1ebfn tr\u1ea3i nghi\u1ec7m tuy\u1ec7t v\u1eddi v\u00e0 \u0111\u1ec9nh cao nh\u1ea5t cho kh\u00e1ch h\u00e0ng.<\/span><\/p>\n<h3><b>\u0110a d\u1ea1ng h\u00f3a d\u1ecbch v\u1ee5 t\u1ea1i NEW88<\/b><\/h3>\n<p><span style=\"font-weight: 400;\">Hi\u1ec7n t\u1ea1i Quang L\u00e2m \u0111\u00e3 li\u00ean k\u1ebft h\u1ee3p t\u00e1c v\u1edbi r\u1ea5t nhi\u1ec1u nh\u00e0 cung c\u1ea5p l\u1edbn to\u00e0n c\u1ea7u. Tuy nhi\u00ean trong t\u01b0\u01a1ng lai anh mong mu\u1ed1n s\u1ebd c\u00f3 th\u00eam nhi\u1ec1u s\u1ea3nh c\u01b0\u1ee3c ch\u1ea5t l\u01b0\u1ee3ng v\u00e0 th\u00fa v\u1ecb h\u01a1n \u0111\u1ec3 gi\u00fap th\u00e0nh vi\u00ean kh\u00f4ng c\u00f3 c\u1ea3m gi\u00e1c b\u1ecb nh\u00e0m ch\u00e1n. Ch\u00ednh v\u00ec th\u1ebf m\u00e0 <\/span><b>CEO NEW88 <\/b><span style=\"font-weight: 400;\">mong mu\u1ed1n h\u1ee3p t\u00e1c v\u1edbi nhi\u1ec1u \u201c\u00f4ng l\u1edbn\u201d h\u01a1n n\u1eefa.<\/span><\/p>\n<figure id=\"attachment_1139\" aria-describedby=\"caption-attachment-1139\" style=\"width: 800px\" class=\"wp-caption aligncenter\"><img title=\"S\u1ee9 m\u1ec7nh trong t\u01b0\u01a1ng lai c\u1ee7a nh\u00e0 s\u00e1ng l\u1eadp Quang L\u00e2m\" loading=\"lazy\" decoding=\"async\" class=\"size-full wp-image-1139\" src=\"http:\/\/nnnew88.com\/wp-content\/uploads\/2025\/12\/su-menh-ceo-new88.webp\" alt=\"S\u1ee9 m\u1ec7nh trong t\u01b0\u01a1ng lai c\u1ee7a nh\u00e0 s\u00e1ng l\u1eadp Quang L\u00e2m\" width=\"800\" height=\"400\"><figcaption id=\"caption-attachment-1139\" class=\"wp-caption-text\">S\u1ee9 m\u1ec7nh trong t\u01b0\u01a1ng lai c\u1ee7a nh\u00e0 s\u00e1ng l\u1eadp Quang L\u00e2m<\/figcaption><\/figure>\n<h3><b>\u0110\u00e0o t\u1ea1o nh\u00e2n s\u1ef1<\/b><\/h3>\n<p><span style=\"font-weight: 400;\">Th\u01b0\u01a1ng hi\u1ec7u \u0111\u01b0\u1ee3c \u0111\u00e1nh gi\u00e1 cao v\u1ec1 s\u1ef1 h\u1ed7 tr\u1ee3 chuy\u00ean nghi\u1ec7p t\u1eeb \u0111\u1ed9i ng\u0169 nh\u00e2n vi\u00ean ch\u0103m s\u00f3c kh\u00e1ch h\u00e0ng. Tuy nhi\u00ean anh cho bi\u1ebft r\u1eb1ng \u0111\u1ed9i ng\u0169 m\u1edbi s\u1ebd \u0111\u01b0\u1ee3c \u0111\u00e0o t\u1ea1o r\u1ea5t k\u1ef9 c\u00e0ng v\u00e0 chuy\u00ean nghi\u1ec7p \u0111\u1ec3 x\u00e2y d\u1ef1ng c\u1ed9ng \u0111\u1ed3ng ph\u00e1t tri\u1ec3n b\u1ec1n v\u1eefng h\u01a1n n\u1eefa.<\/span><\/p>\n<h2><b>L\u1eddi k\u1ebft\u00a0<\/b><\/h2>\n<p><b>CEO NEW88 <\/b><span style=\"font-weight: 400;\">\u0111\u00e3 kh\u1eb3ng \u0111\u1ecbnh \u0111\u01b0\u1ee3c t\u00e0i n\u0103ng l\u00e3nh \u0111\u1ea1o v\u00e0 kh\u1ea3 n\u0103ng \u0111\u01b0a ra chi\u1ebfn l\u01b0\u1ee3c ph\u00e1t tri\u1ec3n v\u00f4 c\u00f9ng hi\u1ec7u qu\u1ea3. Qua \u0111\u00f3 c\u00f3 th\u1ec3 th\u1ea5y r\u1eb1ng <a href=\"https:\/\/nnnew88.com\/\"><strong>NEW88<\/strong><\/a> l\u00e0 m\u1ed9t n\u1ec1n t\u1ea3ng c\u00e1 c\u01b0\u1ee3c \u0111\u00e1ng tin c\u1eady h\u00e0ng \u0111\u1ea7u m\u00e0 b\u1ea1n kh\u00f4ng n\u00ean b\u1ecf qua.<\/span><\/p>\n","protected":false},"excerpt":{"rendered":"<p>CEO NEW88 \u0111\u00e3 th\u00e0nh c\u00f4ng trong vi\u1ec7c x\u00e2y d\u1ef1ng nh\u00e0 c\u00e1i c\u00e1 c\u01b0\u1ee3c ch\u1ea5t l\u01b0\u1ee3ng h\u00e0ng \u0111\u1ea7u ch\u00e2u \u00c1. V\u1edbi kh\u1ea3 n\u0103ng l\u00e3nh \u0111\u1ea1o c\u1ef1c t\u1ed1t c\u00f9ng t\u1ea7m nh\u00ecn xu\u1ea5t s\u1eafc n\u00ean anh \u0111\u00e3 th\u00e0nh c\u00f4ng trong vi\u1ec7c \u0111\u01b0a s\u00e2n ch\u01a1i l\u00ean t\u1ea7m cao m\u1edbi. H\u00e3y c\u00f9ng ch\u00fang t\u00f4i c\u1eadp nh\u1eadt trong n\u1ed9i dung sau&#8230; Xem th\u00eam<\/p>\n","protected":false},"author":1,"featured_media":822,"parent":0,"menu_order":0,"comment_status":"closed","ping_status":"closed","template":"","meta":{"footnotes":""},"class_list":["post-819","page","type-page","status-publish","has-post-thumbnail","hentry"],"_links":{"self":[{"href":"https:\/\/nnnew88.com\/index.php\/wp-json\/wp\/v2\/pages\/819","targetHints":{"allow":["GET"]}}],"collection":[{"href":"https:\/\/nnnew88.com\/index.php\/wp-json\/wp\/v2\/pages"}],"about":[{"href":"https:\/\/nnnew88.com\/index.php\/wp-json\/wp\/v2\/types\/page"}],"author":[{"embeddable":true,"href":"https:\/\/nnnew88.com\/index.php\/wp-json\/wp\/v2\/users\/1"}],"replies":[{"embeddable":true,"href":"https:\/\/nnnew88.com\/index.php\/wp-json\/wp\/v2\/comments?post=819"}],"version-history":[{"count":0,"href":"https:\/\/nnnew88.com\/index.php\/wp-json\/wp\/v2\/pages\/819\/revisions"}],"wp:featuredmedia":[{"embeddable":true,"href":"https:\/\/nnnew88.com\/index.php\/wp-json\/wp\/v2\/media\/822"}],"wp:attachment":[{"href":"https:\/\/nnnew88.com\/index.php\/wp-json\/wp\/v2\/media?parent=819"}],"curies":[{"name":"wp","href":"https:\/\/api.w.org\/{rel}","templated":true}]}}