{"id":820,"date":"2025-12-26T09:17:46","date_gmt":"2025-12-26T09:17:46","guid":{"rendered":"https:\/\/nnnew88.com\/index.php\/chinh-sach-bao-mat\/"},"modified":"2025-12-26T09:17:46","modified_gmt":"2025-12-26T09:17:46","slug":"chinh-sach-bao-mat","status":"publish","type":"page","link":"https:\/\/nnnew88.com\/index.php\/chinh-sach-bao-mat\/","title":{"rendered":"Ch\u00ednh s\u00e1ch b\u1ea3o m\u1eadt"},"content":{"rendered":"<p><a href=\"https:\/\/nnnew88.com\/chinh-sach-bao-mat\/\"><b>Ch\u00ednh s\u00e1ch b\u1ea3o m\u1eadt<\/b><\/a> l\u00e0 y\u1ebfu t\u1ed1 t\u1ea5t y\u1ebfu trong vi\u1ec7c c\u1ee7ng c\u1ed1, x\u00e2y d\u1ef1ng ni\u1ec1m tin \u0111\u1ed1i v\u1edbi kh\u00e1ch h\u00e0ng. Nh\u1eefng quy \u0111\u1ecbnh \u0111\u1eb7t ch\u1ebd, nh\u00e0 c\u00e1i \u0111\u1ea3m b\u1ea3o th\u00f4ng tin c\u00e1 nh\u00e2n hay giao d\u1ecbch t\u00e0i kho\u1ea3n \u0111\u01b0\u1ee3c b\u1ea3o v\u1ec7 m\u1ed9t c\u00e1ch t\u1ed1t nh\u1ea5t. T\u00e2n binh m\u1edbi c\u1ea7n ph\u1ea3i n\u1eafm r\u00f5 nh\u1eefng n\u1ed9i dung \u0111\u01b0\u1ee3c l\u00e0m m\u1edbi trong ch\u00ednh s\u00e1ch \u0111\u1ec3 n\u00e2ng cao quy\u1ec1n l\u1ee3i c\u1ee7a b\u1ea3n th\u00e2n nh\u00e9.<\/p>\n<h2><b>Ch\u00ednh s\u00e1ch b\u1ea3o m\u1eadt New88 si\u00eau th\u00fa v\u1ecb<\/b><\/h2>\n<p>H\u1ec7 th\u1ed1ng ch\u1ec9 thu th\u1eadp m\u1ed9t s\u1ed1 d\u1eef li\u1ec7u thi\u1ebft y\u1ebfu \u0111\u1ec3 v\u1eadn h\u00e0nh, gia t\u0103ng tr\u1ea3i nghi\u1ec7m cho ng\u01b0\u1eddi d\u00f9ng. Quy tr\u00ecnh n\u00e0y \u0111\u01b0\u1ee3c th\u1ef1c hi\u1ec7n c\u00f4ng khai, \u0111\u1ea3m b\u1ea3o h\u1ed9i vi\u00ean nh\u1eadn \u0111\u1ecbnh r\u00f5 th\u00f4ng tin c\u1ee7a h\u1ecd \u0111ang \u0111\u01b0\u1ee3c s\u1eed d\u1ee5ng v\u00e0o m\u1ee5c \u0111\u00edch n\u00e0o.<\/p>\n<h3><b>Quy\u1ec1n s\u1eeda \u0111\u1ed5i th\u00f4ng tin<\/b><\/h3>\n<p>Ng\u01b0\u1eddi ch\u01a1i tho\u1ea3i m\u00e1i l\u00e0m m\u1edbi hay thay \u0111\u1ed5i d\u1eef li\u1ec7u c\u00e1 nh\u00e2n b\u1ea5t c\u1ee9 th\u1eddi \u0111i\u1ec3m n\u00e0o. Nh\u1eefng ph\u1ea7n li\u00ean quan \u0111\u1ebfn t\u00e0i kho\u1ea3n b\u1ecb c\u0169 \u0111i s\u1ebd \u0111\u01b0\u1ee3c l\u01b0u tr\u1eef trong kho\u1ea3ng th\u1eddi gian 2 th\u00e1ng nh\u1eb1m gi\u1ea3i quy\u1ebft tranh ch\u1ea5p n\u1ebfu c\u00f3 xu\u1ea5t hi\u1ec7n. Sau th\u1eddi gian \u0111\u00f3, b\u1ed9 ph\u1eadn k\u1ef9 thu\u1eadt xo\u00e1 ho\u00e0n to\u00e0n c\u00e1c d\u1eef li\u1ec7u c\u0169 \u0111\u00f3 ph\u1ee5c v\u1ee5 cho quy\u1ec1n ri\u00eang t\u01b0.<\/p>\n<h3><b>L\u01b0u \u00fd khi cung c\u1ea5p<\/b><\/h3>\n<p>Trong <b>ch\u00ednh s\u00e1ch b\u1ea3o m\u1eadt<\/b>, mu\u1ed1n tr\u00e1nh r\u1ee7i ro kh\u00f4ng \u0111\u00e1ng c\u00f3 th\u00ec b\u1ea1n c\u1ea7n cung c\u1ea5p n\u1ed9i dung \u0111\u1ea7y \u0111\u1ee7, chu\u1ea9n x\u00e1c. Vi\u1ec7c \u00e1p d\u1ee5ng th\u00f4ng tin gi\u1ea3 m\u1ea1o c\u1ee7a ng\u01b0\u1eddi kh\u00e1c kh\u00f4ng nh\u1eefng vi ph\u1ea1m quy \u0111\u1ecbnh ch\u00ednh s\u00e1ch m\u00e0 c\u00f2n g\u00e2y m\u1ea5t quy\u1ec1n l\u1ee3i khi tranh ch\u1ea5p.<\/p>\n<h3><b>Giao d\u1ecbch an to\u00e0n<\/b><\/h3>\n<p>Giao d\u1ecbch t\u00e0i ch\u00ednh lu\u00f4n l\u00e0 ph\u1ea7n quan tr\u1ecdng nh\u1ea5t khi tham gia c\u00e1 c\u01b0\u1ee3c online t\u1ea1i nh\u00e0 c\u00e1i. Ch\u00ednh v\u00ec l\u00fd do \u0111\u00f3, h\u1ec7 th\u1ed1ng \u0111\u00e3 x\u00e2y d\u1ef1ng ra n\u1ec1n t\u1ea3ng c\u00f4ng ngh\u1ec7 b\u1ea3o m\u1eadt t\u1ed1i \u01b0u ho\u00e1 qu\u00e1 tr\u00ecnh giao d\u1ecbch c\u1ee7a ng\u01b0\u1eddi ch\u01a1i. Kh\u1eb3ng \u0111\u1ecbnh m\u1ecdi th\u1ee9 di\u1ec5n ra an to\u00e0n v\u00e0 su\u00f4n s\u1ebb, nh\u00e0 c\u00e1i h\u1ed7 tr\u1ee3 nhi\u1ec1u h\u00ecnh th\u1ee9c thanh kho\u1ea3n nh\u01b0 sau:<\/p>\n<ul>\n<li aria-level=\"1\">Chuy\u1ec3n kho\u1ea3n ng\u00e2n h\u00e0ng<\/li>\n<li aria-level=\"1\">Li\u00ean k\u1ebft v\u00ed \u0111i\u1ec7n t\u1eed<\/li>\n<li aria-level=\"1\">Th\u1ebb c\u00e0o \u0111i\u1ec7n tho\u1ea1i<\/li>\n<\/ul>\n<p>Nh\u1eefng giao th\u1ee9c \u0111\u00f3 \u0111\u1ec1u \u0111\u00e3 \u0111\u01b0\u1ee3c t\u1ed5 ch\u1ee9c gi\u00e1m s\u00e1t ki\u1ec3m duy\u1ec7t qua nhi\u1ec1u l\u1edbp b\u1ea3o m\u1eadt \u0111\u1ec3 x\u00e1c \u0111\u1ecbnh s\u1ef1 minh b\u1ea1ch trong d\u1ecbch v\u1ee5 cung c\u1ea5p.<\/p>\n<h3><b>B\u1ea3o m\u1eadt t\u00e0i kho\u1ea3n<\/b><\/h3>\n<p>New88 t\u1ef1 h\u00e0o cam k\u1ebft kh\u00f4ng bao gi\u1edd ti\u1ebft l\u1ed9 t\u00ean ch\u1ee7 t\u00e0i kho\u1ea3n, s\u1ed1 t\u00e0i kho\u1ea3n hay nh\u1eefng th\u1ee9 li\u00ean quan \u0111\u1ebfn ng\u00e2n h\u00e0ng cho b\u00ean kh\u00e1c m\u00e0 ch\u01b0a c\u00f3 s\u1ef1 ch\u1ea5p thu\u1eadn. H\u1ea7u h\u1ebft d\u1eef li\u1ec7u n\u00e0y ch\u1ee7 y\u1ebfu \u0111\u1ec3 ph\u1ee5c v\u1ee5 cho y\u00eau c\u1ea7u giao d\u1ecbch n\u1ea1p r\u00fat c\u1ee7a ng\u01b0\u1eddi ch\u01a1i.<\/p>\n<h3><b>Ch\u00ednh s\u00e1ch b\u1ea3o m\u1eadt v\u00e0 quy tr\u00ecnh x\u1eed l\u00fd n\u1ea1p r\u00fat<\/b><\/h3>\n<p>Quy tr\u00ecnh x\u1eed l\u00fd ti\u1ec1n cho ng\u01b0\u1eddi d\u00f9ng c\u00f9ng kh\u00f4ng qu\u00e1 ph\u1ee9c t\u1ea1p n\u1ebfu b\u1ea1n r\u01a1i v\u00e0o tr\u01b0\u1eddng h\u1ee3p x\u1ea5u, c\u1ee5 th\u1ec3:<\/p>\n<ul>\n<li aria-level=\"1\">N\u1ea1p ti\u1ec1n: H\u1ed9i vi\u00ean c\u1ea7n \u0111\u1ea3m b\u1ea3o th\u00f4ng tin ng\u00e2n h\u00e0ng, t\u00e0i kho\u1ea3n ph\u1ea3i tr\u00f9ng kh\u1edbp ho\u00e0n to\u00e0n v\u1edbi d\u1eef li\u1ec7u \u0111\u01b0\u1ee3c \u0111\u0103ng k\u00fd. Khi th\u1ef1c hi\u1ec7n giao d\u1ecbch th\u00f4ng qua n\u1ec1n t\u1ea3ng th\u1ee9 ba c\u1ea7n ph\u1ea3i b\u00e1o c\u00e1o v\u1edbi b\u1ed9 ph\u1eadn h\u1ed7 tr\u1ee3.<\/li>\n<li aria-level=\"1\">R\u00fat th\u01b0\u1edfng: T\u1ed1i \u0111a s\u1ed1 l\u1ea7n th\u1ef1c hi\u1ec7n l\u00e0 3\/ng\u00e0y. Tr\u01b0\u1eddng h\u1ee3p v\u01b0\u1ee3t qu\u00e1 gi\u1edbi h\u1ea1n, ph\u00ed giao d\u1ecbch s\u1ebd b\u1eaft \u0111\u1ea7u \u1edf l\u1ea7n ti\u1ebfn h\u00e0nh r\u00fat th\u01b0\u1edfng ti\u1ebfp theo.<\/li>\n<\/ul>\n<figure id=\"attachment_1047\" aria-describedby=\"caption-attachment-1047\" style=\"width: 800px\" class=\"wp-caption aligncenter\"><img title=\"S\u1ef1 c\u1ea7n thi\u1ebft c\u1ee7a ch\u00ednh s\u00e1ch b\u1ea3o m\u1eadt\" loading=\"lazy\" decoding=\"async\" class=\"size-full wp-image-1047\" src=\"http:\/\/nnnew88.com\/wp-content\/uploads\/2025\/12\/su-can-thiet-cua-chinh-sach-bao-mat.webp\" alt=\"S\u1ef1 c\u1ea7n thi\u1ebft c\u1ee7a ch\u00ednh s\u00e1ch b\u1ea3o m\u1eadt\" width=\"800\" height=\"400\"><figcaption id=\"caption-attachment-1047\" class=\"wp-caption-text\">S\u1ef1 c\u1ea7n thi\u1ebft c\u1ee7a ch\u00ednh s\u00e1ch b\u1ea3o m\u1eadt<\/figcaption><\/figure>\n<h2><b>Gi\u1ea3i ph\u00e1p trong ch\u00ednh s\u00e1ch b\u1ea3o m\u1eadt New88<\/b><\/h2>\n<p>\u0110\u1ec3 b\u1ea3o v\u1ec7 th\u00f4ng tin h\u1ed9i vi\u00ean kh\u1ecfi c\u00e1c m\u1ed1i \u0111e d\u1ecda ti\u1ec1m t\u00e0ng, \u0111i\u1ec1u kho\u1ea3n c\u1ee7a ch\u00ednh s\u00e1ch li\u00ean t\u1ee5c \u0111\u01b0\u1ee3c c\u1eadp nh\u1eadt. Ngo\u00e0i ra, \u00e1p d\u1ee5ng th\u00eam c\u00f4ng ngh\u1ec7 ti\u00ean ti\u1ebfn \u0111\u1ec3 b\u1ea3o v\u1ec7 ch\u1eafc ch\u1eafn.<\/p>\n<ul>\n<li aria-level=\"1\">M\u00e3 ho\u00e1 SSL: G\u1ea7n nh\u01b0 to\u00e0n b\u1ed9 d\u1eef li\u1ec7u \u0111\u01b0\u1ee3c truy\u1ec1n t\u1ea3i gi\u1eefa ng\u01b0\u1eddi d\u00f9ng v\u00e0 m\u00e1y ch\u1ee7 t\u1ea1i tr\u1ee5 s\u1edf \u0111\u1ec1u \u0111\u01b0\u1ee3c m\u00e3 ho\u00e1 th\u00f4ng qua c\u00f4ng ngh\u1ec7 n\u00e0y. Ch\u00fang gi\u00fap th\u00f4ng tin \u0111\u01b0\u1ee3c an to\u00e0n tr\u01b0\u1edbc c\u00e1c v\u1ea5n \u0111\u1ec1 t\u1ea5n c\u00f4ng, x\u00e2m nh\u1eadp m\u1ea1ng.<\/li>\n<li aria-level=\"1\">X\u00e1c th\u1ef1c hai y\u1ebfu t\u1ed1. Khi \u0111\u0103ng nh\u1eadp b\u1ea1n c\u1ea7n ph\u1ea3i \u0111i\u1ec1n m\u00e3 OTP m\u00e0 h\u1ec7 th\u1ed1ng \u0111\u00e3 g\u1eedi \u0111\u1ebfn \u0111i\u1ec7n tho\u1ea1i. \u0110\u00e2y l\u00e0 l\u1edbp b\u1ea3o v\u1ec7 b\u1ed5 sung c\u1ea7n \u0111\u01b0\u1ee3c ng\u0103n ch\u1eb7n ngay \u0111\u1ec3 b\u1ea3o \u0111\u1ea3m ri\u00eang t\u01b0 tuy\u1ec7t \u0111\u1ed1i cho c\u00e1 nh\u00e2n ng\u01b0\u1eddi d\u00f9ng.<\/li>\n<li aria-level=\"1\">T\u01b0\u1edfng l\u1eeba nhi\u1ec1u l\u1edbp: Nh\u1eafc \u0111\u1ebfn h\u1ec7 th\u1ed1ng t\u01b0\u1eddng l\u1eeda c\u1ee7a s\u00e2n ch\u01a1i \u0111\u01b0\u1ee3c thi\u1ebft k\u1ebf \u0111a l\u1edbp ng\u0103n ch\u1eb7n m\u1ecdi s\u1ef1 t\u1ea5n c\u00f4ng \u1edf b\u00ean ngo\u00e0i. \u0110i\u1ec1u \u0111\u00f3 \u0111\u1ea3m b\u1ea3o an ninh cho d\u1eef li\u1ec7u.<\/li>\n<li aria-level=\"1\">Gi\u00e1m s\u00e1t h\u1ec7 th\u1ed1ng 24\/24: Chuy\u00ean vi\u00ean c\u1ee7a \u0111\u1ed9i ng\u0169 ch\u0103m s\u00f3c lu\u00f4n ki\u1ec3m tra, theo d\u00f5i t\u00ecnh tr\u1ea1ng b\u1ea5t th\u01b0\u1eddng tr\u00ean h\u1ec7 th\u1ed1ng \u0111\u1ec3 k\u1ecbp th\u1eddi x\u1eed l\u00fd m\u1ed1i \u0111e d\u1ecda.<\/li>\n<\/ul>\n<figure id=\"attachment_1049\" aria-describedby=\"caption-attachment-1049\" style=\"width: 800px\" class=\"wp-caption aligncenter\"><img title=\"Ch\u00ednh s\u00e1ch b\u1ea3o m\u1eadt v\u00e0 gi\u1ea3i ph\u00e1p\" loading=\"lazy\" decoding=\"async\" class=\"size-full wp-image-1049\" src=\"http:\/\/nnnew88.com\/wp-content\/uploads\/2025\/12\/chinh-sach-bao-mat-va-giai-phap.webp\" alt=\"Ch\u00ednh s\u00e1ch b\u1ea3o m\u1eadt v\u00e0 gi\u1ea3i ph\u00e1p\" width=\"800\" height=\"400\"><figcaption id=\"caption-attachment-1049\" class=\"wp-caption-text\">Ch\u00ednh s\u00e1ch b\u1ea3o m\u1eadt v\u00e0 gi\u1ea3i ph\u00e1p<\/figcaption><\/figure>\n<h2><b>Quy \u0111\u1ecbnh ch\u00ednh s\u00e1ch v\u1edbi tr\u01b0\u1eddng h\u1ee3p \u0111\u1eb7c bi\u1ec7t<\/b><\/h2>\n<p><b>Ch\u00ednh s\u00e1ch b\u1ea3o m\u1eadt<\/b> cam k\u1ebft h\u1ed7 tr\u1ee3 ng\u01b0\u1eddi ch\u01a1i, nh\u01b0ng m\u1ed9t s\u1ed1 tr\u01b0\u1eddng h\u1ee3p \u0111\u1eb7c bi\u1ec7t x\u1ea3y ra, t\u1ed5 ch\u1ee9c bu\u1ed9c ph\u1ea3i ti\u1ebft l\u1ed9 th\u00f4ng tin theo quy \u0111\u1ecbnh lu\u1eadt ph\u00e1p n\u01b0\u1edbc s\u1edf t\u1ea1i:<\/p>\n<ul>\n<li aria-level=\"1\">Ph\u00e1t hi\u1ec7n vi ph\u1ea1m<\/li>\n<li aria-level=\"1\">Y\u00eau c\u1ea7u c\u1ee7a c\u01a1 quan c\u00f3 ch\u1ee9c n\u0103ng th\u1ea9m quy\u1ec1n<\/li>\n<\/ul>\n<p>\u0110\u1ed1i v\u1edbi hai tr\u01b0\u1eddng h\u1ee3p \u0111\u00f3, nh\u00e0 c\u00e1i s\u1ebd th\u00f4ng b\u00e1o tr\u01b0\u1edbc cho b\u1ea1n v\u00e0 ch\u1ec9 c\u1ea7n cung c\u1ea5p d\u1eef li\u1ec7u c\u1ea7n thi\u1ebft nh\u1ea5t.<\/p>\n<h2><b>L\u01b0u \u00fd d\u00e0nh ri\u00eang cho ch\u00ednh s\u00e1ch b\u1ea3o m\u1eadt<\/b><\/h2>\n<p>Mu\u1ed1n tr\u1ea3i nghi\u1ec7m an to\u00e0n, c\u00e1c b\u1ea1n ph\u1ea3i l\u01b0u \u00fd m\u1ed9t v\u00e0i nguy\u00ean t\u1eafc sau \u0111\u00e2y khi tham gia:<\/p>\n<ul>\n<li aria-level=\"1\">T\u1ef1 b\u1ea3o v\u1ec7 t\u00e0i kho\u1ea3n: Tr\u00e1nh c\u00f4ng khai th\u00f4ng tin, chia s\u1ebb t\u00e0i kho\u1ea3n cho b\u1ea5t c\u1ee9 ai th\u01b0\u1eddng ch\u01a1i xung quanh b\u1ea1n.<\/li>\n<li aria-level=\"1\">Theo d\u00f5i ho\u1ea1t \u0111\u1ed9ng x\u1ea5u: N\u1ebfu ph\u00e1t hi\u1ec7n m\u1ed9t giao d\u1ecbch \u0111\u00e1ng ng\u1edd, h\u00e3y ng\u1eebng s\u1eed d\u1ee5ng t\u00e0i kho\u1ea3n, li\u00ean h\u1ec7 b\u00e1o c\u00e1o t\u00ecnh h\u00ecnh chi ti\u1ebft cho CSKH v\u00e0 nh\u1eadn h\u1ed7 tr\u1ee3 gi\u1ea3i quy\u1ebft.<\/li>\n<li aria-level=\"1\">S\u1eed d\u1ee5ng m\u1ea1ng \u1ed5n \u0111\u1ecbnh: Kh\u00f4ng n\u00ean \u0111\u0103ng nh\u1eadp t\u1eeb c\u00e1c ngu\u1ed3n m\u1ea1ng c\u00f4ng c\u1ed9ng hay thi\u1ebft b\u1ecb kh\u00f4ng uy t\u00edn.<\/li>\n<\/ul>\n<figure id=\"attachment_1048\" aria-describedby=\"caption-attachment-1048\" style=\"width: 800px\" class=\"wp-caption aligncenter\"><img title=\"L\u01b0u \u00fd cho ch\u00ednh s\u00e1ch b\u1ea3o m\u1eadt\" loading=\"lazy\" decoding=\"async\" class=\"size-full wp-image-1048\" src=\"http:\/\/nnnew88.com\/wp-content\/uploads\/2025\/12\/luu-y-cho-chinh-sach-bao-mat.webp\" alt=\"L\u01b0u \u00fd cho ch\u00ednh s\u00e1ch b\u1ea3o m\u1eadt\" width=\"800\" height=\"400\"><figcaption id=\"caption-attachment-1048\" class=\"wp-caption-text\">L\u01b0u \u00fd cho ch\u00ednh s\u00e1ch b\u1ea3o m\u1eadt<\/figcaption><\/figure>\n<h2><b>L\u1eddi k\u1ebft<\/b><\/h2>\n<p>B\u00e0i vi\u1ebft tr\u00ean \u0111\u00e3 \u0111\u01b0\u1ee3c nh\u00e0 c\u00e1i <a href=\"https:\/\/nnnew88.com\/\"><strong>New88<\/strong><\/a> cung c\u1ea5p chi ti\u1ebft v\u1ec1 <b>ch\u00ednh s\u00e1ch b\u1ea3o m\u1eadt<\/b> quan tr\u1ecdng trong qu\u00e1 tr\u00ecnh ch\u01a1i c\u01b0\u1ee3c c\u1ee7a m\u1ecdi ng\u01b0\u1eddi. H\u1ec7 th\u1ed1ng v\u1eabn kh\u00f4ng ng\u1eebng c\u1ea3i ti\u1ebfn nh\u1eefng bi\u1ec7n ph\u00e1p h\u1ed7 tr\u1ee3 tr\u1ea3i nghi\u1ec7m c\u00e1 c\u01b0\u1ee3c t\u1ed1t nh\u1ea5t, n\u00e2ng t\u1ea7m gi\u00e1 tr\u1ecb th\u01b0\u01a1ng hi\u1ec7u.<\/p>\n","protected":false},"excerpt":{"rendered":"<p>Ch\u00ednh s\u00e1ch b\u1ea3o m\u1eadt l\u00e0 y\u1ebfu t\u1ed1 t\u1ea5t y\u1ebfu trong vi\u1ec7c c\u1ee7ng c\u1ed1, x\u00e2y d\u1ef1ng ni\u1ec1m tin \u0111\u1ed1i v\u1edbi kh\u00e1ch h\u00e0ng. Nh\u1eefng quy \u0111\u1ecbnh \u0111\u1eb7t ch\u1ebd, nh\u00e0 c\u00e1i \u0111\u1ea3m b\u1ea3o th\u00f4ng tin c\u00e1 nh\u00e2n hay giao d\u1ecbch t\u00e0i kho\u1ea3n \u0111\u01b0\u1ee3c b\u1ea3o v\u1ec7 m\u1ed9t c\u00e1ch t\u1ed1t nh\u1ea5t. T\u00e2n binh m\u1edbi c\u1ea7n ph\u1ea3i n\u1eafm r\u00f5 nh\u1eefng n\u1ed9i&#8230; Xem th\u00eam<\/p>\n","protected":false},"author":1,"featured_media":824,"parent":0,"menu_order":0,"comment_status":"closed","ping_status":"closed","template":"","meta":{"footnotes":""},"class_list":["post-820","page","type-page","status-publish","has-post-thumbnail","hentry"],"_links":{"self":[{"href":"https:\/\/nnnew88.com\/index.php\/wp-json\/wp\/v2\/pages\/820","targetHints":{"allow":["GET"]}}],"collection":[{"href":"https:\/\/nnnew88.com\/index.php\/wp-json\/wp\/v2\/pages"}],"about":[{"href":"https:\/\/nnnew88.com\/index.php\/wp-json\/wp\/v2\/types\/page"}],"author":[{"embeddable":true,"href":"https:\/\/nnnew88.com\/index.php\/wp-json\/wp\/v2\/users\/1"}],"replies":[{"embeddable":true,"href":"https:\/\/nnnew88.com\/index.php\/wp-json\/wp\/v2\/comments?post=820"}],"version-history":[{"count":0,"href":"https:\/\/nnnew88.com\/index.php\/wp-json\/wp\/v2\/pages\/820\/revisions"}],"wp:featuredmedia":[{"embeddable":true,"href":"https:\/\/nnnew88.com\/index.php\/wp-json\/wp\/v2\/media\/824"}],"wp:attachment":[{"href":"https:\/\/nnnew88.com\/index.php\/wp-json\/wp\/v2\/media?parent=820"}],"curies":[{"name":"wp","href":"https:\/\/api.w.org\/{rel}","templated":true}]}}