{"id":840,"date":"2025-12-26T09:18:06","date_gmt":"2025-12-26T09:18:06","guid":{"rendered":"https:\/\/nnnew88.com\/index.php\/xoc-dia-new88\/"},"modified":"2025-12-26T09:18:06","modified_gmt":"2025-12-26T09:18:06","slug":"xoc-dia-new88","status":"publish","type":"page","link":"https:\/\/nnnew88.com\/index.php\/xoc-dia-new88\/","title":{"rendered":"X\u00d3C \u0110\u0128A NEW88"},"content":{"rendered":"<p><a href=\"https:\/\/nnnew88.com\/xoc-dia-new88\/\"><b>X\u00f3c \u0111\u0129a NEW88 <\/b><\/a><span style=\"font-weight: 400;\">l\u00e0 m\u1ed9t trong nh\u1eefng tr\u00f2 ch\u01a1i c\u00e1 c\u01b0\u1ee3c \u0111\u01b0\u1ee3c y\u00eau th\u00edch nh\u1ea5t hi\u1ec7n nay khi s\u1edf h\u1eefu x\u00e1c su\u1ea5t th\u1eafng cao \u0111i k\u00e8m v\u1edbi t\u1ef7 l\u1ec7 th\u01b0\u1edfng h\u1ea5p d\u1eabn. H\u00e3y c\u00f9ng t\u00ecm hi\u1ec3u chi ti\u1ebft v\u1ec1 c\u00e1ch ch\u01a1i c\u1ee7a t\u1ef1a game n\u00e0y trong b\u00e0i vi\u1ebft d\u01b0\u1edbi \u0111\u00e2y \u0111\u1ed3ng th\u1eddi, \u0111i\u1ec3m qua 4+ b\u00ed k\u00edp \u0111\u00e1nh x\u00f3c \u0111\u0129a lu\u00f4n th\u1eafng t\u1eeb chuy\u00ean gia!<\/span><\/p>\n<h2><b>T\u00ecm hi\u1ec3u v\u1ec1 game x\u00f3c \u0111\u0129a NEW88<\/b><\/h2>\n<p><b>X\u00f3c \u0111\u0129a NEW88 <\/b><span style=\"font-weight: 400;\">l\u00e0 tr\u00f2 ch\u01a1i \u0111\u1eb7t c\u01b0\u1ee3c cho k\u1ebft qu\u1ea3 c\u00f3 kh\u1ea3 n\u0103ng xu\u1ea5t hi\u1ec7n c\u1ee7a 4 qu\u00e2n v\u1ecb. Th\u1ef1c t\u1ebf, t\u1ef1a game n\u00e0y r\u1ea5t d\u1ec5 b\u1ecb nh\u1ea7m l\u1eabn v\u1edbi t\u00e0i x\u1ec9u v\u00ec c\u00f3 c\u00e1ch \u0111\u00e1nh t\u01b0\u01a1ng \u0111\u1ed1i gi\u1ed1ng nhau. Tuy nhi\u00ean, v\u1edbi x\u00f3c \u0111\u0129a b\u1ea1n s\u1ebd kh\u00f4ng ph\u1ea3i d\u1ef1 \u0111o\u00e1n t\u1ed5ng \u0111i\u1ec3m c\u1ee7a 3 vi\u00ean x\u00ed ng\u1ea7u.<\/span><\/p>\n<p><span style=\"font-weight: 400;\">\u0110\u1ec3 hi\u1ec3u r\u00f5 h\u01a1n v\u1ec1 x\u00f3c \u0111\u0129a, b\u1ea1n c\u1ea7n n\u1eafm r\u00f5 tr\u00ecnh t\u1ef1 di\u1ec5n ra c\u1ee7a m\u1ed9t v\u00e1n c\u01b0\u1ee3c th\u00f4ng th\u01b0\u1eddng nh\u01b0 sau.<\/span><\/p>\n<ul>\n<li style=\"font-weight: 400;\" aria-level=\"1\"><span style=\"font-weight: 400;\">(1) B\u1eaft \u0111\u1ea7u: Dealer ti\u1ebfn h\u00e0nh x\u00f3c ng\u1eabu nhi\u00ean 4 qu\u00e2n v\u1ecb g\u1ed3m 2 m\u00e0u tr\u1eafng v\u00e0 \u0111\u1ecf. Sau khi k\u1ebft th\u00fac h\u00e0nh \u0111\u1ed9ng, k\u1ebft qu\u1ea3 v\u1eabn ch\u01b0a \u0111\u01b0\u1ee3c c\u00f4ng b\u1ed1.<\/span><\/li>\n<li style=\"font-weight: 400;\" aria-level=\"1\"><span style=\"font-weight: 400;\">(2) \u0110\u1eb7t c\u01b0\u1ee3c: Ng\u01b0\u1eddi ch\u01a1i d\u1ef1 \u0111o\u00e1n v\u00e0 ti\u1ebfn h\u00e0nh v\u00e0o ti\u1ec1n cho nh\u1eefng c\u1eeda kh\u00e1c nhau \u0111\u01b0\u1ee3c h\u1ec7 th\u1ed1ng cung c\u1ea5p nh\u01b0 ch\u1eb5n\/l\u1ebb, t\u00e0i\/x\u1ec9u, tr\u00ean\/d\u01b0\u1edbi,\u2026<\/span><\/li>\n<li style=\"font-weight: 400;\" aria-level=\"1\"><span style=\"font-weight: 400;\">(3) C\u00f4ng b\u1ed1 k\u1ebft qu\u1ea3: Sau khi h\u1ebft th\u1eddi gian \u0111\u1eb7t c\u01b0\u1ee3c, dealer m\u1edf b\u00e1t v\u00e0 c\u00f4ng b\u1ed1 k\u1ebft qu\u1ea3. L\u00fac n\u00e0y, h\u1ec7 th\u1ed1ng s\u1ebd t\u1ef1 \u0111\u1ed9ng ph\u00e2n \u0111\u1ecbnh th\u1eafng\/thua.<\/span><\/li>\n<li style=\"font-weight: 400;\" aria-level=\"1\"><span style=\"font-weight: 400;\">(4) Tr\u1ea3 th\u01b0\u1edfng: N\u1ebfu k\u1ebft qu\u1ea3 tr\u00f9ng kh\u1edbp v\u1edbi v\u00e9 c\u01b0\u1ee3c c\u1ee7a b\u1ea1n, h\u1ec7 th\u1ed1ng s\u1ebd tr\u1ea3 ti\u1ec1n theo t\u1ef7 l\u1ec7 th\u01b0\u1edfng \u0111\u00e3 \u0111\u01b0\u1ee3c quy \u0111\u1ecbnh v\u00e0 ng\u01b0\u1ee3c l\u1ea1i.<\/span><\/li>\n<\/ul>\n<figure id=\"attachment_966\" aria-describedby=\"caption-attachment-966\" style=\"width: 800px\" class=\"wp-caption aligncenter\"><img title=\"X\u00f3c \u0111\u0129a NEW88 l\u00e0 g\u00ec?\" loading=\"lazy\" decoding=\"async\" class=\"size-full wp-image-966\" src=\"http:\/\/nnnew88.com\/wp-content\/uploads\/2025\/12\/xoc-dia-new88-la-gi.webp\" alt=\"X\u00f3c \u0111\u0129a NEW88 l\u00e0 g\u00ec?\" width=\"800\" height=\"400\"><figcaption id=\"caption-attachment-966\" class=\"wp-caption-text\">X\u00f3c \u0111\u0129a NEW88 l\u00e0 g\u00ec?<\/figcaption><\/figure>\n<h2><b>C\u1eadp nh\u1eadt t\u1ef7 l\u1ec7 th\u01b0\u1edfng m\u1edbi nh\u1ea5t c\u1ee7a game x\u00f3c \u0111\u0129a<\/b><\/h2>\n<p><span style=\"font-weight: 400;\">Ngay d\u01b0\u1edbi \u0111\u00e2y l\u00e0 t\u1ef7 l\u1ec7 th\u01b0\u1edfng m\u1edbi nh\u1ea5t c\u1ee7a game <\/span><b>x\u00f3c \u0111\u0129a NEW88 <\/b><span style=\"font-weight: 400;\">m\u00e0 b\u1ea1n c\u00f3 th\u1ec3 tham kh\u1ea3o tr\u01b0\u1edbc khi b\u1eaft \u0111\u1ea7u.<\/span><\/p>\n<table>\n<tbody>\n<tr>\n<td><b>C\u1eeda c\u01b0\u1ee3c<\/b><\/td>\n<td><b>C\u00e1ch ch\u01a1i<\/b><\/td>\n<td><b>T\u1ef7 l\u1ec7 th\u01b0\u1edfng<\/b><\/td>\n<\/tr>\n<tr>\n<td><span style=\"font-weight: 400;\">L\u1ebb<\/span><\/td>\n<td><span style=\"font-weight: 400;\">3 \u0111\u1ecf 1 tr\u1eafng, 3 tr\u1eafng 1 \u0111\u1ecf<\/span><\/td>\n<td><span style=\"font-weight: 400;\">1:1.992<\/span><\/td>\n<\/tr>\n<tr>\n<td><span style=\"font-weight: 400;\">Ch\u1eb5n<\/span><\/td>\n<td><span style=\"font-weight: 400;\">4 \u0111\u1ecf 4 tr\u1eafng, 2 \u0111\u1ecf 2 tr\u1eafng<\/span><\/td>\n<td><span style=\"font-weight: 400;\">1:1.992<\/span><\/td>\n<\/tr>\n<tr>\n<td><span style=\"font-weight: 400;\">T\u00e0i<\/span><\/td>\n<td><span style=\"font-weight: 400;\">4 \u0111\u1ecf, 3 \u0111\u1ecf 1 tr\u1eafng<\/span><\/td>\n<td><span style=\"font-weight: 400;\">1:1.992<\/span><\/td>\n<\/tr>\n<tr>\n<td><span style=\"font-weight: 400;\">X\u1ec9u<\/span><\/td>\n<td><span style=\"font-weight: 400;\">4 tr\u1eafng, 3 tr\u1eafng 1 \u0111\u1ecf<\/span><\/td>\n<td><span style=\"font-weight: 400;\">1:1.992<\/span><\/td>\n<\/tr>\n<tr>\n<td rowspan=\"4\"><span style=\"font-weight: 400;\">C\u01b0\u1ee3c l\u1ebb<\/span><\/td>\n<td><span style=\"font-weight: 400;\">4 \u0111\u1ecf<\/span><\/td>\n<td><span style=\"font-weight: 400;\">1:12<\/span><\/td>\n<\/tr>\n<tr>\n<td><span style=\"font-weight: 400;\">4 tr\u1eafng<\/span><\/td>\n<td><span style=\"font-weight: 400;\">1:12<\/span><\/td>\n<\/tr>\n<tr>\n<td><span style=\"font-weight: 400;\">3 \u0111\u1ecf 1 tr\u1eafng<\/span><\/td>\n<td><span style=\"font-weight: 400;\">1:2.6<\/span><\/td>\n<\/tr>\n<tr>\n<td><span style=\"font-weight: 400;\">3 tr\u1eafng 1 \u0111\u1ecf<\/span><\/td>\n<td><span style=\"font-weight: 400;\">1:2.6<\/span><\/td>\n<\/tr>\n<\/tbody>\n<\/table>\n<h2><b>2+ phi\u00ean b\u1ea3n x\u00f3c \u0111\u0129a \u0111\u01b0\u1ee3c y\u00eau th\u00edch t\u1ea1i NEW88<\/b><\/h2>\n<p><span style=\"font-weight: 400;\">Khi ch\u01a1i <\/span><b>x\u00f3c \u0111\u0129a NEW88<\/b><span style=\"font-weight: 400;\">, b\u1ea1n s\u1ebd kh\u00f4ng th\u1ec3 n\u00e0o b\u1ecf qua 2+ phi\u00ean b\u1ea3n \u0111\u01b0\u1ee3c y\u00eau th\u00edch nh\u1ea5t t\u1ea1i nh\u00e0 c\u00e1i.<\/span><\/p>\n<ul>\n<li style=\"font-weight: 400;\" aria-level=\"1\"><span style=\"font-weight: 400;\">Phi\u00ean b\u1ea3n live: \u0110\u00e2y l\u00e0 phi\u00ean b\u1ea3n gi\u1ea3i tr\u00ed c\u00f3 s\u1ef1 tham gia c\u1ee7a c\u00e1c dealer ng\u01b0\u1eddi th\u1eadt. B\u1ea1n c\u00f3 th\u1ec3 t\u00ecm th\u1ea5y tr\u00f2 ch\u01a1i n\u00e0y \u1edf b\u1ea5t k\u1ef3 s\u1ea3nh casino n\u00e0o khi truy c\u1eadp nh\u00e0 c\u00e1i nh\u01b0 AG, AE Sexy, Microgaming, Big Gaming,\u2026<\/span><\/li>\n<li style=\"font-weight: 400;\" aria-level=\"1\"><span style=\"font-weight: 400;\">Phi\u00ean b\u1ea3n 3D: M\u00f4 ph\u1ecfng 3D si\u00eau m\u00e3n nh\u00e3n ch\u1eafc ch\u1eafn s\u1ebd kh\u00f4ng l\u00e0m b\u1ea1n th\u1ea5t v\u1ecdng. KM, RICH88, V8 Poker,\u2026 cho ph\u00e9p ng\u01b0\u1eddi ch\u01a1i nh\u1eadn th\u01b0\u1edfng g\u1ea5p 4 l\u1ea7n khi chi\u1ebfn th\u1eafng.<\/span><\/li>\n<\/ul>\n<figure id=\"attachment_970\" aria-describedby=\"caption-attachment-970\" style=\"width: 800px\" class=\"wp-caption aligncenter\"><img title=\"2 phi\u00ean b\u1ea3n x\u00f3c \u0111\u0129a hot nh\u1ea5t hi\u1ec7n nay\" loading=\"lazy\" decoding=\"async\" class=\"size-full wp-image-970\" src=\"http:\/\/nnnew88.com\/wp-content\/uploads\/2025\/12\/2-phien-ban-xoc-dia-new88-hot-nhat-hien-nay.webp\" alt=\"2 phi\u00ean b\u1ea3n x\u00f3c \u0111\u0129a hot nh\u1ea5t hi\u1ec7n nay\" width=\"800\" height=\"400\"><figcaption id=\"caption-attachment-970\" class=\"wp-caption-text\">2 phi\u00ean b\u1ea3n x\u00f3c \u0111\u0129a hot nh\u1ea5t hi\u1ec7n nay<\/figcaption><\/figure>\n<h2><b>M\u1eb9o ch\u01a1i x\u00f3c \u0111\u0129a NEW88 th\u1eafng l\u1edbn m\u1ed7i ng\u00e0y<\/b><\/h2>\n<p><span style=\"font-weight: 400;\">Khi ch\u01a1i game x\u00f3c \u0111\u0129a, b\u1ea1n c\u00f3 th\u1ec3 tham kh\u1ea3o nhanh 3+ b\u00ed k\u00edp th\u1eafng l\u1edbn gi\u00fap b\u1ea1n ki\u1ebfm ti\u1ec1n m\u1ed7i ng\u00e0y t\u1eeb nh\u00e0 c\u00e1i ngay d\u01b0\u1edbi \u0111\u00e2y.<\/span><\/p>\n<h3><b>Th\u1ef1c hi\u1ec7n soi c\u1ea7u \u0111\u1ec3 \u0111\u1eb7t c\u01b0\u1ee3c ch\u00ednh x\u00e1c h\u01a1n<\/b><\/h3>\n<p><span style=\"font-weight: 400;\">Trong qu\u00e1 tr\u00ecnh ch\u01a1i <\/span><b>x\u00f3c \u0111\u0129a NEW88<\/b><span style=\"font-weight: 400;\">, b\u1ea1n n\u00ean soi c\u1ea7u \u0111\u1ec3 bi\u1ebft \u0111\u01b0\u1ee3c c\u1eeda c\u01b0\u1ee3c n\u00e0o c\u00f3 t\u1ef7 l\u1ec7 th\u1eafng cao. Hi\u1ec7n t\u1ea1i, game \u0111ang s\u1edf h\u1eefu nhi\u1ec1u lo\u1ea1i c\u1ea7u nh\u01b0 c\u1ea7u 1-1, c\u1ea7u ch\u1eb5n l\u1ebb, c\u1ea7u b\u1ec7t, c\u1ea7u ngh\u1ecbch c\u00e2n x\u1ee9ng,\u2026 \u0110\u1ec3 x\u00e1c \u0111\u1ecbnh \u0111\u00fang, h\u00e3y xem x\u00e9t chu\u1ed7i k\u1ebft qu\u1ea3 trong v\u00f2ng t\u1eeb 5-10 v\u00e1n.<\/span><\/p>\n<p><span style=\"font-weight: 400;\">L\u01b0u \u00fd, n\u1ebfu chu\u1ed7i k\u1ebft qu\u1ea3 \u0111\u00e3 v\u00e0 \u0111ang k\u00e9o d\u00e0i, kho\u1ea3ng 6-10 nh\u1ecbp, h\u00e3y ch\u1ecdn c\u1eeda c\u01b0\u1ee3c kh\u00e1c v\u00ec kh\u1ea3 n\u0103ng c\u1ea7u g\u00e3y l\u00e0 c\u1ef1c k\u1ef3 cao.<\/span><\/p>\n<blockquote><\/blockquote>\n<h3><b>Nghe v\u1ecb v\u00e0 quan s\u00e1t h\u00e0nh \u0111\u1ed9ng c\u1ee7a dealer<\/b><\/h3>\n<p><span style=\"font-weight: 400;\">Nghe v\u1ecb l\u00e0 m\u1ed9t trong nh\u1eefng b\u00ed k\u00edp ch\u01a1i <\/span><b>x\u00f3c \u0111\u0129a NEW88 <\/b><span style=\"font-weight: 400;\">c\u1ef1c chu\u1ea9n. H\u00e3y l\u1eafng nghe ti\u1ebfng \u0111\u1ed9ng c\u1ee7a c\u00e1c qu\u00e2n v\u1ecb \u0111\u1ec3 \u0111\u01b0a ra ph\u00e1n \u0111o\u00e1n. Th\u1ef1c t\u1ebf, m\u1ed7i qu\u00e2n v\u1ecb s\u1ebd c\u00f3 m\u1ed9t \u00e2m thanh k\u1ebft th\u00fac kh\u00e1c nhau. Tuy nhi\u00ean, \u0111\u1ec3 c\u00f3 \u0111\u01b0\u1ee3c k\u1ef9 n\u0103ng n\u00e0y, b\u1ea1n c\u1ea7n th\u01b0\u1eddng xuy\u00ean th\u1ef1c h\u00e0nh.<\/span><\/p>\n<p><span style=\"font-weight: 400;\">Ngo\u00e0i ra, b\u1ea1n c\u0169ng n\u00ean ch\u00fa \u00fd \u0111\u1ebfn h\u00e0nh \u0111\u1ed9ng c\u1ee7a dealer. N\u1ebfu kh\u00f4ng l\u1eafc m\u1ea1nh v\u00e0 c\u1ed5 tay kh\u00f4ng chuy\u1ec3n \u0111\u1ed9ng, k\u1ebft qu\u1ea3 c\u1ee7a v\u00e1n ti\u1ebfp theo kh\u00f4ng qu\u00e1 thay \u0111\u1ed5i. \u0110\u00e2y ch\u00ednh l\u00e0 m\u00e1nh kh\u00f3e \u0111\u1ec3 nh\u00e0 c\u00e1i c\u00f3 th\u1ec3 ki\u1ebfm th\u00eam l\u1ee3i nhu\u1eadn v\u00ec th\u1ebf, h\u00e3y \u01b0u ti\u00ean ch\u01a1i v\u1edbi phi\u00ean b\u1ea3n live.<\/span><\/p>\n<figure id=\"attachment_965\" aria-describedby=\"caption-attachment-965\" style=\"width: 800px\" class=\"wp-caption aligncenter\"><img title=\"B\u00ed k\u00edp ch\u01a1i x\u00f3c \u0111\u0129a NEW88 chu\u1ea9n nh\u1ea5t\" loading=\"lazy\" decoding=\"async\" class=\"size-full wp-image-965\" src=\"http:\/\/nnnew88.com\/wp-content\/uploads\/2025\/12\/bi-kip-choi-xoc-dia-new88-chuan-nhat.webp\" alt=\"B\u00ed k\u00edp ch\u01a1i x\u00f3c \u0111\u0129a NEW88 chu\u1ea9n nh\u1ea5t\" width=\"800\" height=\"400\"><figcaption id=\"caption-attachment-965\" class=\"wp-caption-text\">B\u00ed k\u00edp ch\u01a1i x\u00f3c \u0111\u0129a NEW88 chu\u1ea9n nh\u1ea5t<\/figcaption><\/figure>\n<h3><b>\u01afu ti\u00ean \u0111\u1eb7t c\u01b0\u1ee3c cho c\u1eeda ch\u1eb5n<\/b><\/h3>\n<p><span style=\"font-weight: 400;\">H\u00e3y c\u01b0\u1ee3c cho c\u1eeda ch\u1eb5n khi ch\u01a1i v\u00ec \u0111\u00e2y l\u00e0 l\u1ef1a ch\u1ecdn kh\u00e1 an to\u00e0n cho nh\u1eefng ai \u0111ang kh\u00f4ng bi\u1ebft \u0111\u00e1nh g\u00ec \u1edf v\u00e1n ti\u1ebfp theo. Th\u1ef1c t\u1ebf, c\u1eeda ch\u1eb5n c\u00f3 kh\u1ea3 n\u0103ng th\u1eafng t\u01b0\u01a1ng \u0111\u1ed1i cao m\u1eb7c d\u00f9 t\u1ef7 l\u1ec7 th\u01b0\u1edfng kh\u00f4ng qu\u00e1 l\u1edbn. Tuy nhi\u00ean, n\u1ebfu mu\u1ed1n t\u1ed1i \u01b0u h\u00f3a ngu\u1ed3n v\u1ed1n, c\u01b0\u1ee3c cho c\u1eeda ch\u1eb5n l\u00e0 l\u1ef1a ch\u1ecdn \u0111\u00fang \u0111\u1eafn.<\/span><\/p>\n<h3><b>Theo d\u00f5i b\u1ea3ng phi\u00ean \u0111\u1ec3 th\u1ea5y r\u00f5 t\u1ef7 l\u1ec7 th\u1eafng<\/b><\/h3>\n<p><span style=\"font-weight: 400;\">B\u1ea1n n\u00ean theo d\u00f5i b\u1ea3ng phi\u00ean trong kho\u1ea3ng t\u1eeb 5-10 v\u00e1n g\u1ea7n nh\u1ea5t khi ch\u01a1i <\/span><b>x\u00f3c \u0111\u0129a NEW88<\/b><span style=\"font-weight: 400;\">. \u0110i\u1ec1u n\u00e0y s\u1ebd gi\u00fap ng\u01b0\u1eddi ch\u01a1i th\u1ea5y r\u00f5 t\u1ef7 l\u1ec7 th\u1eafng c\u1ee7a m\u1ed7i c\u1eeda c\u01b0\u1ee3c v\u00e0 bi\u1ebft \u0111\u01b0\u1ee3c b\u1ea3n th\u00e2n n\u00ean v\u00e0o ti\u1ec1n cho c\u1eeda n\u00e0o \u1edf v\u00e1n ti\u1ebfp theo. L\u01b0u \u00fd, n\u00ean \u01b0u ti\u00ean ch\u1ecdn nh\u1eefng c\u1eeda c\u00f3 t\u1ef7 l\u1ec7 v\u1ec1 \u0111\u1ec1u \u0111\u1eb7n.<\/span><\/p>\n<h2><b>Th\u1eafc m\u1eafc th\u01b0\u1eddng g\u1eb7p khi ch\u01a1i x\u00f3c \u0111\u0129a t\u1ea1i NEW88<\/b><\/h2>\n<p><span style=\"font-weight: 400;\">D\u01b0\u1edbi \u0111\u00e2y l\u00e0 nh\u1eefng th\u1eafc m\u1eafc th\u01b0\u1eddng g\u1eb7p khi ch\u01a1i <\/span><b>x\u00f3c \u0111\u0129a NEW88 <\/b><span style=\"font-weight: 400;\">m\u00e0 b\u1ea1n c\u00f3 th\u1ec3 tham kh\u1ea3o th\u00eam.<\/span><\/p>\n<h3><b>T\u00f4i c\u00f3 th\u1ec3 ch\u01a1i x\u00f3c \u0111\u0129a tr\u00ean \u0111i\u1ec7n tho\u1ea1i kh\u00f4ng?<\/b><\/h3>\n<p><span style=\"font-weight: 400;\">B\u1ea1n ho\u00e0n to\u00e0n c\u00f3 th\u1ec3 ch\u01a1i x\u00f3c \u0111\u0129a tr\u00ean \u0111i\u1ec7n tho\u1ea1i b\u1eb1ng c\u00e1ch t\u1ea3i app v\u1ec1 m\u00e1y v\u00e0 gi\u1ea3i tr\u00ed ngay l\u1eadp t\u1ee9c. \u1ee8ng d\u1ee5ng cho ph\u00e9p b\u1ea1n c\u00e0i \u0111\u1eb7t tr\u00ean m\u1ecdi thi\u1ebft b\u1ecb, bao g\u1ed3m Android v\u00e0 iOS.<\/span><\/p>\n<h3><b>C\u00f3 th\u1ec3 c\u01b0\u1ee3c nhi\u1ec1u c\u1eeda x\u00f3c \u0111\u0129a kh\u00f4ng?<\/b><\/h3>\n<p><span style=\"font-weight: 400;\">H\u1ec7 th\u1ed1ng cho ph\u00e9p th\u00e0nh vi\u00ean tham gia c\u01b0\u1ee3c nhi\u1ec1u c\u1eeda x\u00f3c \u0111\u0129a c\u00f9ng m\u1ed9t l\u00fac \u0111\u1ec3 nh\u1eadn th\u01b0\u1edfng ti\u1ec1n tri\u1ec7u ngay sau khi chi\u1ebfn th\u1eafng.<\/span><\/p>\n<h2><b>K\u1ebft lu\u1eadn<\/b><\/h2>\n<p><span style=\"font-weight: 400;\">B\u00e0i vi\u1ebft tr\u00ean \u0111\u00e3 gi\u1ea3i \u0111\u00e1p th\u1eafc m\u1eafc <\/span><b>x\u00f3c \u0111\u0129a NEW88 <\/b><span style=\"font-weight: 400;\">l\u00e0 g\u00ec v\u00e0 c\u00f3 c\u00e1ch ch\u01a1i chu\u1ea9n nh\u01b0 th\u1ebf n\u00e0o. Tham gia ch\u01a1i x\u00f3c \u0111\u0129a online t\u1ea1i <a href=\"https:\/\/nnnew88.com\/\"><strong>NEW88<\/strong><\/a> ngay l\u1eadp t\u1ee9c, b\u1ea1n s\u1ebd c\u00f3 c\u01a1 h\u1ed9i nh\u1eadn th\u01b0\u1edfng ch\u00e0o m\u1eebng l\u00ean \u0111\u1ebfn 8.888K khi n\u1ea1p \u0111\u1ea7u th\u00e0nh c\u00f4ng v\u00e0 2% ho\u00e0n tr\u1ea3 t\u1ee9c th\u00ec!<\/span><\/p>\n","protected":false},"excerpt":{"rendered":"<p>X\u00f3c \u0111\u0129a NEW88 l\u00e0 m\u1ed9t trong nh\u1eefng tr\u00f2 ch\u01a1i c\u00e1 c\u01b0\u1ee3c \u0111\u01b0\u1ee3c y\u00eau th\u00edch nh\u1ea5t hi\u1ec7n nay khi s\u1edf h\u1eefu x\u00e1c su\u1ea5t th\u1eafng cao \u0111i k\u00e8m v\u1edbi t\u1ef7 l\u1ec7 th\u01b0\u1edfng h\u1ea5p d\u1eabn. H\u00e3y c\u00f9ng t\u00ecm hi\u1ec3u chi ti\u1ebft v\u1ec1 c\u00e1ch ch\u01a1i c\u1ee7a t\u1ef1a game n\u00e0y trong b\u00e0i vi\u1ebft d\u01b0\u1edbi \u0111\u00e2y \u0111\u1ed3ng th\u1eddi, \u0111i\u1ec3m qua 4+&#8230; Xem th\u00eam<\/p>\n","protected":false},"author":1,"featured_media":845,"parent":0,"menu_order":0,"comment_status":"closed","ping_status":"closed","template":"","meta":{"footnotes":""},"class_list":["post-840","page","type-page","status-publish","has-post-thumbnail","hentry"],"_links":{"self":[{"href":"https:\/\/nnnew88.com\/index.php\/wp-json\/wp\/v2\/pages\/840","targetHints":{"allow":["GET"]}}],"collection":[{"href":"https:\/\/nnnew88.com\/index.php\/wp-json\/wp\/v2\/pages"}],"about":[{"href":"https:\/\/nnnew88.com\/index.php\/wp-json\/wp\/v2\/types\/page"}],"author":[{"embeddable":true,"href":"https:\/\/nnnew88.com\/index.php\/wp-json\/wp\/v2\/users\/1"}],"replies":[{"embeddable":true,"href":"https:\/\/nnnew88.com\/index.php\/wp-json\/wp\/v2\/comments?post=840"}],"version-history":[{"count":0,"href":"https:\/\/nnnew88.com\/index.php\/wp-json\/wp\/v2\/pages\/840\/revisions"}],"wp:featuredmedia":[{"embeddable":true,"href":"https:\/\/nnnew88.com\/index.php\/wp-json\/wp\/v2\/media\/845"}],"wp:attachment":[{"href":"https:\/\/nnnew88.com\/index.php\/wp-json\/wp\/v2\/media?parent=840"}],"curies":[{"name":"wp","href":"https:\/\/api.w.org\/{rel}","templated":true}]}}