{"id":841,"date":"2025-12-26T09:18:06","date_gmt":"2025-12-26T09:18:06","guid":{"rendered":"https:\/\/nnnew88.com\/index.php\/xo-so-new88\/"},"modified":"2025-12-26T09:18:06","modified_gmt":"2025-12-26T09:18:06","slug":"xo-so-new88","status":"publish","type":"page","link":"https:\/\/nnnew88.com\/index.php\/xo-so-new88\/","title":{"rendered":"X\u1ed4 S\u1ed0 NEW88"},"content":{"rendered":"<p><a href=\"https:\/\/nnnew88.com\/xo-so-new88\/\"><b>X\u1ed5 s\u1ed1 New88 <\/b><\/a><span style=\"font-weight: 400;\">l\u00e0 kh\u00f4ng gian \u0111\u00e1nh \u0111\u1ec1 tr\u1ef1c tuy\u1ebfn h\u1ea5p d\u1eabn d\u00e0nh cho nh\u1eefng kh\u00e1ch h\u00e0ng \u0111am m\u00ea con s\u1ed1 v\u00e0 mu\u1ed1n th\u1eed v\u1eadn may c\u1ee7a m\u00ecnh m\u1ed7i ng\u00e0y. V\u1edbi \u0111a d\u1ea1ng h\u00ecnh th\u1ee9c c\u01b0\u1ee3c kh\u00e1c, t\u1ef7 l\u1ec7 th\u01b0\u1edfng cao. Ch\u1eafc ch\u1eafn r\u1eb1ng \u0111\u00e2y l\u00e0 l\u1ef1a ch\u1ecdn h\u1ea5p d\u1eabn d\u00e0nh cho ng\u01b0\u1eddi ch\u01a1i m\u1edbi l\u1eabn kh\u00e1ch h\u00e0ng tham gia l\u00e2u n\u0103m.<\/span><\/p>\n<h2><b>C\u00e1c l\u00fd do gi\u00fap x\u1ed5 s\u1ed1 New88 \u0111\u01b0\u1ee3c y\u00eau th\u00edch nhi\u1ec1u<\/b><\/h2>\n<p><span style=\"font-weight: 400;\">X\u1ed5 s\u1ed1 c\u1ee7a th\u01b0\u01a1ng hi\u1ec7u \u0111ang d\u1ea7n kh\u1eb3ng \u0111\u1ecbnh v\u1ecb th\u1ebf l\u00e0 \u0111i\u1ec3m \u0111\u1ebfn h\u1ea5p d\u1eabn d\u00e0nh cho c\u1ed9ng \u0111\u1ed3ng y\u00eau th\u00edch l\u00f4 \u0111\u1ec1 mu\u1ed1n tham gia v\u00e0o m\u1ed7i ng\u00e0y. S\u1edf h\u1eefu h\u1ec7 th\u1ed1ng c\u00f4ng ngh\u1ec7 hi\u1ec7n \u0111\u1ea1i, chuy\u00ean m\u1ee5c t\u1ea1i \u0111\u00e2y mang l\u1ea1i tr\u1ea3i nghi\u1ec7m m\u1edbi l\u1ea1, \u0111\u1ea3m b\u1ea3o s\u1ef1 nhanh ch\u00f3ng, s\u1ef1 minh b\u1ea1ch v\u00e0 ch\u00ednh x\u00e1c tuy\u1ec7t \u0111\u1ed1i.<\/span><\/p>\n<h3><b>C\u1eadp nh\u1eadt k\u1ebft qu\u1ea3 nhanh<\/b><\/h3>\n<p><span style=\"font-weight: 400;\">\u0110i\u1ec3m c\u1ed9ng n\u1ed5i b\u1eadt nh\u1ea5t t\u1ea1i s\u1ea3nh <\/span><b>x\u1ed5 s\u1ed1 New88<\/b><span style=\"font-weight: 400;\"> ch\u00ednh l\u00e0 t\u1ed1c \u0111\u1ed9 c\u1eadp nh\u1eadt k\u1ebft qu\u1ea3 c\u1ef1c k\u1ef3 nhanh ch\u00f3ng. Ch\u1ec9 trong t\u00edch t\u1eafc sau m\u1ed7i l\u01b0\u1ee3t quay, k\u1ebft qu\u1ea3 s\u1ebd \u0111\u01b0\u1ee3c hi\u1ec3n th\u1ecb r\u00f5 r\u00e0ng.\u00a0<\/span><\/p>\n<figure id=\"attachment_992\" aria-describedby=\"caption-attachment-992\" style=\"width: 800px\" class=\"wp-caption aligncenter\"><img title=\"Kh\u00f4ng gian c\u1eadp nh\u1eadt k\u1ebft qu\u1ea3 nhanh cho kh\u00e1ch h\u00e0ng khi tham gia\" loading=\"lazy\" decoding=\"async\" class=\"size-full wp-image-992\" src=\"http:\/\/nnnew88.com\/wp-content\/uploads\/2025\/12\/xo-so-new88-uu-diem.webp\" alt=\"Kh\u00f4ng gian c\u1eadp nh\u1eadt k\u1ebft qu\u1ea3 nhanh cho kh\u00e1ch h\u00e0ng khi tham gia\" width=\"800\" height=\"400\"><figcaption id=\"caption-attachment-992\" class=\"wp-caption-text\">Kh\u00f4ng gian c\u1eadp nh\u1eadt k\u1ebft qu\u1ea3 nhanh cho kh\u00e1ch h\u00e0ng khi tham gia<\/figcaption><\/figure>\n<p><span style=\"font-weight: 400;\">Cam k\u1ebft r\u1eb1ng khi tham gia t\u1ea1i nh\u00e0 c\u00e1i s\u1ebd kh\u00f4ng c\u00f3 \u0111\u1ed9 tr\u1ec5 hay nghi ng\u1edd v\u1ec1 t\u00ednh minh b\u1ea1ch. Ng\u01b0\u1eddi ch\u01a1i ch\u1ecdn v\u1edbi \u0111\u01a1n v\u1ecb s\u1ebd c\u1ea3m nh\u1eadn r\u00f5 s\u1ef1 h\u1ed3i h\u1ed9p, k\u1ecbch t\u00ednh v\u00e0 tin t\u01b0\u1edfng tuy\u1ec7t \u0111\u1ed1i v\u00e0o k\u1ebft qu\u1ea3 m\u00ecnh nh\u1eadn \u0111\u01b0\u1ee3c.<\/span><\/p>\n<h3><b>Kh\u00f4ng gian hi\u1ec7n \u0111\u1ea1i<\/b><\/h3>\n<p><span style=\"font-weight: 400;\">Giao di\u1ec7n x\u1ed5 s\u1ed1 c\u1ee7a \u0111\u01b0\u1ee3c thi\u1ebft k\u1ebf m\u1ed9t c\u00e1ch t\u1ed1i \u01b0u, tr\u1ef1c quan v\u00e0 th\u00e2n thi\u1ec7n v\u1edbi ng\u01b0\u1eddi d\u00f9ng. T\u1eeb vi\u1ec7c ch\u1ecdn s\u1ed1, \u0111\u1eb7t c\u01b0\u1ee3c cho \u0111\u1ebfn c\u00e1ch th\u1ee9c xem k\u1ebft qu\u1ea3, m\u1ecdi thao t\u00e1c \u0111\u1ec1u \u0111\u01b0\u1ee3c s\u1eafp x\u1ebfp h\u1ee3p l\u00fd, m\u01b0\u1ee3t m\u00e0. D\u00f9 l\u00e0 ng\u01b0\u1eddi m\u1edbi hay \u0111\u00e3 quen thu\u1ed9c v\u1edbi h\u00ecnh l\u00f4 \u0111\u1ec1 online, b\u1ea1n c\u0169ng s\u1ebd d\u1ec5 d\u00e0ng thao t\u00e1c v\u00e0 kh\u00f4ng g\u1eb7p b\u1ea5t k\u1ef3 tr\u1edf ng\u1ea1i n\u00e0o.<\/span><\/p>\n<h2><b>C\u00e1c h\u00ecnh th\u1ee9c h\u1ea5p d\u1eabn trong kh\u00f4ng gian x\u1ed5 s\u1ed1 New88<\/b><\/h2>\n<p><span style=\"font-weight: 400;\">Hi\u1ec7n t\u1ea1i, New88 \u0111ang cung c\u1ea5p cho ng\u01b0\u1eddi ch\u01a1i h\u1ec7 th\u1ed1ng x\u1ed5 s\u1ed1 v\u00f4 c\u00f9ng phong ph\u00fa. T\u1eeb h\u00ecnh th\u1ee9c \u0111\u00e1nh truy\u1ec1n th\u1ed1ng quen thu\u1ed9c cho \u0111\u1ebfn c\u00e1c bi\u1ebfn th\u1ec3 hi\u1ec7n \u0111\u1ea1i, h\u1ea5p d\u1eabn. M\u1ed7i tr\u00f2 ch\u01a1i t\u1ea1i \u0111\u00e2y \u0111\u1ec1u \u0111\u01b0\u1ee3c \u0111\u1ea7u t\u01b0 r\u1ea5t k\u1ef9 l\u01b0\u1ee1ng, mang l\u1ea1i cho ng\u01b0\u1eddi tham gia nhi\u1ec1u l\u1ef1a ch\u1ecdn ph\u00f9 h\u1ee3p v\u1edbi s\u1edf th\u00edch c\u00e1 nh\u00e2n.<\/span><\/p>\n<h3><b>X\u1ed5 s\u1ed1 truy\u1ec1n th\u1ed1ng<\/b><\/h3>\n<p style=\"text-align: left;\"><span style=\"font-weight: 400;\">Trong s\u1ea3nh x\u1ed5 s\u1ed1 c\u1ee7a <a href=\"https:\/\/nnnew88.com\/\"><strong>New88<\/strong><\/a>, phi\u00ean b\u1ea3n truy\u1ec1n th\u1ed1ng l\u00e0 h\u00ecnh th\u1ee9c kh\u00f4ng th\u1ec3 thi\u1ebfu. Kh\u00e1ch h\u00e0ng c\u00f3 th\u1ec3 tham gia quay s\u1ed1 t\u1ea1i c\u00e1c \u0111\u00e0i l\u1edbn nh\u01b0 Mi\u1ec1n Nam, Mi\u1ec1n Trung,\u2026 V\u1edbi k\u1ebft qu\u1ea3 s\u1ebd \u0111\u01b0\u1ee3c c\u1eadp nh\u1eadt li\u00ean t\u1ee5c m\u1ed7i ng\u00e0y cho kh\u00e1ch h\u00e0ng \u0111\u00f3n xem.<\/span><\/p>\n<p><span style=\"font-weight: 400;\">M\u1ed7i mi\u1ec1n \u0111\u1ec1u c\u00f3 l\u1ecbch quay v\u00e0 c\u01a1 c\u1ea5u gi\u1ea3i th\u01b0\u1edfng ri\u00eang, v\u00ec th\u1ebf ng\u01b0\u1eddi ch\u01a1i c\u1ea7n t\u00ecm hi\u1ec3u k\u1ef9 l\u01b0\u1ee1ng tr\u01b0\u1edbc khi \u0111\u1eb7t c\u01b0\u1ee3c. V\u1edbi m\u1ee9c th\u01b0\u1edfng \u0111\u1eb7t ra r\u1ea5t h\u1ea5p d\u1eabn, \u0111\u00e2y lu\u00f4n l\u00e0 l\u1ef1a ch\u1ecdn h\u00e0ng \u0111\u1ea7u c\u1ee7a nhi\u1ec1u ng\u01b0\u1eddi ch\u01a1i l\u00e2u n\u0103m tin t\u01b0\u1edfng.<\/span><\/p>\n<h3><b>Game keno th\u00fa v\u1ecb<\/b><\/h3>\n<p><span style=\"font-weight: 400;\">Keno t\u1ea1i th\u01b0\u01a1ng hi\u1ec7u theo nh\u01b0 \u0111\u00e1nh gi\u00e1 l\u00e0 tr\u00f2 ch\u01a1i x\u1ed5 s\u1ed1 c\u00f3 c\u00e1ch ch\u01a1i \u0111\u01a1n gi\u1ea3n, d\u1ec5 hi\u1ec3u, nh\u01b0ng \u0111\u00e1p \u1ee9ng ti\u00eau ph\u00f9 h\u1ee3p cho c\u1ea3 ng\u01b0\u1eddi m\u1edbi. Ch\u1ec9 c\u1ea7n ch\u1ecdn m\u1ed9t ho\u1eb7c nhi\u1ec1u con s\u1ed1 t\u1eeb d\u00e3y d\u1eef li\u1ec7u \u0111\u01b0\u1ee3c cung c\u1ea5p l\u00e0 b\u1ea1n c\u00f3 th\u1ec3 tham gia \u0111\u01b0\u1ee3c ngay nh\u00e9!\u00a0<\/span><\/p>\n<figure id=\"attachment_994\" aria-describedby=\"caption-attachment-994\" style=\"width: 800px\" class=\"wp-caption aligncenter\"><img title=\"Game keno trong kh\u00f4ng gian x\u1ed5 s\u1ed1 New88 d\u1ec5 tham gia\" loading=\"lazy\" decoding=\"async\" class=\"size-full wp-image-994\" src=\"http:\/\/nnnew88.com\/wp-content\/uploads\/2025\/12\/xo-so-new88-game-keno.webp\" alt=\"Game keno trong kh\u00f4ng gian x\u1ed5 s\u1ed1 New88 d\u1ec5 tham gia\" width=\"800\" height=\"400\"><figcaption id=\"caption-attachment-994\" class=\"wp-caption-text\">Game keno trong kh\u00f4ng gian x\u1ed5 s\u1ed1 New88 d\u1ec5 tham gia<\/figcaption><\/figure>\n<p><span style=\"font-weight: 400;\">Sau \u0111\u00f3 l\u00e0 ti\u1ec1n h\u00e0nh \u0111\u1eb7t c\u01b0\u1ee3c ti\u1ec1n ch\u00ednh th\u1ee9c theo nh\u01b0 h\u01b0\u1edbng d\u1eabn \u0111\u01b0\u01a1ng nhi\u00ean r\u1eb1ng l\u00e0 b\u1ea1n \u0111\u00e3 c\u00f3 c\u01a1 h\u1ed9i tr\u00fang th\u01b0\u1edfng. K\u1ebft qu\u1ea3 s\u1ebd \u0111\u01b0\u1ee3c kh\u00f4ng gian <\/span><b>x\u1ed5 s\u1ed1 New88<\/b><span style=\"font-weight: 400;\"> c\u1eadp nh\u1eadt t\u1ef1 \u0111\u1ed9ng cho kh\u00e1ch h\u00e0ng sau m\u1ed7i l\u01b0\u1ee3t quay. Theo \u0111\u00f3, mang \u0111\u1ebfn cho h\u1ed9i vi\u00ean tr\u1ea3i nghi\u1ec7m \u0111\u00e1nh \u0111\u1ec1 nh\u1eb9 nh\u00e0ng m\u00e0 v\u1eabn \u0111\u1ea7y h\u1ed3i h\u1ed9p.<\/span><\/p>\n<h3><b>X\u1ed5 s\u1ed1 New88 theo d\u1ea1ng si\u00eau t\u1ed1c\u00a0<\/b><\/h3>\n<p><span style=\"font-weight: 400;\">\u0110\u00e1nh \u0111\u1ec1 si\u00eau t\u1ed1c l\u00e0 l\u1ef1a ch\u1ecdn h\u1ea5p d\u1eabn d\u00e0nh cho nh\u1eefng ai th\u00edch ch\u01a1i v\u1edbi \u01b0u \u0111i\u1ec3m nh\u1ecbp \u0111\u1ed9 nhanh v\u00e0 mu\u1ed1n bi\u1ebft k\u1ebft qu\u1ea3 ngay trong t\u00edch t\u1eafc. Ng\u01b0\u1eddi ch\u01a1i ch\u1ec9 c\u1ea7n ch\u1ecdn cho m\u00ecnh con s\u1ed1 may m\u1eafn, \u0111\u1eb7t c\u01b0\u1ee3c v\u00e0 ch\u1edd v\u00e0i gi\u00e2y \u0111\u1ec3 bi\u1ebft ngay k\u1ebft qu\u1ea3 t\u1ee9c th\u00ec.\u00a0<\/span><\/p>\n<p><span style=\"font-weight: 400;\">V\u1edbi t\u1ed1c \u0111\u1ed9 quay c\u1ef1c nhanh v\u00e0 ph\u1ea7n th\u01b0\u1edfng tr\u1ea3 v\u1ec1 cho kh\u00e1ch h\u00e0ng v\u1edbi tr\u1ecb gi\u00e1 h\u1ea5p d\u1eabn. C\u00f3 th\u1ec3 kh\u1eb3ng \u0111\u1ecbnh r\u1eb1ng \u0111\u00e2y l\u00e0 h\u00ecnh th\u1ee9c \u0111ang r\u1ea5t \u0111\u01b0\u1ee3c l\u00f2ng h\u1ed9i vi\u00ean y\u00eau th\u00edch c\u1ea3m gi\u00e1c nhanh, kh\u00f4ng c\u1ea7n s\u1ef1 ch\u1edd \u0111\u1ee3i.<\/span><\/p>\n<h2><b>L\u01b0u \u00fd quan tr\u1ecdng khi ch\u01a1i trong kh\u00f4ng gian X\u1ed5 s\u1ed1 New88<\/b><\/h2>\n<p><span style=\"font-weight: 400;\">Khi b\u01b0\u1edbc v\u00e0o kh\u00f4ng gian gi\u1ea3i tr\u00ed x\u1ed5 s\u1ed1 h\u1ea5p d\u1eabn t\u1ea1i \u0111\u01a1n v\u1ecb, c\u00f3 m\u1ed9t v\u00e0i \u0111i\u1ec1u quan tr\u1ecdng m\u00e0 b\u1ea1n n\u00ean l\u01b0u \u00fd \u0111\u1ec3 c\u00f3 \u0111\u01b0\u1ee3c cho m\u00ecnh nh\u1eefng tr\u1ea3i nghi\u1ec7m tr\u1ecdn v\u1eb9n v\u00e0 hi\u1ec7u qu\u1ea3 nh\u1ea5t:<\/span><\/p>\n<h3><b>Hi\u1ec3u r\u00f5 lu\u1eadt ch\u01a1i<\/b><\/h3>\n<p><span style=\"font-weight: 400;\">Tr\u01b0\u1edbc ti\u00ean, kh\u00e1ch h\u00e0ng n\u1ebfu mu\u1ed1n th\u1eed s\u1ee9c l\u00e2u d\u00e0i trong kh\u00f4ng gian \u0111\u00ecnh \u0111\u00e1m <\/span><b>x\u1ed5 s\u1ed1 New88<\/b><span style=\"font-weight: 400;\"> h\u00e3y d\u00e0nh th\u1eddi gian t\u00ecm hi\u1ec3u k\u1ef9 c\u00e1c quy t\u1eafc c\u1ee7a t\u1eebng lo\u1ea1i m\u00e0 n\u1ec1n t\u1ea3ng cung c\u1ea5p. N\u1eafm r\u00f5 lu\u1eadt gi\u00fap b\u1ea1n c\u1ea3m th\u1ea5y t\u1ef1 tin h\u01a1n khi ch\u01a1i v\u00e0 c\u00f2n gi\u00fap gia t\u0103ng c\u01a1 h\u1ed9i gi\u00e0nh \u0111\u01b0\u1ee3c chi\u1ebfn th\u1eafng.<\/span><\/p>\n<h3><b>T\u1eadn d\u1ee5ng t\u1ed1i \u0111a c\u00e1c c\u00f4ng c\u1ee5 h\u1ed7 tr\u1ee3<\/b><\/h3>\n<p><span style=\"font-weight: 400;\">Hi\u1ec7n t\u1ea1i, th\u01b0\u01a1ng hi\u1ec7u cung c\u1ea5p nhi\u1ec1u ti\u1ec7n \u00edch kh\u00e1c nhau d\u00e0nh cho b\u1ea1n. Ch\u1eb3ng h\u1ea1n nh\u01b0 b\u1ea3ng th\u1ed1ng k\u00ea, d\u1eef li\u1ec7u d\u1ef1 \u0111o\u00e1n v\u00e0 c\u00e1c b\u00e0i vi\u1ebft ph\u00e2n t\u00edch chuy\u00ean s\u00e2u. Kh\u00e1ch h\u00e0ng h\u00e3y khai th\u00e1c nh\u1eefng t\u00e0i nguy\u00ean n\u00e0y m\u1ed9t c\u00e1ch th\u00f4ng minh, \u0111\u1ec3 \u0111\u01b0a ra cho m\u00ecnh l\u1ef1a ch\u1ecdn ch\u00ednh x\u00e1c h\u01a1n khi ti\u1ebfn h\u00e0nh \u0111\u1eb7t c\u01b0\u1ee3c.<\/span><\/p>\n<figure id=\"attachment_993\" aria-describedby=\"caption-attachment-993\" style=\"width: 800px\" class=\"wp-caption aligncenter\"><img title=\"C\u1ea7n t\u1eadn d\u1ee5ng nhi\u1ec1u c\u00f4ng c\u1ee5 khi ch\u01a1i t\u1ea1i x\u1ed5 s\u1ed1 New88\" loading=\"lazy\" decoding=\"async\" class=\"size-full wp-image-993\" src=\"http:\/\/nnnew88.com\/wp-content\/uploads\/2025\/12\/xo-so-new88-luu-y-quan-trong.webp\" alt=\"C\u1ea7n t\u1eadn d\u1ee5ng nhi\u1ec1u c\u00f4ng c\u1ee5 khi ch\u01a1i t\u1ea1i x\u1ed5 s\u1ed1 New88\" width=\"800\" height=\"400\"><figcaption id=\"caption-attachment-993\" class=\"wp-caption-text\">C\u1ea7n t\u1eadn d\u1ee5ng nhi\u1ec1u c\u00f4ng c\u1ee5 khi ch\u01a1i t\u1ea1i x\u1ed5 s\u1ed1 New88<\/figcaption><\/figure>\n<h3><b>Ch\u1ee7 \u0111\u1ed9ng k\u1ebft n\u1ed1i v\u1edbi \u0111\u1ed9i ng\u0169 h\u1ed7 tr\u1ee3 New88 khi g\u1eb7p ph\u1ea3i kh\u00f3 kh\u0103n<\/b><\/h3>\n<p><span style=\"font-weight: 400;\">N\u1ebfu c\u00f3 b\u1ea5t k\u1ef3 th\u1eafc m\u1eafc hay kh\u00f3 kh\u0103n n\u00e0o trong qu\u00e1 tr\u00ecnh tham gia ch\u01a1i, \u0111\u1eebng ng\u1ea7n ng\u1ea1i li\u00ean h\u1ec7 ngay v\u1edbi b\u1ed9 ph\u1eadn ch\u0103m s\u00f3c kh\u00e1ch h\u00e0ng c\u1ee7a. H\u1ecd lu\u00f4n s\u1eb5n s\u00e0ng h\u1ed7 tr\u1ee3 b\u1ea1n 24\/7 v\u1edbi th\u00e1i \u0111\u1ed9 nhi\u1ec7t t\u00ecnh v\u00e0 chuy\u00ean nghi\u1ec7p.<\/span><\/p>\n<h2><b>K\u1ebft lu\u1eadn<\/b><\/h2>\n<p><b>X\u1ed5 s\u1ed1 New88 <\/b><span style=\"font-weight: 400;\">theo nh\u01b0 \u0111\u00e1nh gi\u00e1 c\u1ee7a c\u00e1c th\u00e0nh vi\u00ean mang \u0111\u1ebfn tr\u1ea3i nghi\u1ec7m c\u01b0\u1ee3c s\u1ed1 tr\u1ef1c tuy\u1ebfn h\u1ea5p d\u1eabn, minh b\u1ea1ch v\u00e0 c\u00f3 nhi\u1ec1u c\u01a1 h\u1ed9i th\u1eafng l\u1edbn. Kh\u00e1ch h\u00e0ng \u0111\u1eebng b\u1ecf l\u1ee1 c\u01a1 h\u1ed9i th\u1eed v\u1eadn may m\u1ed7i ng\u00e0y v\u00e0 rinh th\u01b0\u1edfng h\u1ea5p d\u1eabn c\u00f9ng h\u1ec7 th\u1ed1ng x\u1ed5 s\u1ed1 uy t\u00edn h\u00e0ng \u0111\u1ea7u c\u1ee7a hi\u1ec7n nay.<\/span><\/p>\n","protected":false},"excerpt":{"rendered":"<p>X\u1ed5 s\u1ed1 New88 l\u00e0 kh\u00f4ng gian \u0111\u00e1nh \u0111\u1ec1 tr\u1ef1c tuy\u1ebfn h\u1ea5p d\u1eabn d\u00e0nh cho nh\u1eefng kh\u00e1ch h\u00e0ng \u0111am m\u00ea con s\u1ed1 v\u00e0 mu\u1ed1n th\u1eed v\u1eadn may c\u1ee7a m\u00ecnh m\u1ed7i ng\u00e0y. V\u1edbi \u0111a d\u1ea1ng h\u00ecnh th\u1ee9c c\u01b0\u1ee3c kh\u00e1c, t\u1ef7 l\u1ec7 th\u01b0\u1edfng cao. Ch\u1eafc ch\u1eafn r\u1eb1ng \u0111\u00e2y l\u00e0 l\u1ef1a ch\u1ecdn h\u1ea5p d\u1eabn d\u00e0nh cho ng\u01b0\u1eddi ch\u01a1i m\u1edbi&#8230; Xem th\u00eam<\/p>\n","protected":false},"author":1,"featured_media":846,"parent":0,"menu_order":0,"comment_status":"closed","ping_status":"closed","template":"","meta":{"footnotes":""},"class_list":["post-841","page","type-page","status-publish","has-post-thumbnail","hentry"],"_links":{"self":[{"href":"https:\/\/nnnew88.com\/index.php\/wp-json\/wp\/v2\/pages\/841","targetHints":{"allow":["GET"]}}],"collection":[{"href":"https:\/\/nnnew88.com\/index.php\/wp-json\/wp\/v2\/pages"}],"about":[{"href":"https:\/\/nnnew88.com\/index.php\/wp-json\/wp\/v2\/types\/page"}],"author":[{"embeddable":true,"href":"https:\/\/nnnew88.com\/index.php\/wp-json\/wp\/v2\/users\/1"}],"replies":[{"embeddable":true,"href":"https:\/\/nnnew88.com\/index.php\/wp-json\/wp\/v2\/comments?post=841"}],"version-history":[{"count":0,"href":"https:\/\/nnnew88.com\/index.php\/wp-json\/wp\/v2\/pages\/841\/revisions"}],"wp:featuredmedia":[{"embeddable":true,"href":"https:\/\/nnnew88.com\/index.php\/wp-json\/wp\/v2\/media\/846"}],"wp:attachment":[{"href":"https:\/\/nnnew88.com\/index.php\/wp-json\/wp\/v2\/media?parent=841"}],"curies":[{"name":"wp","href":"https:\/\/api.w.org\/{rel}","templated":true}]}}