{"id":842,"date":"2025-12-26T09:18:06","date_gmt":"2025-12-26T09:18:06","guid":{"rendered":"https:\/\/nnnew88.com\/index.php\/ban-ca-new88\/"},"modified":"2025-12-26T09:18:06","modified_gmt":"2025-12-26T09:18:06","slug":"ban-ca-new88","status":"publish","type":"page","link":"https:\/\/nnnew88.com\/index.php\/ban-ca-new88\/","title":{"rendered":"B\u1eaeN C\u00c1 NEW88"},"content":{"rendered":"<p><span style=\"font-weight: 400;\">S\u1ea3nh game <\/span><a href=\"https:\/\/nnnew88.com\/ban-ca-new88\/\"><b>b\u1eafn c\u00e1 New88<\/b><\/a><span style=\"font-weight: 400;\"> lu\u00f4n l\u00e0 \u0111i\u1ec3m \u0111\u1ebfn y\u00eau th\u00edch c\u1ee7a \u0111\u00f4ng \u0111\u1ea3o kh\u00e1ch h\u00e0ng nh\u1edd l\u1ed1i ch\u01a1i \u0111\u1ed5i th\u01b0\u1edfng \u0111\u1ed9c \u0111\u00e1o v\u00e0 \u0111\u1ea7y k\u1ecbch t\u00ednh. Tr\u00ean n\u1ec1n t\u1ea3ng, chuy\u00ean m\u1ee5c si\u00eau hot n\u00e0y nhanh ch\u00f3ng tr\u1edf th\u00e0nh t\u00e2m \u0111i\u1ec3m \u0111\u01b0\u1ee3c nhi\u1ec1u c\u1ea7n th\u1ee7 l\u1ef1a ch\u1ecdn. Ngay sau \u0111\u00e2y, b\u1ea1n s\u1ebd \u0111\u01b0\u1ee3c cung c\u1ea5p th\u00f4ng tin chi ti\u1ebft v\u1ec1 khu v\u1ef1c gi\u1ea3i tr\u00ed h\u1ea5p d\u1eabn n\u00e0y k\u00e8m theo h\u01b0\u1edbng d\u1eabn c\u1ee5 th\u1ec3 \u0111\u1ec3 d\u1ec5 d\u00e0ng tham gia s\u0103n b\u1eafn nh\u1eadn th\u01b0\u1edfng tr\u1ef1c tuy\u1ebfn.<\/span><\/p>\n<h2><b>\u0110\u00f4i n\u00e9t b\u1ea1n c\u1ea7n bi\u1ebft v\u1ec1 s\u1ea3nh b\u1eafn c\u00e1 New88<\/b><\/h2>\n<p><span style=\"font-weight: 400;\">Ngay t\u1eeb th\u1eddi \u0111i\u1ec3m ra m\u1eaft, s\u1ea3nh <\/span><b>b\u1eafn c\u00e1 New88<\/b><span style=\"font-weight: 400;\"> \u0111\u00e3 nhanh ch\u00f3ng chi\u1ebfm \u0111\u01b0\u1ee3c c\u1ea3m t\u00ecnh c\u1ee7a c\u1ed9ng \u0111\u1ed3ng y\u00eau th\u00edch game gi\u1ea3i tr\u00ed. Nh\u1edd v\u00e0o ph\u1ea7n th\u01b0\u1edfng gi\u00e1 tr\u1ecb c\u00f9ng h\u00ecnh \u1ea3nh \u0111\u1ed3 h\u1ecda b\u1eaft m\u1eaft, khu v\u1ef1c ch\u01a1i n\u00e0y mang \u0111\u1ebfn kh\u00f4ng gian s\u0103n c\u00e1 \u0111\u1ea7y cu\u1ed1n h\u00fat v\u00e0 m\u1edbi l\u1ea1.<\/span><\/p>\n<p><span style=\"font-weight: 400;\">H\u1ec7 th\u1ed1ng t\u1ea1i \u0111\u00e2y \u0111\u01b0\u1ee3c ph\u00e1t tri\u1ec3n d\u1ef1a tr\u00ean n\u1ec1n t\u1ea3ng truy\u1ec1n th\u1ed1ng, nh\u01b0ng \u0111\u00e3 \u0111\u01b0\u1ee3c n\u00e2ng c\u1ea5p b\u1eb1ng c\u00f4ng ngh\u1ec7 hi\u1ec7n \u0111\u1ea1i nh\u1eb1m t\u1ea1o n\u00ean tr\u1ea3i nghi\u1ec7m m\u01b0\u1ee3t m\u00e0 v\u00e0 h\u1ea5p d\u1eabn h\u01a1n. Trong chuy\u00ean m\u1ee5c n\u00e0y, c\u1ea7n th\u1ee7 s\u1ebd c\u00f3 c\u01a1 h\u1ed9i kh\u00e1m ph\u00e1 h\u00e0ng lo\u1ea1t game s\u0103n th\u01b0\u1edfng \u0111a d\u1ea1ng, ph\u00f9 h\u1ee3p v\u1edbi nhi\u1ec1u phong c\u00e1ch v\u00e0 s\u1edf th\u00edch kh\u00e1c nhau.<\/span><\/p>\n<p><span style=\"font-weight: 400;\">\u0110\u00e1ng ch\u00fa \u00fd, nh\u00e0 c\u00e1i c\u00f2n b\u1eaft tay h\u1ee3p t\u00e1c v\u1edbi c\u00e1c th\u01b0\u01a1ng hi\u1ec7u ph\u00e1t tri\u1ec3n game h\u00e0ng \u0111\u1ea7u \u0111\u1ec3 cung c\u1ea5p nh\u1eefng s\u1ea3n ph\u1ea9m ch\u1ea5t l\u01b0\u1ee3ng cao. S\u1ef1 k\u1ebft h\u1ee3p n\u00e0y kh\u00f4ng ch\u1ec9 l\u00e0m phong ph\u00fa th\u00eam l\u1ef1a ch\u1ecdn m\u00e0 c\u00f2n mang \u0111\u1ebfn cho kh\u00e1ch h\u00e0ng nh\u1eefng gi\u00e2y ph\u00fat gi\u1ea3i tr\u00ed \u0111\u1ec9nh cao.<\/span><\/p>\n<figure id=\"attachment_961\" aria-describedby=\"caption-attachment-961\" style=\"width: 800px\" class=\"wp-caption aligncenter\"><img title=\"\u0110\u00f4i n\u00e9t v\u1ec1 s\u1ea3nh b\u1eafn c\u00e1 New88\" loading=\"lazy\" decoding=\"async\" class=\"size-full wp-image-961\" src=\"http:\/\/nnnew88.com\/wp-content\/uploads\/2025\/12\/ban-ca-new88-doi-net.webp\" alt=\"\u0110\u00f4i n\u00e9t v\u1ec1 s\u1ea3nh b\u1eafn c\u00e1 New88\" width=\"800\" height=\"400\"><figcaption id=\"caption-attachment-961\" class=\"wp-caption-text\">\u0110\u00f4i n\u00e9t v\u1ec1 s\u1ea3nh b\u1eafn c\u00e1 New88<\/figcaption><\/figure>\n<h2><b>Top si\u00eau ph\u1ea9m \u0103n kh\u00e1ch t\u1ea1i b\u1eafn c\u00e1 New88<\/b><\/h2>\n<p><span style=\"font-weight: 400;\">T\u1ea1i n\u1ec1n t\u1ea3ng c\u1ee7a ch\u00fang t\u00f4i, c\u00e1c t\u1ef1a game s\u0103n c\u00e1 kh\u00f4ng ch\u1ec9 \u0111a d\u1ea1ng v\u1ec1 h\u00ecnh th\u1ee9c m\u00e0 c\u00f2n mang l\u1ea1i tr\u1ea3i nghi\u1ec7m gi\u1ea3i tr\u00ed \u0111\u1ed9c \u0111\u00e1o, ph\u00f9 h\u1ee3p v\u1edbi m\u1ecdi gu ch\u01a1i c\u1ee7a ng\u01b0\u1eddi d\u00f9ng. Ngay sau \u0111\u00e2y l\u00e0 nh\u1eefng si\u00eau ph\u1ea9m n\u1ed5i b\u1eadt m\u00e0 b\u1ea1n kh\u00f4ng n\u00ean b\u1ecf l\u1ee1:<\/span><\/p>\n<h3><b>Happy fishing t\u01b0\u01a1i m\u1edbi<\/b><\/h3>\n<p><span style=\"font-weight: 400;\">Happy Fishing l\u00e0 m\u1ed9t trong nh\u1eefng l\u1ef1a ch\u1ecdn ti\u00eau bi\u1ec3u t\u1ea1i s\u1ea3nh <\/span><b>b\u1eafn c\u00e1 New88<\/b><span style=\"font-weight: 400;\">, n\u1ed5i b\u1eadt v\u1edbi thi\u1ebft k\u1ebf giao di\u1ec7n th\u00e2n thi\u1ec7n v\u00e0 sinh \u0111\u1ed9ng. Tr\u00f2 ch\u01a1i n\u00e0y \u0111\u1eb7c bi\u1ec7t ph\u00f9 h\u1ee3p v\u1edbi nh\u1eefng t\u00e2n th\u1ee7 m\u1edbi b\u1eaft \u0111\u1ea7u, nh\u1edd l\u1ed1i ch\u01a1i tr\u1ef1c quan v\u00e0 d\u1ec5 ti\u1ebfp c\u1eadn. Ch\u00ednh s\u1ef1 \u0111\u01a1n gi\u1ea3n \u1ea5y gi\u00fap h\u1ed9i vi\u00ean nhanh ch\u00f3ng l\u00e0m quen, t\u1eeb \u0111\u00f3 t\u1eadn h\u01b0\u1edfng c\u1ea3m gi\u00e1c th\u01b0 gi\u00e3n v\u00e0 th\u00edch th\u00fa trong t\u1eebng pha s\u0103n c\u00e1.<\/span><\/p>\n<h3><b>Hero fishing \u0111\u1ed9c \u0111\u00e1o<\/b><\/h3>\n<p><span style=\"font-weight: 400;\">Hero Fishing chinh ph\u1ee5c kh\u00e1ch h\u00e0ng nh\u1edd h\u1ec7 th\u1ed1ng c\u1ea5p \u0111\u1ed9 \u0111\u01b0\u1ee3c x\u00e2y d\u1ef1ng linh ho\u1ea1t, tr\u1ea3i d\u00e0i t\u1eeb d\u1ec5 \u0111\u1ebfn n\u00e2ng cao, ph\u00f9 h\u1ee3p v\u1edbi c\u1ea3 ng\u01b0\u1eddi m\u1edbi l\u1eabn tay s\u0103n c\u00e1 d\u00e0y d\u1ea1n kinh nghi\u1ec7m. Tr\u00f2 ch\u01a1i \u0111\u01b0a b\u1ea1n v\u00e0o h\u00e0nh tr\u00ecnh kh\u00e1m ph\u00e1 \u0111\u1ea1i d\u01b0\u01a1ng \u0111\u1ea7y s\u1eafc m\u00e0u, n\u01a1i m\u1ed7i m\u00e0n ch\u01a1i \u0111\u1ec1u l\u00e0 m\u1ed9t th\u1eed th\u00e1ch h\u1ea5p d\u1eabn gi\u00fap n\u00e2ng cao k\u1ef9 n\u0103ng v\u00e0 ph\u1ea3n x\u1ea1 trong t\u1eebng pha b\u1eafn s\u00fang.<\/span><\/p>\n<h3><b>Lucky fishing h\u1ea5p d\u1eabn<\/b><\/h3>\n<p><span style=\"font-weight: 400;\">Lucky Fishing t\u1ea1i s\u1ea3nh<\/span><b> b\u1eafn c\u00e1 New88<\/b><span style=\"font-weight: 400;\"> kh\u00f4ng ch\u1ec9 mang \u0111\u1ebfn c\u1ea3m gi\u00e1c quen thu\u1ed9c m\u00e0 c\u00f2n t\u1ea1o s\u1ef1 kh\u00e1c bi\u1ec7t nh\u1edd s\u1ef1 g\u00f3p m\u1eb7t c\u1ee7a nhi\u1ec1u lo\u00e0i sinh v\u1eadt bi\u1ec3n hi\u1ebfm c\u00f3 kh\u00f3 t\u00ecm. \u0110i\u1ec3m n\u1ed5i b\u1eadt c\u1ee7a si\u00eau ph\u1ea9m game n\u00e0y n\u1eb1m \u1edf c\u01a1 ch\u1ebf quay th\u01b0\u1edfng l\u1ea1 m\u1eaft, mang \u0111\u1ebfn cho c\u1ea7n th\u1ee7 c\u01a1 h\u1ed9i nh\u1eadn ph\u1ea7n th\u01b0\u1edfng gi\u00e1 tr\u1ecb, \u0111\u1ed3ng th\u1eddi gia t\u0103ng thu nh\u1eadp m\u1ed9t c\u00e1ch nhanh ch\u00f3ng.<\/span><\/p>\n<h3><b>Vua s\u0103n c\u00e1<\/b><\/h3>\n<p><span style=\"font-weight: 400;\">Fishing Master \u2013 m\u1ed9t trong nh\u1eefng tr\u00f2 ch\u01a1i b\u1eafn c\u00e1 n\u1ed5i b\u1eadt t\u1ea1i New88 \u2013 \u0111\u01b0\u1ee3c ph\u00e1t tri\u1ec3n b\u1edfi MD Online Corporation v\u00e0 g\u00e2y \u1ea5n t\u01b0\u1ee3ng m\u1ea1nh nh\u1edd \u0111\u1ed3 h\u1ecda sinh \u0111\u1ed9ng, b\u1eaft m\u1eaft. Ng\u01b0 th\u1ee7 c\u00f3 th\u1ec3 d\u1ec5 d\u00e0ng t\u1ea3i game v\u1ec1 \u0111i\u1ec7n tho\u1ea1i v\u00e0 tham gia m\u1ecdi l\u00fac, m\u1ecdi n\u01a1i.<\/span><\/p>\n<p><span style=\"font-weight: 400;\">T\u1ef1a game n\u00e0y cho ph\u00e9p b\u1ea1n so t\u00e0i c\u00f9ng nhi\u1ec1u \u0111\u1ed1i th\u1ee7 tr\u1ef1c tuy\u1ebfn trong th\u1eddi gian th\u1ef1c, s\u1eed d\u1ee5ng lo\u1ea1t v\u0169 kh\u00ed m\u1ea1nh m\u1ebd v\u1edbi m\u1ee9c gi\u00e1 c\u1ef1c k\u1ef3 h\u1ee3p l\u00fd. Th\u00eam v\u00e0o \u0111\u00f3, t\u00ednh n\u0103ng t\u1ef1 \u0111\u1ed9ng nh\u1eafm b\u1eafn v\u00e0 h\u1ed7 tr\u1ee3 ch\u1ee5p chu\u1ea9n x\u00e1c gi\u00fap h\u1ed9i vi\u00ean v\u1eeba th\u01b0 gi\u00e3n v\u1eeba c\u00f3 c\u01a1 h\u1ed9i mang v\u1ec1 nh\u1eefng ph\u1ea7n th\u01b0\u1edfng gi\u00e1 tr\u1ecb.<\/span><\/p>\n<h3><b>S\u0103n c\u00e1 v\u00e0ng \u0111\u1eb7c s\u1eafc<\/b><\/h3>\n<p><span style=\"font-weight: 400;\">T\u1ef1a game<\/span><b> b\u1eafn c\u00e1 New88<\/b><span style=\"font-weight: 400;\"> n\u00e0y h\u1ee9a h\u1eb9n mang \u0111\u1ebfn m\u1ed9t chuy\u1ebfn phi\u00eau l\u01b0u k\u1ef3 th\u00fa d\u01b0\u1edbi l\u00f2ng \u0111\u1ea1i d\u01b0\u01a1ng, n\u01a1i kh\u00e1ch h\u00e0ng s\u1ebd \u0111\u01b0\u1ee3c \u0111\u1eafm ch\u00ecm trong kh\u00f4ng gian \u0111\u1ed3 h\u1ecda b\u1eaft m\u1eaft c\u00f9ng \u00e2m thanh ch\u00e2n th\u1ef1c. V\u1edbi h\u1ec7 sinh v\u1eadt bi\u1ec3n phong ph\u00fa v\u00e0 gameplay cu\u1ed1n h\u00fat, b\u1ea1n s\u1ebd b\u01b0\u1edbc v\u00e0o m\u1ed9t th\u1ebf gi\u1edbi d\u01b0\u1edbi n\u01b0\u1edbc \u0111\u1ea7y m\u00e0u s\u1eafc v\u00e0 ng\u1eadp tr\u00e0n nh\u1eefng \u0111i\u1ec1u b\u1ea5t ng\u1edd h\u1ea5p d\u1eabn.<\/span><\/p>\n<figure id=\"attachment_962\" aria-describedby=\"caption-attachment-962\" style=\"width: 800px\" class=\"wp-caption aligncenter\"><img title=\"Top si\u00eau ph\u1ea9m \u0103n kh\u00e1ch nh\u1ea5t\" loading=\"lazy\" decoding=\"async\" class=\"size-full wp-image-962\" src=\"http:\/\/nnnew88.com\/wp-content\/uploads\/2025\/12\/ban-ca-new88-top-game.webp\" alt=\"Top si\u00eau ph\u1ea9m \u0103n kh\u00e1ch nh\u1ea5t\" width=\"800\" height=\"400\"><figcaption id=\"caption-attachment-962\" class=\"wp-caption-text\">Top si\u00eau ph\u1ea9m \u0103n kh\u00e1ch nh\u1ea5t<\/figcaption><\/figure>\n<h2><b>B\u1eadt m\u00ed chi\u1ebfn thu\u1eadt ng\u1eafm \u0111\u00e2u tr\u00fang \u0111\u00f3 t\u1ea1i b\u1eafn c\u00e1 New88<\/b><\/h2>\n<p><span style=\"font-weight: 400;\">Mu\u1ed1n tr\u1edf th\u00e0nh cao th\u1ee7 trong l\u00e0ng b\u1eafn c\u00e1 t\u1ea1i New88, vi\u1ec7c v\u1eadn d\u1ee5ng chi\u1ebfn l\u01b0\u1ee3c m\u1ed9t c\u00e1ch th\u00f4ng minh l\u00e0 \u0111i\u1ec1u kh\u00f4ng th\u1ec3 b\u1ecf qua. Ngay sau \u0111\u00e2y l\u00e0 m\u1ed9t v\u00e0i b\u00ed quy\u1ebft h\u1eefu \u00edch m\u00e0 c\u00e1c tay s\u0103n c\u00e1 n\u00ean c\u00e2n nh\u1eafc \u00e1p d\u1ee5ng \u0111\u1ec3 c\u1ea3i thi\u1ec7n k\u1ef9 n\u0103ng c\u1ee7a m\u00ecnh:<\/span><\/p>\n<h3><b>B\u1eafn theo \u0111\u01b0\u1eddng ch\u00e9o<\/b><\/h3>\n<p><span style=\"font-weight: 400;\">M\u1ed9t m\u1eb9o h\u1eefu \u00edch trong qu\u00e1 tr\u00ecnh ch\u01a1i <\/span><b>b\u1eafn c\u00e1 New88<\/b><span style=\"font-weight: 400;\"> l\u00e0 \u00e1p d\u1ee5ng k\u1ef9 thu\u1eadt b\u1eafn theo h\u01b0\u1edbng ch\u00e9o, gi\u00fap ti\u1ebft ki\u1ec7m \u0111\u1ea1n v\u00e0 n\u00e2ng cao hi\u1ec7u qu\u1ea3 ti\u00eau di\u1ec7t m\u1ee5c ti\u00eau. V\u1edbi h\u01b0\u1edbng b\u1eafn n\u00e0y, \u0111\u01b0\u1eddng \u0111i c\u1ee7a \u0111\u1ea1n s\u1ebd c\u1eaft ngang qua nhi\u1ec1u khu v\u1ef1c, \u0111\u1eb7c bi\u1ec7t ph\u00e1t huy t\u00e1c d\u1ee5ng khi c\u00e1 di chuy\u1ec3n theo \u0111\u00e0n, gi\u00fap b\u1ea1n d\u1ec5 d\u00e0ng ghi \u0111i\u1ec3m li\u00ean t\u1ee5c.<\/span><\/p>\n<blockquote>\n<p>B\u00e0i vi\u1ebft hot: <a href=\"https:\/\/nnnew88.com\/xoc-dia-new88\/\"><strong>X\u00f3c \u0110\u0129a New88<\/strong><\/a> L\u00e0 G\u00ec? 4+ M\u1eb9o Ch\u01a1i X\u00f3c \u0110\u0129a Ki\u1ebfm Ti\u1ec1n Tri\u1ec7u<\/p>\n<\/blockquote>\n<h3><b>S\u1eed d\u1ee5ng \u0111\u1ea1n m\u1ea1nh s\u0103n boss<\/b><\/h3>\n<p><span style=\"font-weight: 400;\">\u0110\u1ed1i v\u1edbi nh\u1eefng lo\u00e0i c\u00e1 k\u00edch th\u01b0\u1edbc l\u1edbn ho\u1eb7c c\u00e1c m\u1ee5c ti\u00eau mang l\u1ea1i ph\u1ea7n th\u01b0\u1edfng cao, vi\u1ec7c s\u1eed d\u1ee5ng \u0111\u1ea1n c\u00f3 s\u00e1t th\u01b0\u01a1ng m\u1ea1nh l\u00e0 \u0111i\u1ec1u n\u00ean c\u00e2n nh\u1eafc. M\u1eb7c d\u00f9 lo\u1ea1i \u0111\u1ea1n n\u00e0y c\u00f3 gi\u00e1 th\u00e0nh cao h\u01a1n, nh\u01b0ng b\u00f9 l\u1ea1i, kh\u1ea3 n\u0103ng k\u1ebft li\u1ec5u nhanh ch\u00f3ng gi\u00fap b\u1ea1n ti\u1ebft ki\u1ec7m th\u1eddi gian v\u00e0 t\u1ed1i \u01b0u h\u00f3a l\u1ee3i nhu\u1eadn, ho\u00e0n to\u00e0n x\u1ee9ng \u0111\u00e1ng v\u1edbi s\u1ed1 v\u1ed1n b\u1ecf ra.<\/span><\/p>\n<figure id=\"attachment_959\" aria-describedby=\"caption-attachment-959\" style=\"width: 800px\" class=\"wp-caption aligncenter\"><img title=\"B\u1eadt m\u00ed chi\u1ebfn thu\u1eadt b\u1eafn c\u00e1\" loading=\"lazy\" decoding=\"async\" class=\"size-full wp-image-959\" src=\"http:\/\/nnnew88.com\/wp-content\/uploads\/2025\/12\/ban-ca-new88-chien-thuat.webp\" alt=\"B\u1eadt m\u00ed chi\u1ebfn thu\u1eadt b\u1eafn c\u00e1\" width=\"800\" height=\"400\"><figcaption id=\"caption-attachment-959\" class=\"wp-caption-text\">B\u1eadt m\u00ed chi\u1ebfn thu\u1eadt b\u1eafn c\u00e1<\/figcaption><\/figure>\n<h2><b>K\u1ebft lu\u1eadn<\/b><\/h2>\n<p><span style=\"font-weight: 400;\">Mong r\u1eb1ng qua nh\u1eefng th\u00f4ng tin v\u1eeba chia s\u1ebb, b\u1ea1n \u0111\u00e3 c\u00f3 c\u00e1i nh\u00ecn r\u00f5 n\u00e9t h\u01a1n v\u1ec1 kh\u00f4ng gian gi\u1ea3i tr\u00ed \u0111\u1ed9c \u0111\u00e1o t\u1ea1i s\u1ea3nh <\/span><b>b\u1eafn c\u00e1 New88<\/b><span style=\"font-weight: 400;\">. \u0110\u1eebng ch\u1ea7n ch\u1eeb, h\u00e3y truy c\u1eadp th\u01b0\u01a1ng hi\u1ec7u <a href=\"https:\/\/nnnew88.com\/\"><strong>NEW88<\/strong><\/a> ngay h\u00f4m nay \u0111\u1ec3 h\u00f2a m\u00ecnh v\u00e0o nh\u1eefng tr\u1eadn chi\u1ebfn d\u01b0\u1edbi \u0111\u00e1y bi\u1ec3n \u0111\u1ea7y k\u1ecbch t\u00ednh v\u00e0 b\u1ea5t ng\u1edd h\u1ea5p d\u1eabn \u0111ang ch\u1edd \u0111\u00f3n!<\/span><\/p>\n","protected":false},"excerpt":{"rendered":"<p>S\u1ea3nh game b\u1eafn c\u00e1 New88 lu\u00f4n l\u00e0 \u0111i\u1ec3m \u0111\u1ebfn y\u00eau th\u00edch c\u1ee7a \u0111\u00f4ng \u0111\u1ea3o kh\u00e1ch h\u00e0ng nh\u1edd l\u1ed1i ch\u01a1i \u0111\u1ed5i th\u01b0\u1edfng \u0111\u1ed9c \u0111\u00e1o v\u00e0 \u0111\u1ea7y k\u1ecbch t\u00ednh. Tr\u00ean n\u1ec1n t\u1ea3ng, chuy\u00ean m\u1ee5c si\u00eau hot n\u00e0y nhanh ch\u00f3ng tr\u1edf th\u00e0nh t\u00e2m \u0111i\u1ec3m \u0111\u01b0\u1ee3c nhi\u1ec1u c\u1ea7n th\u1ee7 l\u1ef1a ch\u1ecdn. Ngay sau \u0111\u00e2y, b\u1ea1n s\u1ebd \u0111\u01b0\u1ee3c cung c\u1ea5p&#8230; Xem th\u00eam<\/p>\n","protected":false},"author":1,"featured_media":847,"parent":0,"menu_order":0,"comment_status":"closed","ping_status":"closed","template":"","meta":{"footnotes":""},"class_list":["post-842","page","type-page","status-publish","has-post-thumbnail","hentry"],"_links":{"self":[{"href":"https:\/\/nnnew88.com\/index.php\/wp-json\/wp\/v2\/pages\/842","targetHints":{"allow":["GET"]}}],"collection":[{"href":"https:\/\/nnnew88.com\/index.php\/wp-json\/wp\/v2\/pages"}],"about":[{"href":"https:\/\/nnnew88.com\/index.php\/wp-json\/wp\/v2\/types\/page"}],"author":[{"embeddable":true,"href":"https:\/\/nnnew88.com\/index.php\/wp-json\/wp\/v2\/users\/1"}],"replies":[{"embeddable":true,"href":"https:\/\/nnnew88.com\/index.php\/wp-json\/wp\/v2\/comments?post=842"}],"version-history":[{"count":0,"href":"https:\/\/nnnew88.com\/index.php\/wp-json\/wp\/v2\/pages\/842\/revisions"}],"wp:featuredmedia":[{"embeddable":true,"href":"https:\/\/nnnew88.com\/index.php\/wp-json\/wp\/v2\/media\/847"}],"wp:attachment":[{"href":"https:\/\/nnnew88.com\/index.php\/wp-json\/wp\/v2\/media?parent=842"}],"curies":[{"name":"wp","href":"https:\/\/api.w.org\/{rel}","templated":true}]}}