{"id":844,"date":"2025-12-26T09:18:07","date_gmt":"2025-12-26T09:18:07","guid":{"rendered":"https:\/\/nnnew88.com\/index.php\/no-hu-new88\/"},"modified":"2025-12-26T09:18:07","modified_gmt":"2025-12-26T09:18:07","slug":"no-hu-new88","status":"publish","type":"page","link":"https:\/\/nnnew88.com\/index.php\/no-hu-new88\/","title":{"rendered":"N\u1ed4 H\u0168 NEW88"},"content":{"rendered":"<p><a href=\"https:\/\/nnnew88.com\/no-hu-new88\/\"><b>N\u1ed5 h\u0169 New88<\/b><\/a><span style=\"font-weight: 400;\"> \u2013 S\u1ea3nh c\u01b0\u1ee3c v\u1edbi nhi\u1ec1u th\u1ebf m\u1ea1nh \u0111\u1eb7c tr\u01b0ng h\u1ee9a h\u1eb9n s\u1ebd l\u00e0 s\u00e2n ch\u01a1i m\u00e0 b\u1ea1n kh\u00f4ng n\u00ean b\u1ecf l\u1ee1. T\u1ea1i \u0111\u00e2y mang \u0111\u1ebfn h\u00e0ng ng\u00e0n ch\u1ee7 \u0111\u1ec1 h\u1ea5p d\u1eabn v\u1edbi t\u1ef7 l\u1ec7 tr\u1ea3 th\u01b0\u1edfng c\u1ea1nh tranh kh\u00f4ng kh\u00f3 \u0111\u1ec3 h\u1ed9i vi\u00ean nhanh ch\u00f3ng ch\u1ecdn \u0111\u01b0\u1ee3c cho m\u00ecnh m\u1ed9t v\u00f2ng quay \u01b0ng \u00fd. Th\u00f4ng qua nh\u1eefng n\u1ed9i dung \u0111\u01b0\u1ee3c chia s\u1ebb trong b\u00e0i vi\u1ebft kh\u00e1ch h\u00e0ng s\u1ebd hi\u1ec3u h\u01a1n \u01b0u \u0111i\u1ec3m n\u1ed5i b\u1eadt c\u1ee7a s\u1ea3n ph\u1ea9m kh\u00e1m ph\u00e1 ngay nh\u00e9.<\/span><\/p>\n<h2><b>Th\u00f4ng tin s\u1ea3nh n\u1ed5 h\u0169 New88<\/b><\/h2>\n<p><span style=\"font-weight: 400;\"><a href=\"https:\/\/nnnew88.com\/\"><strong>New88<\/strong><\/a> \u0111\u01b0\u1ee3c m\u1ec7nh danh l\u00e0 s\u00e2n ch\u01a1i c\u00e1 c\u01b0\u1ee3c tr\u1ef1c tuy\u1ebfn \u0111\u1eb3ng c\u1ea5p h\u00e0ng \u0111\u1ea7u ch\u00e2u \u00c1 v\u1edbi \u0111a d\u1ea1ng c\u00e1c lo\u1ea1i h\u00ecnh gi\u1ea3i tr\u00ed ph\u1ee5c v\u1ee5 h\u1ed9i vi\u00ean. <\/span><b>N\u1ed5 h\u0169 New88 <\/b><span style=\"font-weight: 400;\">s\u1ea3nh c\u01b0\u1ee3c \u0111\u01b0\u1ee3c nh\u00e0 c\u00e1i cho ra m\u1eaft t\u1eeb nh\u1eefng ng\u00e0y \u0111\u1ea7u th\u00e0nh l\u1eadp h\u1ec7 th\u1ed1ng v\u1edbi s\u1ef1 h\u1ee3p t\u00e1c v\u00e0 li\u00ean k\u1ebft c\u00f9ng nhi\u1ec1u nh\u00e0 ph\u00e1t h\u00e0nh uy t\u00edn. \u0110am m\u00ea nh\u1eefng v\u00f2ng quay slot game b\u1ea1n s\u1ebd nhanh ch\u00f3ng ch\u1ecdn \u0111\u01b0\u1ee3c cho m\u00ecnh m\u1ed9t ch\u1ee7 \u0111\u1ec1 \u01b0ng \u00fd v\u1edbi thi\u1ebft k\u1ebf \u0111\u1ed3 h\u1ecda \u0111\u1eb9p m\u1eaft v\u00e0 t\u1ef7 l\u1ec7 tr\u1ea3 th\u01b0\u1edfng c\u1ea1nh tranh.<\/span><\/p>\n<figure id=\"attachment_979\" aria-describedby=\"caption-attachment-979\" style=\"width: 800px\" class=\"wp-caption aligncenter\"><img title=\"S\u01a1 l\u01b0\u1ee3c v\u1ec1 s\u1ea3nh n\u1ed5 h\u0169 New88\" loading=\"lazy\" decoding=\"async\" class=\"size-full wp-image-979\" src=\"http:\/\/nnnew88.com\/wp-content\/uploads\/2025\/12\/so-luoc-ve-sanh-no-hu-new88.webp\" alt=\"S\u01a1 l\u01b0\u1ee3c v\u1ec1 s\u1ea3nh n\u1ed5 h\u0169 New88\" width=\"800\" height=\"400\"><figcaption id=\"caption-attachment-979\" class=\"wp-caption-text\">S\u01a1 l\u01b0\u1ee3c v\u1ec1 s\u1ea3nh n\u1ed5 h\u0169 New88<\/figcaption><\/figure>\n<p><span style=\"font-weight: 400;\">C\u00e1c s\u1ea3n ph\u1ea9m \u0111\u01b0\u1ee3c ph\u00e1t tri\u1ec3n t\u1ea1i s\u1ea3nh <\/span><b>n\u1ed5 h\u0169 New88 <\/b><span style=\"font-weight: 400;\">x\u00e2y d\u1ef1ng theo quy lu\u1eadt v\u00e0 c\u00e1ch ch\u01a1i truy\u1ec1n th\u1ed1ng c\u1ee7a c\u00e1c m\u00e1y \u0111\u00e1nh x\u00e8ng t\u1ea1i s\u00f2ng b\u1ea1c, v\u1eady n\u00ean kh\u00f4ng kh\u00f3 \u0111\u1ec3 b\u1ea1n c\u00f3 th\u1ec3 ti\u1ebfp c\u1eadn c\u00f9ng tham gia. Vi\u1ec7c t\u00edch h\u1ee3p c\u00e1c t\u1ef1a game tr\u00ean n\u1ec1n t\u1ea3ng tr\u1ef1c tuy\u1ebfn gi\u00fap cho h\u1ed9i vi\u00ean c\u00f3 th\u1ec3 v\u00e0o ch\u01a1i \u1edf b\u1ea5t k\u1ef3 n\u01a1i \u0111\u00e2u r\u1ea5t ti\u1ec7n l\u1ee3i. N\u1ebfu nh\u01b0 y\u00eau th\u00edch nh\u1eefng tr\u00f2 ch\u01a1i th\u1eed v\u1eadn may th\u00ec \u0111\u1ea7y x\u1ee9ng \u0111\u00e1ng l\u00e0 m\u1ed9t s\u1ea3nh c\u01b0\u1ee3c m\u00e0 b\u1ea1n kh\u00f4ng n\u00ean b\u1ecf l\u1ee1.<\/span><\/p>\n<h2><b>\u01afu \u0111i\u1ec3m t\u1ea1o n\u00ean s\u1ea3nh n\u1ed5 h\u0169 New88 \u0111\u00e1ng tr\u1ea3i nghi\u1ec7m<\/b><\/h2>\n<p><span style=\"font-weight: 400;\">Th\u00e0nh c\u00f4ng mang \u0111\u1ebfn m\u1ed9t s\u1ea3nh n\u1ed5 h\u0169 \u0111\u1ed5i th\u01b0\u1edfng c\u00f3 s\u1ee9c h\u00fat cao nh\u01b0 hi\u1ec7n nay l\u00e0 c\u1ea3 m\u1ed9t qu\u00e1 tr\u00ecnh \u0111\u1ea7u t\u01b0 k\u1ef9 l\u01b0\u1ee1ng \u0111\u1ebfn t\u1eeb nh\u00e0 c\u00e1i New88. V\u1edbi nhi\u1ec1u th\u1ebf m\u1ea1nh \u0111\u1eb7c tr\u01b0ng \u0111\u00e2y c\u0169ng ch\u00ednh l\u00e0 l\u00fd do m\u00e0 b\u1ea1n n\u00ean th\u1eed m\u1ed9t l\u1ea7n tr\u1ea3i nghi\u1ec7m c\u00f9ng c\u00e1c v\u00f2ng quay \u0111\u1ec3 nh\u1eadn ngay th\u01b0\u1edfng l\u1edbn.<\/span><\/p>\n<h3><b>Ch\u1ee7 \u0111\u1ec1, th\u1ec3 lo\u1ea1i game \u0111a d\u1ea1ng<\/b><\/h3>\n<p><span style=\"font-weight: 400;\">Li\u00ean k\u1ebft c\u00f9ng v\u1edbi h\u01a1n 10 nh\u00e0 ph\u00e1t h\u00e0nh uy t\u00edn tr\u00ean th\u1ecb tr\u01b0\u1eddng \u0111\u00e3 gi\u00fap cho nh\u00e0 c\u00e1i s\u1edf h\u1eefu s\u1ea3nh <\/span><b>n\u1ed5 h\u0169 New88 <\/b><span style=\"font-weight: 400;\">v\u1edbi h\u00e0ng ng\u00e0n tr\u00f2 ch\u01a1i \u0111i\u1ec7n t\u1eed h\u1ea5p d\u1eabn. H\u1ed9i vi\u00ean s\u1ebd nhanh ch\u00f3ng ch\u1ecdn \u0111\u01b0\u1ee3c cho m\u00ecnh m\u1ed9t ch\u1ee7 \u0111\u1ec1 y\u00eau th\u00edch v\u1edbi c\u00e1c bi\u1ec3u t\u01b0\u1ee3ng ph\u00f9 h\u1ee3p. Ngo\u00e0i ra c\u00e1ch th\u1ee9c v\u1eadn h\u00e0nh c\u1ee7a c\u00e1c cu\u1ed9n quay c\u0169ng phong ph\u00fa kh\u00f4ng k\u00e9m ph\u1ee5 thu\u1ed9c v\u00e0o s\u1ed1 h\u00e0ng t\u00ednh \u0111i\u1ec3m \u0111\u01b0\u1ee3c m\u1edf r\u1ed9ng.<\/span><\/p>\n<figure id=\"attachment_981\" aria-describedby=\"caption-attachment-981\" style=\"width: 800px\" class=\"wp-caption aligncenter\"><img title=\"N\u1ed5 h\u0169 New88 tr\u1ea3 th\u01b0\u1edfng h\u1ea5p d\u1eabn, nh\u1eadn ti\u1ec1n c\u1ef1c \u0111\u00e3\" loading=\"lazy\" decoding=\"async\" class=\"size-full wp-image-981\" src=\"http:\/\/nnnew88.com\/wp-content\/uploads\/2025\/12\/no-hu-new88-tra-thuong-hap-dan.webp\" alt=\"N\u1ed5 h\u0169 New88 tr\u1ea3 th\u01b0\u1edfng h\u1ea5p d\u1eabn, nh\u1eadn ti\u1ec1n c\u1ef1c \u0111\u00e3\" width=\"800\" height=\"400\"><figcaption id=\"caption-attachment-981\" class=\"wp-caption-text\">N\u1ed5 h\u0169 New88 tr\u1ea3 th\u01b0\u1edfng h\u1ea5p d\u1eabn, nh\u1eadn ti\u1ec1n c\u1ef1c \u0111\u00e3<\/figcaption><\/figure>\n<h3><b>Tr\u1ea3 th\u01b0\u1edfng h\u1ea5p d\u1eabn, h\u1ec7 th\u1ed1ng x\u1eed l\u00fd hi\u1ec7n \u0111\u1ea1i<\/b><\/h3>\n<p><span style=\"font-weight: 400;\">T\u00f9y thu\u1ed9c v\u00e0o t\u1eebng tr\u00f2 ch\u01a1i m\u00e0 anh em l\u1ef1a ch\u1ecdn s\u1ebd c\u00f3 t\u1ef7 l\u1ec7 tr\u1ea3 th\u01b0\u1edfng ri\u00eang bi\u1ec7t. Kh\u00f4ng ch\u1ec9 c\u00f3 c\u00e1ch t\u00ednh \u0111i\u1ec3m d\u1ef1a tr\u00ean m\u1ee9c c\u01b0\u1ee3c v\u00e0 s\u1ed1 h\u00e0ng ng\u01b0\u1eddi ch\u01a1i l\u1ef1a ch\u1ecdn, hi\u1ec7n t\u1ea1i m\u1ed7i bi\u1ec3u t\u01b0\u1ee3ng s\u1ebd mang tr\u00ean m\u00ecnh m\u1ed9t c\u1ea5p s\u1ed1 nh\u00e2n r\u1ea5t gi\u00e1 tr\u1ecb. Th\u00e0nh c\u00f4ng s\u1edf h\u1eefu v\u00f2ng quay jackpot qu\u00e0 t\u1eb7ng c\u00f3 th\u1ec3 l\u00ean \u0111\u1ebfn v\u00e0i tr\u0103m l\u1ea7n t\u00ednh theo \u0111i\u1ec3m c\u01b0\u1ee3c \u0111\u00e3 b\u1ecf ra, h\u1ec7 th\u1ed1ng x\u1eed l\u00fd hi\u1ec7n \u0111\u1ea1i t\u1ed5ng k\u1ebft \u0111i\u1ec3m th\u01b0\u1edfng chu\u1ea9n x\u00e1c c\u1ea5p t\u1ed1c b\u1ea1n ho\u00e0n to\u00e0n y\u00ean t\u00e2m.<\/span><\/p>\n<h3><b>H\u1ed7 tr\u1ee3 \u0111\u1ed5i th\u01b0\u1edfng sau khi tr\u1ea3i nghi\u1ec7m<\/b><\/h3>\n<p><span style=\"font-weight: 400;\">Khi l\u1ef1a ch\u1ecdn \u0111\u1eb7t c\u01b0\u1ee3c <\/span><b>n\u1ed5 h\u0169 New88 <\/b><span style=\"font-weight: 400;\">ng\u01b0\u1eddi ch\u01a1i c\u00f3 th\u1ec3 \u0111\u1ed5i th\u01b0\u1edfng \u0103n ti\u1ec1n th\u1eadt th\u00f4ng qua h\u00ecnh th\u1ee9c r\u00fat ti\u1ec1n v\u1ec1 t\u00e0i kho\u1ea3n ng\u00e2n h\u00e0ng li\u00ean k\u1ebft. B\u1ea1n ch\u1ec9 c\u1ea7n thao t\u00e1c nh\u1eadp li\u1ec7u th\u00f4ng tin theo bi\u1ec3u m\u1eabu s\u1eb5n c\u00f3 l\u00e0 \u0111\u00e3 c\u00f3 th\u1ec3 nhanh ch\u00f3ng mang ti\u1ec1n th\u01b0\u1edfng v\u1ec1 t\u00e0i kho\u1ea3n c\u1ea5p t\u1ed1c trong kho\u1ea3ng th\u1eddi gian t\u1eeb 3 \u0111\u1ebfn 5 ph\u00fat.<\/span><\/p>\n<h2><b>\u0110\u1ed1i t\u00e1c ph\u00e1t h\u00e0nh n\u1ed5 h\u0169 t\u1ea1i trang ch\u1ee7 New88<\/b><\/h2>\n<p><span style=\"font-weight: 400;\">Th\u00e0nh c\u00f4ng t\u1ea1o ra kho game v\u1edbi h\u01a1n 1.000 tr\u00f2 ch\u01a1i \u0111i\u1ec7n t\u1eed \u0111ang ch\u1edd \u0111\u1ee3i h\u1ed9i vi\u00ean \u0111\u1ebfn s\u00e2n th\u01b0\u1edfng l\u00e0 vi\u1ec7c t\u00ecm ki\u1ebfm k\u1ef9 l\u01b0\u1ee1ng \u0111\u1ec3 h\u1ee3p t\u00e1c c\u00f9ng nhi\u1ec1u nh\u00e0 ph\u00e1t h\u00e0nh uy t\u00edn tr\u00ean th\u1ecb tr\u01b0\u1eddng. Sau \u0111\u00e2y l\u00e0 danh s\u00e1ch v\u1ec1 m\u1ed9t s\u1ed1 \u0111\u1ed1i t\u00e1c \u0111\u00e1ng tin c\u1eady c\u00f3 m\u1eb7t t\u1ea1i s\u1ea3nh <\/span><b>n\u1ed5 h\u0169 New88<\/b><span style=\"font-weight: 400;\">, b\u1ea1n c\u00f9ng tham kh\u1ea3o \u0111\u1ec3 nhanh ch\u00f3ng ch\u1ecdn cho m\u00ecnh m\u1ed9t \u0111i\u1ec3m \u0111\u1ebfn ph\u00f9 h\u1ee3p.<\/span><\/p>\n<figure id=\"attachment_982\" aria-describedby=\"caption-attachment-982\" style=\"width: 800px\" class=\"wp-caption aligncenter\"><img title=\"T\u1ed5ng h\u1ee3p \u0111\u1ed1i t\u00e1c ph\u00e1t h\u00e0nh n\u1ed5 h\u0169 t\u1ea1i New88\" loading=\"lazy\" decoding=\"async\" class=\"size-full wp-image-982\" src=\"http:\/\/nnnew88.com\/wp-content\/uploads\/2025\/12\/doi-tac-phat-hanh-no-hu-tai-new88.webp\" alt=\"T\u1ed5ng h\u1ee3p \u0111\u1ed1i t\u00e1c ph\u00e1t h\u00e0nh n\u1ed5 h\u0169 t\u1ea1i New88\" width=\"800\" height=\"400\"><figcaption id=\"caption-attachment-982\" class=\"wp-caption-text\">T\u1ed5ng h\u1ee3p \u0111\u1ed1i t\u00e1c ph\u00e1t h\u00e0nh n\u1ed5 h\u0169 t\u1ea1i New88<\/figcaption><\/figure>\n<h3><b>JILI<\/b><\/h3>\n<p><span style=\"font-weight: 400;\">Jili l\u00e0 t\u00ean tu\u1ed5i n\u1ed5i ti\u1ebfng trong l\u0129nh v\u1ef1c ph\u00e1t h\u00e0nh c\u00e1c tr\u00f2 ch\u01a1i n\u1ed5 h\u0169 \u0111\u1ed5i th\u01b0\u1edfng. M\u1ed7i s\u1ea3n ph\u1ea9m \u0111\u1ec1u \u0111\u01b0\u1ee3c nh\u00e0 ph\u00e1t h\u00e0nh \u0111\u1ea7u t\u01b0 ch\u1ec9n chu v\u1ec1 m\u1eb7t thi\u1ebft k\u1ebf h\u00ecnh \u1ea3nh l\u1eabn cung c\u1ea5p c\u00e1c thao t\u00e1c v\u00f4 c\u00f9ng hi\u1ec7n \u0111\u1ea1i. C\u00f9ng ch\u00fang t\u00f4i \u0111i\u1ec3m qua m\u1ed9t s\u1ed1 t\u1ef1a game h\u1ea5p d\u1eabn m\u00e0 b\u1ea1n c\u00f3 th\u1ec3 l\u1ef1a ch\u1ecdn tr\u1ea3i nghi\u1ec7m nh\u01b0: \u0111\u1ebf qu\u1ed1c ho\u00e0ng kim, si\u00eau c\u1ea5p Ace, b\u1ea3o th\u1ea1ch kala,\u2026<\/span><\/p>\n<h3><b>PG<\/b><\/h3>\n<p><span style=\"font-weight: 400;\">Ti\u1ebfp n\u1ed1i th\u00e0nh c\u00f4ng c\u1ee7a c\u00e1c s\u1ea3nh casino v\u00e0 game b\u00e0i PG \u0111\u00e3 ph\u00e1t tri\u1ec3n th\u00eam tr\u00f2 ch\u01a1i slot game v\u00e0 \u0111ang r\u1ea5t m\u1ea1nh t\u1ea1i <\/span><b>n\u1ed5 h\u0169 New88<\/b><span style=\"font-weight: 400;\">. Ngo\u00e0i c\u01a1 h\u1ed9i s\u0103n \u0111i\u1ec3m th\u01b0\u1edfng t\u1eeb c\u00e1c cu\u1ed9n quay nh\u00e0 ph\u00e1t h\u00e0nh c\u00f2n cho ra m\u1eaft li\u00ean t\u1ee5c nh\u1eefng s\u1ef1 ki\u1ec7n, c\u01a1 h\u1ed9i \u0111\u1ec3 b\u1ea1n tham gia tranh t\u00e0i c\u00f9ng nh\u1eadn v\u1ec1 th\u01b0\u1edfng l\u1edbn. Ng\u01b0\u1eddi ch\u01a1i c\u0169ng c\u00f3 th\u1ec3 v\u1eadn d\u1ee5ng th\u00eam c\u00e1c t\u00ednh n\u0103ng nh\u01b0 autoplay, turbo gi\u00fap cho c\u00e1c v\u00f2ng quay \u0111\u01b0\u1ee3c di\u1ec5n ra c\u1ea5p t\u1ed1c h\u01a1n.<\/span><\/p>\n<h3><b>TP<\/b><\/h3>\n<p><span style=\"font-weight: 400;\">C\u00e1i t\u00ean ti\u1ebfp theo m\u00e0 ng\u01b0\u1eddi ch\u01a1i c\u00f3 th\u1ec3 quan t\u00e2m v\u00e0 tham gia \u0111\u1eb7t c\u01b0\u1ee3c t\u1ea1i s\u1ea3nh n\u1ed5 h\u0169 c\u1ee7a nh\u00e0 c\u00e1i New88 ch\u00ednh l\u00e0 TP. Si\u00eau nh\u00e0 vua, \u0111\u01b0\u1eddng m\u1ea1t ch\u01b0\u1ee3c, th\u00e0nh ph\u1ed1 v\u00e0ng l\u00e0 c\u00e1c s\u1ea3n ph\u1ea9m m\u00e0 b\u1ea1n c\u00f3 th\u1ec3 t\u00ecm \u0111\u1ebfn c\u00f9ng th\u1eed v\u1eadn may. Gi\u00e1 tr\u1ecb jackpot lu\u00f4n l\u00e0 \u0111\u00edch \u0111\u1ebfn m\u00e0 b\u1ea5t k\u1ef3 ng\u01b0\u1eddi ch\u01a1i n\u00e0o c\u0169ng mong mu\u1ed1n nh\u1eadn v\u1ec1 v\u00e0 b\u1ea1n c\u0169ng \u0111\u1eebng b\u1ecf l\u1ee1.<\/span><\/p>\n<h2><b>K\u1ebft lu\u1eadn<\/b><\/h2>\n<p><b>N\u1ed5 h\u0169 New88 <\/b><span style=\"font-weight: 400;\">v\u1edbi h\u00e0ng ng\u00e0n ch\u1ee7 \u0111\u1ec1 h\u1ea5p d\u1eabn k\u00e8m theo t\u1ef7 l\u1ec7 tr\u1ea3 th\u01b0\u1edfng c\u1ea1nh tranh x\u1ee9ng \u0111\u00e1ng l\u00e0 \u0111i\u1ec3m \u0111\u1ebfn m\u00e0 b\u1ea1n n\u00ean l\u1ef1a ch\u1ecdn c\u00f9ng th\u01b0\u1edfng v\u1eadn may. Ngo\u00e0i vi\u1ec7c \u0111\u01b0\u1ee3c \u0111\u1ed5i th\u01b0\u1edfng c\u1ea5p t\u1ed1c \u0111\u00e2y c\u0169ng ch\u00ednh l\u00e0 c\u01a1 h\u1ed9i gi\u00fap cho b\u1ea1n \u0111\u01b0\u1ee3c \u0111\u1eafm ch\u00ecm c\u00f9ng kho s\u1ea3n ph\u1ea9m c\u1ef1c h\u1ea5p d\u1eabn v\u1edbi nh\u1eefng v\u00f2ng quay ch\u1ea5t l\u01b0\u1ee3ng cao.<\/span><\/p>\n","protected":false},"excerpt":{"rendered":"<p>N\u1ed5 h\u0169 New88 &#8211; S\u1ea3nh c\u01b0\u1ee3c v\u1edbi nhi\u1ec1u th\u1ebf m\u1ea1nh \u0111\u1eb7c tr\u01b0ng h\u1ee9a h\u1eb9n s\u1ebd l\u00e0 s\u00e2n ch\u01a1i m\u00e0 b\u1ea1n kh\u00f4ng n\u00ean b\u1ecf l\u1ee1. T\u1ea1i \u0111\u00e2y mang \u0111\u1ebfn h\u00e0ng ng\u00e0n ch\u1ee7 \u0111\u1ec1 h\u1ea5p d\u1eabn v\u1edbi t\u1ef7 l\u1ec7 tr\u1ea3 th\u01b0\u1edfng c\u1ea1nh tranh kh\u00f4ng kh\u00f3 \u0111\u1ec3 h\u1ed9i vi\u00ean nhanh ch\u00f3ng ch\u1ecdn \u0111\u01b0\u1ee3c cho m\u00ecnh m\u1ed9t v\u00f2ng quay&#8230; Xem th\u00eam<\/p>\n","protected":false},"author":1,"featured_media":849,"parent":0,"menu_order":0,"comment_status":"closed","ping_status":"closed","template":"","meta":{"footnotes":""},"class_list":["post-844","page","type-page","status-publish","has-post-thumbnail","hentry"],"_links":{"self":[{"href":"https:\/\/nnnew88.com\/index.php\/wp-json\/wp\/v2\/pages\/844","targetHints":{"allow":["GET"]}}],"collection":[{"href":"https:\/\/nnnew88.com\/index.php\/wp-json\/wp\/v2\/pages"}],"about":[{"href":"https:\/\/nnnew88.com\/index.php\/wp-json\/wp\/v2\/types\/page"}],"author":[{"embeddable":true,"href":"https:\/\/nnnew88.com\/index.php\/wp-json\/wp\/v2\/users\/1"}],"replies":[{"embeddable":true,"href":"https:\/\/nnnew88.com\/index.php\/wp-json\/wp\/v2\/comments?post=844"}],"version-history":[{"count":0,"href":"https:\/\/nnnew88.com\/index.php\/wp-json\/wp\/v2\/pages\/844\/revisions"}],"wp:featuredmedia":[{"embeddable":true,"href":"https:\/\/nnnew88.com\/index.php\/wp-json\/wp\/v2\/media\/849"}],"wp:attachment":[{"href":"https:\/\/nnnew88.com\/index.php\/wp-json\/wp\/v2\/media?parent=844"}],"curies":[{"name":"wp","href":"https:\/\/api.w.org\/{rel}","templated":true}]}}