{"id":859,"date":"2025-12-26T09:18:26","date_gmt":"2025-12-26T09:18:26","guid":{"rendered":"https:\/\/nnnew88.com\/index.php\/casino-new88\/"},"modified":"2025-12-26T09:18:26","modified_gmt":"2025-12-26T09:18:26","slug":"casino-new88","status":"publish","type":"page","link":"https:\/\/nnnew88.com\/index.php\/casino-new88\/","title":{"rendered":"CASINO NEW88"},"content":{"rendered":"<p><a href=\"https:\/\/nnnew88.com\/casino-new88\/\"><b>Casino NEW88 <\/b><\/a><span style=\"font-weight: 400;\">th\u01b0\u1edfng l\u1edbn l\u00ean \u0111\u1ebfn 1.688K khi ho\u00e0n th\u00e0nh nhi\u1ec7m v\u1ee5 m\u1ed7i ng\u00e0y. Dealer chuy\u00ean nghi\u1ec7p c\u00f3 m\u1eb7t \u1edf m\u1ecdi b\u00e0n c\u01b0\u1ee3c cho ph\u00e9p b\u1ea1n tho\u1ea3i m\u00e1i giao l\u01b0u v\u00e0 gi\u1ea3i tr\u00ed kh\u00f4ng gi\u1edbi h\u1ea1n. Tr\u1edf th\u00e0nh h\u1ed9i vi\u00ean ngay l\u1eadp t\u1ee9c \u0111\u1ec3 nh\u1eadn ti\u1ec1n tri\u1ec7u c\u1ef1c kh\u1ee7ng t\u1eeb nh\u00e0 c\u00e1i uy t\u00edn!<\/span><\/p>\n<h2><b>Gi\u1edbi thi\u1ec7u s\u1ea3nh casino NEW88<\/b><\/h2>\n<p><b>Casino NEW88 <\/b><span style=\"font-weight: 400;\">l\u00e0 m\u1ed9t trong nh\u1eefng s\u1ea3nh c\u01b0\u1ee3c tr\u1ef1c tuy\u1ebfn c\u00f3 s\u1eb5n \u0111\u01b0\u1ee3c nhi\u1ec1u ng\u01b0\u1eddi y\u00eau th\u00edch khi cung c\u1ea5p lo\u1ea1t game hot nh\u01b0 Baccarat, Roulette, Fan Tan, Sicbo, Craps, Poker,\u2026 \u0110\u1eb7c bi\u1ec7t, nh\u00e0 c\u00e1i hi\u1ec7n \u0111ang cung c\u1ea5p d\u00e0n dealer chuy\u00ean nghi\u1ec7p \u0111\u1ebfn t\u1eeb Manila, Philippines, Europe,\u2026 cho b\u1ea1n l\u1ef1a ch\u1ecdn.<\/span><\/p>\n<p><span style=\"font-weight: 400;\">Hi\u1ec7n t\u1ea1i, <a href=\"https:\/\/nnnew88.com\/\"><strong>NEW88<\/strong><\/a> l\u00e0 \u0111\u1ecba ch\u1ec9 c\u00e1 c\u01b0\u1ee3c tr\u1ef1c tuy\u1ebfn \u0111\u01b0\u1ee3c ch\u1ee9ng nh\u1eadn b\u1edfi First Cagayan \u0111\u1ed3ng th\u1eddi, l\u00e0 \u0111\u1ed1i t\u00e1c c\u1ee7a h\u00e0ng lo\u1ea1t NPH game n\u1ed5i ti\u1ebfng nh\u01b0 WM, EVO, Big Gaming, SA, AE Sexy,\u2026 V\u00ec th\u1ebf, b\u1ea1n c\u00f3 th\u1ec3 y\u00ean t\u00e2m tuy\u1ec7t \u0111\u1ed1i v\u1ec1 \u0111\u1ed9 an to\u00e0n \u2013 xanh ch\u00edn \u2013 uy t\u00edn c\u1ee7a nh\u00e0 c\u00e1i.<\/span><\/p>\n<figure id=\"attachment_973\" aria-describedby=\"caption-attachment-973\" style=\"width: 800px\" class=\"wp-caption aligncenter\"><img title=\"Gi\u1edbi thi\u1ec7u t\u1ed5ng quan v\u1ec1 s\u1ea3nh casino NEW88\" loading=\"lazy\" decoding=\"async\" class=\"size-full wp-image-973\" src=\"http:\/\/nnnew88.com\/wp-content\/uploads\/2025\/12\/gioi-thieu-tong-quan-ve-sanh-casino-new88.webp\" alt=\"Gi\u1edbi thi\u1ec7u t\u1ed5ng quan v\u1ec1 s\u1ea3nh casino NEW88\" width=\"800\" height=\"400\"><figcaption id=\"caption-attachment-973\" class=\"wp-caption-text\">Gi\u1edbi thi\u1ec7u t\u1ed5ng quan v\u1ec1 s\u1ea3nh casino NEW88<\/figcaption><\/figure>\n<h2><b>Top 3+ s\u1ea3nh casino \u0111\u01b0\u1ee3c s\u0103n \u0111\u00f3n nh\u1ea5t<\/b><\/h2>\n<p><span style=\"font-weight: 400;\">Truy c\u1eadp <\/span><b>casino NEW88<\/b><span style=\"font-weight: 400;\">, b\u1ea1n c\u00f3 th\u1ec3 b\u1eaft \u0111\u1ea7u gi\u1ea3i tr\u00ed v\u1edbi 3+ s\u1ea3nh live \u0111\u01b0\u1ee3c nhi\u1ec1u ng\u01b0\u1eddi ch\u01a1i y\u00eau th\u00edch v\u00e0 s\u0103n \u0111\u00f3n d\u01b0\u1edbi \u0111\u00e2y.<\/span><\/p>\n<h3><b>Evolution<\/b><\/h3>\n<p><span style=\"font-weight: 400;\">N\u1ebfu b\u1ea1n l\u00e0 ng\u01b0\u1eddi y\u00eau th\u00edch dealer t\u1eeb Ch\u00e2u \u00c2u, h\u00e3y truy c\u1eadp Evolution ngay l\u1eadp t\u1ee9c. M\u1ed9t \u0111i\u1ec3m \u0111\u1eb7c bi\u1ec7t gi\u00fap EVO tr\u1edf th\u00e0nh s\u1ef1 l\u1ef1a ch\u1ecdn gi\u1ea3i tr\u00ed h\u00e0ng \u0111\u1ea7u l\u00e0, NPH cung c\u1ea5p liveshow c\u1ef1c k\u1ef3 m\u1edbi l\u1ea1 nh\u01b0 Funky Time, Crazy Time, Monopoly Live, Lighting Storm,\u2026<\/span><\/p>\n<h3><b>AE Sexy<\/b><\/h3>\n<p><span style=\"font-weight: 400;\">Tr\u1ea3i nghi\u1ec7m s\u00f2ng b\u1ea1c chu\u1ea9n Las Vegas v\u1edbi d\u00e0n dealer di\u1ec7n bikini c\u1ef1c sexy. AE Sexy cung c\u1ea5p lo\u1ea1t game hot nh\u01b0 Baccarat, Fan Tan, Bull Bull,\u2026 Ngo\u00e0i ra, NPH c\u00f2n cho ph\u00e9p h\u1ed9i vi\u00ean NEW88 theo d\u00f5i v\u00e0 \u0111\u1eb7t c\u01b0\u1ee3c t\u1eeb 2-4 ph\u00f2ng c\u00f9ng m\u1ed9t l\u00fac \u0111\u1ec3 nh\u1eadn th\u01b0\u1edfng c\u1ef1c h\u1eddi v\u1ec1 t\u00fai.<\/span><\/p>\n<figure id=\"attachment_972\" aria-describedby=\"caption-attachment-972\" style=\"width: 800px\" class=\"wp-caption aligncenter\"><img title=\"Top 3+ s\u1ea3nh game s\u00f2ng b\u1ea1c tr\u1ef1c ti\u1ebfp c\u1ef1c hot\" loading=\"lazy\" decoding=\"async\" class=\"size-full wp-image-972\" src=\"http:\/\/nnnew88.com\/wp-content\/uploads\/2025\/12\/top-3-sanh-game-casino-new88-cuc-hot.webp\" alt=\"Top 3+ s\u1ea3nh game s\u00f2ng b\u1ea1c tr\u1ef1c ti\u1ebfp c\u1ef1c hot\" width=\"800\" height=\"400\"><figcaption id=\"caption-attachment-972\" class=\"wp-caption-text\">Top 3+ s\u1ea3nh game s\u00f2ng b\u1ea1c tr\u1ef1c ti\u1ebfp c\u1ef1c hot<\/figcaption><\/figure>\n<h3><b>Microgaming<\/b><\/h3>\n<p><span style=\"font-weight: 400;\">Ra m\u1eaft ch\u00ednh th\u1ee9c v\u00e0o n\u0103m 2004, Microgaming \u0111\u01b0\u1ee3c y\u00eau th\u00edch khi cung c\u1ea5p nhi\u1ec1u th\u1ec3 lo\u1ea1i ph\u00f2ng ch\u01a1i kh\u00e1c nhau nh\u01b0 playboy, sexy bikini, royal,\u2026 B\u1ea1n c\u00f3 th\u1ec3 ch\u1ecdn b\u00e0n c\u01b0\u1ee3c c\u00f3 s\u1ef1 tham gia c\u1ee7a dealer \u1ea3o ho\u1eb7c dealer ng\u01b0\u1eddi th\u1eadt. N\u1ebfu gi\u00e0nh chi\u1ebfn th\u1eafng, MG c\u00f3 th\u1ec3 t\u1eb7ng th\u01b0\u1edfng g\u1ea5p 4 l\u1ea7n.<\/span><\/p>\n<h2><b>T\u1ea1i sao n\u00ean truy c\u1eadp casino NEW88 m\u1ed7i ng\u00e0y?<\/b><\/h2>\n<p><span style=\"font-weight: 400;\">Ngay d\u01b0\u1edbi \u0111\u00e2y l\u00e0 nh\u1eefng l\u00fd do t\u1ea1i sao ng\u01b0\u1eddi ch\u01a1i n\u00ean truy c\u1eadp s\u1ea3nh <\/span><b>casino NEW88 <\/b><span style=\"font-weight: 400;\">m\u1ed7i ng\u00e0y.<\/span><\/p>\n<ul>\n<li style=\"font-weight: 400;\" aria-level=\"1\"><span style=\"font-weight: 400;\">Cung c\u1ea5p ph\u00f2ng ch\u01a1i s\u00f2ng b\u1ea1c \u0111a th\u1ec3 lo\u1ea1i.<\/span><\/li>\n<li style=\"font-weight: 400;\" aria-level=\"1\"><span style=\"font-weight: 400;\">C\u00f3 th\u1ec3 \u0111\u1eb7t c\u01b0\u1ee3c v\u1edbi m\u1ee9c ti\u1ec1n t\u1ed1i thi\u1ec3u ch\u1ec9 t\u1eeb 10K.<\/span><\/li>\n<li style=\"font-weight: 400;\" aria-level=\"1\"><span style=\"font-weight: 400;\">D\u00e0n dealer c\u1ef1c hot \u0111\u1ebfn t\u1eeb Ch\u00e2u \u00c2u v\u00e0 Ch\u00e2u \u00c1.<\/span><\/li>\n<li style=\"font-weight: 400;\" aria-level=\"1\"><span style=\"font-weight: 400;\">Khuy\u1ebfn m\u00e3i th\u01b0\u1edfng casino c\u1ef1c h\u1eddi cho to\u00e0n b\u1ed9 h\u1ed9i vi\u00ean v\u1edbi v\u00f2ng c\u01b0\u1ee3c c\u1ef1c th\u1ea5p, doanh thu ng\u1eafn cho b\u1ea1n d\u1ec5 d\u00e0ng ho\u00e0n th\u00e0nh nhi\u1ec7m v\u1ee5.<\/span><\/li>\n<li style=\"font-weight: 400;\" aria-level=\"1\"><span style=\"font-weight: 400;\">H\u1ed9i vi\u00ean c\u00f3 th\u1ec3 tip th\u00eam ti\u1ec1n cho dealer khi \u0111ang ch\u01a1i \u0111\u1ed3ng th\u1eddi, t\u1eb7ng qu\u00e0 \u1ea3o ngay tr\u00ean phi\u00ean live.<\/span><\/li>\n<li style=\"font-weight: 400;\" aria-level=\"1\"><span style=\"font-weight: 400;\">D\u1ec5 d\u00e0ng n\u1ea1p ti\u1ec1n v\u00e0 \u0111\u1eb7t c\u01b0\u1ee3c tr\u1ef1c ti\u1ebfp m\u00e0 kh\u00f4ng ph\u1ea3i tho\u00e1t ra v\u00e0o l\u1ea1i.<\/span><\/li>\n<li style=\"font-weight: 400;\" aria-level=\"1\"><span style=\"font-weight: 400;\">\u0110a d\u1ea1ng s\u1ea3nh live v\u1edbi lo\u1ea1t game s\u00f2ng b\u1ea1c si\u00eau hot.<\/span><\/li>\n<\/ul>\n<h2><b>Ch\u01a1i game g\u00ec d\u1ec5 th\u1eafng khi v\u00e0o s\u00f2ng b\u1ea1c NEW88?<\/b><\/h2>\n<p><span style=\"font-weight: 400;\">Tr\u1edf th\u00e0nh h\u1ed9i vi\u00ean ch\u00ednh th\u1ee9c t\u1ea1i NEW88, b\u1ea1n s\u1ebd kh\u00f4ng th\u1ec3 n\u00e0o b\u1ecf qua lo\u1ea1t game hot t\u1ea1i s\u1ea3nh casino \u0111\u01b0\u1ee3c nhi\u1ec1u ng\u01b0\u1eddi s\u0103n \u0111\u00f3n d\u01b0\u1edbi \u0111\u00e2y.<\/span><\/p>\n<ul>\n<li style=\"font-weight: 400;\" aria-level=\"1\"><span style=\"font-weight: 400;\">Baccarat: Ng\u01b0\u1eddi ch\u01a1i c\u00f3 th\u1ec3 ki\u1ebfm ti\u1ec1n tri\u1ec7u t\u1eeb Baccarat b\u1eb1ng c\u00e1ch d\u1ef1 \u0111o\u00e1n t\u1ed5ng \u0111i\u1ec3m c\u1ee7a Banker hay Player l\u1edbn h\u01a1n v\u00e0 gi\u00e0nh chi\u1ebfn th\u1eafng. Tr\u00f2 ch\u01a1i n\u00e0y cho ph\u00e9p b\u1ea1n \u0111\u1eb7t c\u01b0\u1ee3c cho c\u1eeda Tie. \u0110i\u1ec1u n\u00e0y mang l\u1ea1i s\u1ef1 h\u1ea5p d\u1eabn v\u00e0 k\u1ecbch t\u00ednh trong m\u1ed7i v\u00e1n b\u00e0i.<\/span><\/li>\n<li style=\"font-weight: 400;\" aria-level=\"1\"><span style=\"font-weight: 400;\">Sicbo: Ch\u1ec9 c\u1ea7n d\u1ef1 \u0111o\u00e1n \u0111\u00fang t\u1ed5ng \u0111i\u1ec3m c\u1ee7a 3 vi\u00ean x\u00ed ng\u1ea7u, b\u1ea1n \u0111\u00e3 c\u00f3 ngay c\u01a1 h\u1ed9i nh\u00e2n th\u01b0\u1edfng t\u1eeb c\u00e1c c\u1eeda c\u01b0\u1ee3c nh\u01b0: C\u01b0\u1ee3c t\u1ed5ng, c\u01b0\u1ee3c 2 s\u1ed1, c\u01b0\u1ee3c 3 s\u1ed1, c\u01b0\u1ee3c \u0111\u01a1n,\u2026<\/span><\/li>\n<li style=\"font-weight: 400;\" aria-level=\"1\"><span style=\"font-weight: 400;\">Roulette: B\u1ea1n ch\u1ec9 c\u1ea7n \u0111\u1eb7t c\u01b0\u1ee3c cho c\u1eeda m\u00e0 b\u00f3ng c\u00f3 kh\u1ea3 n\u0103ng d\u1eebng l\u1ea1i nh\u01b0 c\u01b0\u1ee3c t\u00e1, c\u01b0\u1ee3c \u0111\u1ecf\/\u0111en, c\u01b0\u1ee3c c\u1ed9t,\u2026<\/span><\/li>\n<li style=\"font-weight: 400;\" aria-level=\"1\"><span style=\"font-weight: 400;\">Blackjack: T\u00ednh \u0111i\u1ec3m c\u1ee7a 2 qu\u00e2n b\u00e0i v\u00e0 c\u1ea7n \u0111\u1ea1t 21 \u0111i\u1ec3m ho\u1eb7c g\u1ea7n b\u1eb1ng. Tr\u00f2 ch\u01a1i n\u00e0y c\u00f3 th\u00eam quy \u0111\u1ecbnh r\u00fat l\u00e1 th\u1ee9 3 n\u00ean b\u1ea1n ph\u1ea3i h\u1ebft s\u1ee9c l\u01b0u \u00fd.<\/span><\/li>\n<\/ul>\n<figure id=\"attachment_974\" aria-describedby=\"caption-attachment-974\" style=\"width: 800px\" class=\"wp-caption aligncenter\"><img title=\"Gi\u1ea3i tr\u00ed v\u1edbi lo\u1ea1t game casino NEW88 m\u1edbi l\u1ea1\" loading=\"lazy\" decoding=\"async\" class=\"size-full wp-image-974\" src=\"http:\/\/nnnew88.com\/wp-content\/uploads\/2025\/12\/giai-tri-voi-loat-game-casino-new88-moi-la.webp\" alt=\"Gi\u1ea3i tr\u00ed v\u1edbi lo\u1ea1t game casino NEW88 m\u1edbi l\u1ea1\" width=\"800\" height=\"400\"><figcaption id=\"caption-attachment-974\" class=\"wp-caption-text\">Gi\u1ea3i tr\u00ed v\u1edbi lo\u1ea1t game casino NEW88 m\u1edbi l\u1ea1<\/figcaption><\/figure>\n<h2><b>S\u0103n th\u01b0\u1edfng c\u00f9ng lo\u1ea1t \u01b0u \u0111\u00e3i hot t\u1ea1i s\u1ea3nh casino NEW88<\/b><\/h2>\n<p><span style=\"font-weight: 400;\">Ngay d\u01b0\u1edbi \u0111\u00e2y l\u00e0 \u01b0u \u0111\u00e3i <\/span><b>casino NEW88 <\/b><span style=\"font-weight: 400;\">c\u1ef1c hot m\u00e0 b\u1ea5t k\u1ef3 ng\u01b0\u1eddi ch\u01a1i n\u00e0o c\u0169ng kh\u00f4ng th\u1ec3 b\u1ecf qua.<\/span><\/p>\n<ul>\n<li style=\"font-weight: 400;\" aria-level=\"1\"><span style=\"font-weight: 400;\">Nhi\u1ec7m v\u1ee5 m\u1ed7i ng\u00e0y: Ch\u1ec9 c\u1ea7n c\u00f3 v\u00e9 th\u1eafng t\u1eeb 50K tr\u1edf l\u00ean, b\u1ea1n \u0111\u00e3 c\u00f3 ngay c\u01a1 h\u1ed9i nh\u1eadn th\u01b0\u1edfng l\u00ean \u0111\u1ebfn 1.688K khi tr\u1ea3i qua 1 v\u00f2ng c\u01b0\u1ee3c.<\/span><\/li>\n<li style=\"font-weight: 400;\" aria-level=\"1\"><span style=\"font-weight: 400;\">Ho\u00e0n tr\u1ea3 kh\u1ee7ng: H\u1ed9i vi\u00ean tham gia ch\u01a1i game t\u1ea1i s\u1ea3nh casino s\u1ebd \u0111\u01b0\u1ee3c NEW88 th\u01b0\u1edfng ho\u00e0n tr\u1ea3 t\u1ee9c th\u00ec l\u00ean \u0111\u1ebfn 2%.<\/span><\/li>\n<li style=\"font-weight: 400;\" aria-level=\"1\"><span style=\"font-weight: 400;\">V\u00e9 c\u01b0\u1ee3c may m\u1eafn: Khi s\u1edf h\u1eefu c\u00e1c v\u00e9 c\u01b0\u1ee3c c\u00f3 \u0111u\u00f4i l\u00e0 c\u00e1c con s\u1ed1 8, nh\u00e0 c\u00e1i c\u00f3 th\u1ec3 th\u01b0\u1edfng l\u1edbn l\u00ean \u0111\u1ebfn 18.888K.<\/span><\/li>\n<\/ul>\n<h2><b>Th\u1eafc m\u1eafc th\u01b0\u1eddng g\u1eb7p khi ch\u01a1i game s\u00f2ng b\u1ea1c t\u1ea1i NEW88<\/b><\/h2>\n<p><span style=\"font-weight: 400;\">D\u01b0\u1edbi \u0111\u00e2y l\u00e0 g\u00f3c gi\u1ea3i \u0111\u00e1p nh\u1eefng th\u1eafc m\u1eafc th\u01b0\u1eddng g\u1eb7p khi ch\u01a1i game t\u1ea1i <\/span><b>casino NEW88 <\/b><span style=\"font-weight: 400;\">m\u00e0 b\u1ea1n c\u00f3 th\u1ec3 tham kh\u1ea3o.<\/span><\/p>\n<h3><b>Nh\u00e0 c\u00e1i c\u00f3 cung c\u1ea5p ph\u00f2ng live hoa h\u1ed3ng kh\u00f4ng?<\/b><\/h3>\n<p><span style=\"font-weight: 400;\">Hi\u1ec7n t\u1ea1i, nh\u00e0 c\u00e1i \u0111\u00e3 v\u00e0 \u0111ang cung c\u1ea5p h\u01a1n 30+ b\u00e0n c\u01b0\u1ee3c c\u00f3 hoa h\u1ed3ng, cho ph\u00e9p h\u1ed9i vi\u00ean nh\u1eadn th\u01b0\u1edfng bonus ngay sau khi chi\u1ebfn th\u1eafng.<\/span><\/p>\n<blockquote>\n<p>Li\u00ean quan: <strong><a href=\"https:\/\/nnnew88.com\/no-hu-new88\/\">N\u1ed5 H\u0169 New88<\/a><\/strong> \u2013 Th\u1eed V\u1eadn May S\u0103n Ngay Jackpot C\u1ef1c Ch\u1ea5t M\u1ed7i Ng\u00e0y<\/p>\n<\/blockquote>\n<h3><b>T\u00f4i c\u00f3 th\u1ec3 mua nhi\u1ec1u v\u00e9 c\u01b0\u1ee3c casino kh\u00f4ng?<\/b><\/h3>\n<p><span style=\"font-weight: 400;\">B\u1ea1n ho\u00e0n to\u00e0n c\u00f3 th\u1ec3 mua nhi\u1ec1u v\u00e9 c\u01b0\u1ee3c casino c\u00f9ng m\u1ed9t l\u00fac \u0111\u1ec3 nh\u1eadn th\u01b0\u1edfng kh\u00f4ng gi\u1edbi h\u1ea1n v\u1ec1 t\u00fai ngay sau khi chi\u1ebfn th\u1eafng.<\/span><\/p>\n<h3><b>N\u00ean l\u00e0m g\u00ec n\u1ebfu video tr\u1ef1c ti\u1ebfp s\u00f2ng b\u1ea1c b\u1ecb gi\u1eadt lag?<\/b><\/h3>\n<p><span style=\"font-weight: 400;\">Ng\u01b0\u1eddi ch\u01a1i c\u00f3 th\u1ec3 t\u1ea1m d\u1eebng video tr\u1ef1c ti\u1ebfp kho\u1ea3ng ch\u1eebng 5-10 gi\u00e2y. N\u1ebfu t\u00ecnh tr\u1ea1ng n\u00e0y v\u1eabn c\u00f2n di\u1ec5n ra, vui l\u00f2ng tho\u00e1t tr\u00ecnh duy\u1ec7t v\u00e0 truy c\u1eadp tr\u1edf l\u1ea1i.<\/span><\/p>\n<h2><b>K\u1ebft lu\u1eadn<\/b><\/h2>\n<p><span style=\"font-weight: 400;\">Tr\u1edf th\u00e0nh h\u1ed9i vi\u00ean ch\u00ednh th\u1ee9c v\u00e0 ch\u01a1i game <\/span><b>casino NEW88 <\/b><span style=\"font-weight: 400;\">ngay l\u1eadp t\u1ee9c \u0111\u1ec3 c\u00f3 ngay c\u01a1 h\u1ed9i nh\u1eadn th\u01b0\u1edfng l\u00ean \u0111\u1ebfn 88.888K ho\u00e0n tr\u1ea3 m\u1ed7i tu\u1ea7n. Nh\u00e0 c\u00e1i hi\u1ec7n \u0111ang t\u1ed5 ch\u1ee9c h\u00e0ng lo\u1ea1t khuy\u1ebfn m\u00e3i h\u1ea5p d\u1eabn cho b\u1ea1n tho\u1ea3i m\u00e1i h\u1ed1t ti\u1ec1n tri\u1ec7u h\u00e0ng ng\u00e0y t\u1ea1i website ch\u00ednh th\u1ee9c.<\/span><\/p>\n","protected":false},"excerpt":{"rendered":"<p>Casino NEW88 th\u01b0\u1edfng l\u1edbn l\u00ean \u0111\u1ebfn 1.688K khi ho\u00e0n th\u00e0nh nhi\u1ec7m v\u1ee5 m\u1ed7i ng\u00e0y. Dealer chuy\u00ean nghi\u1ec7p c\u00f3 m\u1eb7t \u1edf m\u1ecdi b\u00e0n c\u01b0\u1ee3c cho ph\u00e9p b\u1ea1n tho\u1ea3i m\u00e1i giao l\u01b0u v\u00e0 gi\u1ea3i tr\u00ed kh\u00f4ng gi\u1edbi h\u1ea1n. Tr\u1edf th\u00e0nh h\u1ed9i vi\u00ean ngay l\u1eadp t\u1ee9c \u0111\u1ec3 nh\u1eadn ti\u1ec1n tri\u1ec7u c\u1ef1c kh\u1ee7ng t\u1eeb nh\u00e0 c\u00e1i uy t\u00edn! Gi\u1edbi&#8230; Xem th\u00eam<\/p>\n","protected":false},"author":1,"featured_media":863,"parent":0,"menu_order":0,"comment_status":"closed","ping_status":"closed","template":"","meta":{"footnotes":""},"class_list":["post-859","page","type-page","status-publish","has-post-thumbnail","hentry"],"_links":{"self":[{"href":"https:\/\/nnnew88.com\/index.php\/wp-json\/wp\/v2\/pages\/859","targetHints":{"allow":["GET"]}}],"collection":[{"href":"https:\/\/nnnew88.com\/index.php\/wp-json\/wp\/v2\/pages"}],"about":[{"href":"https:\/\/nnnew88.com\/index.php\/wp-json\/wp\/v2\/types\/page"}],"author":[{"embeddable":true,"href":"https:\/\/nnnew88.com\/index.php\/wp-json\/wp\/v2\/users\/1"}],"replies":[{"embeddable":true,"href":"https:\/\/nnnew88.com\/index.php\/wp-json\/wp\/v2\/comments?post=859"}],"version-history":[{"count":0,"href":"https:\/\/nnnew88.com\/index.php\/wp-json\/wp\/v2\/pages\/859\/revisions"}],"wp:featuredmedia":[{"embeddable":true,"href":"https:\/\/nnnew88.com\/index.php\/wp-json\/wp\/v2\/media\/863"}],"wp:attachment":[{"href":"https:\/\/nnnew88.com\/index.php\/wp-json\/wp\/v2\/media?parent=859"}],"curies":[{"name":"wp","href":"https:\/\/api.w.org\/{rel}","templated":true}]}}