{"id":860,"date":"2025-12-26T09:18:26","date_gmt":"2025-12-26T09:18:26","guid":{"rendered":"https:\/\/nnnew88.com\/index.php\/game-bai-new88\/"},"modified":"2025-12-26T09:18:26","modified_gmt":"2025-12-26T09:18:26","slug":"game-bai-new88","status":"publish","type":"page","link":"https:\/\/nnnew88.com\/index.php\/game-bai-new88\/","title":{"rendered":"GAME B\u00c0I NEW88"},"content":{"rendered":"<p><span style=\"font-weight: 400;\">\u0110\u1ed1i v\u1edbi nh\u1eefng cao th\u1ee7 l\u00e2u n\u0103m, <\/span><a href=\"https:\/\/nnnew88.com\/game-bai-new88\/\"><b>game b\u00e0i New88<\/b><\/a><span style=\"font-weight: 400;\"> lu\u00f4n l\u00e0 m\u1ed9t l\u1ef1a ch\u1ecdn \u01b0u ti\u00ean h\u00e0ng \u0111\u1ea7u. Nh\u1edd thi\u1ebft k\u1ebf giao di\u1ec7n t\u1ed1i \u01b0u v\u00e0 m\u1ee9c th\u01b0\u1edfng h\u1ea5p d\u1eabn, n\u1ec1n t\u1ea3ng \u0111\u00e3 chinh ph\u1ee5c \u0111\u01b0\u1ee3c c\u1ea3 nh\u1eefng kh\u00e1ch h\u00e0ng kh\u00f3 t\u00ednh trong gi\u1edbi c\u00e1 c\u01b0\u1ee3c tr\u1ef1c tuy\u1ebfn. N\u1ebfu b\u1ea1n \u0111ang quan t\u00e2m \u0111\u1ebfn chuy\u00ean m\u1ee5c n\u00e0y, \u0111\u1eebng b\u1ecf l\u1ee1 nh\u1eefng th\u00f4ng tin chi ti\u1ebft \u0111\u01b0\u1ee3c chia s\u1ebb trong ph\u1ea7n n\u1ed9i dung b\u00ean d\u01b0\u1edbi.<\/span><\/p>\n<h2><b>Th\u00f4ng tin s\u01a1 l\u01b0\u1ee3c v\u1ec1 game b\u00e0i New88<\/b><\/h2>\n<p><span style=\"font-weight: 400;\">S\u1ea3nh <\/span><b>game b\u00e0i New88<\/b><span style=\"font-weight: 400;\"> t\u1eeb l\u00e2u \u0111\u00e3 tr\u1edf th\u00e0nh \u0111i\u1ec3m \u0111\u1ebfn \u0111\u00e1ng tin c\u1eady c\u1ee7a \u0111\u00f4ng \u0111\u1ea3o cao th\u1ee7 c\u00e1 c\u01b0\u1ee3c. \u0110i\u1ec1u \u0111\u00f3 ho\u00e0n to\u00e0n d\u1ec5 l\u00fd gi\u1ea3i khi n\u1ec1n t\u1ea3ng \u0111\u00e3 \u0111\u01b0\u1ee3c thi\u1ebft k\u1ebf v\u1edbi b\u1ed1 c\u1ee5c t\u1ed1i \u01b0u, gi\u00fap th\u00e0nh vi\u00ean d\u1ec5 d\u00e0ng thao t\u00e1c. B\u00ean c\u1ea1nh \u0111\u00f3, ch\u1ea5t l\u01b0\u1ee3ng h\u00ecnh \u1ea3nh s\u1eafc n\u00e9t k\u1ebft h\u1ee3p c\u00f9ng \u00e2m thanh s\u1ed1ng \u0111\u1ed9ng ch\u00ednh l\u00e0 nh\u1eefng y\u1ebfu t\u1ed1 khi\u1ebfn th\u01b0\u01a1ng hi\u1ec7u c\u1ee7a ch\u00fang t\u00f4i t\u1ea1o \u1ea5n t\u01b0\u1ee3ng m\u1ea1nh ngay t\u1eeb l\u1ea7n tr\u1ea3i nghi\u1ec7m \u0111\u1ea7u ti\u00ean. M\u1ed9t khi \u0111\u00e3 b\u01b0\u1edbc v\u00e0o giao di\u1ec7n s\u1ea3nh game n\u00e0y, b\u1ea1n s\u1ebd kh\u00f3 l\u00f2ng r\u1eddi m\u1eaft kh\u1ecfi m\u00e0n h\u00ecnh.<\/span><\/p>\n<p><span style=\"font-weight: 400;\">Kh\u00f4ng ch\u1ec9 v\u1eady, lo\u1ea1t tr\u00f2 ch\u01a1i \u0111\u1ed5i th\u01b0\u1edfng t\u1ea1i \u0111\u00e2y c\u00f2n nh\u1eadn v\u1ec1 nhi\u1ec1u l\u1eddi khen t\u1eeb c\u1ed9ng \u0111\u1ed3ng \u0111am m\u00ea \u0111\u1ecf \u0111en. Nh\u1eefng ph\u1ea3n h\u1ed3i t\u00edch c\u1ef1c ch\u1ee7 y\u1ebfu xoay quanh s\u1ef1 r\u00f5 r\u00e0ng trong c\u00e1ch v\u1eadn h\u00e0nh v\u00e0 m\u00f4i tr\u01b0\u1eddng gi\u1ea3i tr\u00ed \u0111\u1ea3m b\u1ea3o an to\u00e0n tuy\u1ec7t \u0111\u1ed1i. V\u1edbi tinh th\u1ea7n h\u1ed7 tr\u1ee3 kh\u00e1ch h\u00e0ng ki\u1ebfm \u0111\u01b0\u1ee3c nh\u1eefng kho\u1ea3n l\u1ee3i nhu\u1eadn c\u1ef1c\u00a0 kh\u1ee7ng, <a href=\"https:\/\/nnnew88.com\/\"><strong>New88<\/strong><\/a> lu\u00f4n s\u1eb5n s\u00e0ng \u0111\u1ed3ng h\u00e0nh c\u00f9ng b\u1ea1n d\u00f9 b\u1ea1n \u0111ang \u1edf b\u1ea5t k\u1ef3 \u0111\u00e2u.<\/span><\/p>\n<figure id=\"attachment_956\" aria-describedby=\"caption-attachment-956\" style=\"width: 800px\" class=\"wp-caption aligncenter\"><img title=\"S\u01a1 l\u01b0\u1ee3c v\u1ec1 s\u1ea3nh game b\u00e0i New88\" loading=\"lazy\" decoding=\"async\" class=\"size-full wp-image-956\" src=\"http:\/\/nnnew88.com\/wp-content\/uploads\/2025\/12\/game-bai-new88-so-luoc.webp\" alt=\"S\u01a1 l\u01b0\u1ee3c v\u1ec1 s\u1ea3nh game b\u00e0i New88\" width=\"800\" height=\"400\"><figcaption id=\"caption-attachment-956\" class=\"wp-caption-text\">S\u01a1 l\u01b0\u1ee3c v\u1ec1 s\u1ea3nh game b\u00e0i New88<\/figcaption><\/figure>\n<h2><b>Top c\u00e1c game b\u00e0i New88 \u0111\u01b0\u1ee3c y\u00eau th\u00edch nh\u1ea5t 2025<\/b><\/h2>\n<p><span style=\"font-weight: 400;\">Kho game b\u00e0i \u0111\u1ed5i th\u01b0\u1edfng t\u1ea1i n\u1ec1n t\u1ea3ng c\u1ee7a ch\u00fang t\u00f4i kh\u00f4ng ch\u1ec9 ghi \u0111i\u1ec3m \u1edf m\u1eb7t ch\u1ea5t l\u01b0\u1ee3ng m\u00e0 c\u00f2n g\u00e2y \u1ea5n t\u01b0\u1ee3ng m\u1ea1nh v\u1edbi s\u1ed1 l\u01b0\u1ee3ng l\u00ean t\u1edbi h\u01a1n 1000 si\u00eau ph\u1ea9m \u0111a d\u1ea1ng. M\u1ed7i tr\u00f2 ch\u01a1i \u0111\u1ec1u \u0111\u01b0\u1ee3c thi\u1ebft k\u1ebf tinh vi \u0111\u1ec3 kh\u00e1ch h\u00e0ng th\u1ecfa s\u1ee9c kh\u00e1m ph\u00e1 v\u00e0 tr\u1ea3i nghi\u1ec7m. Tuy nhi\u00ean, n\u1ebfu b\u1ea1n l\u00e0 ng\u01b0\u1eddi m\u1edbi l\u00e0m quen v\u1edbi s\u00e2n ch\u01a1i, h\u00e3y \u01b0u ti\u00ean l\u1ef1a ch\u1ecdn nh\u1eefng tr\u00f2 b\u00e0i quen thu\u1ed9c d\u01b0\u1edbi \u0111\u00e2y \u0111\u1ec3 b\u1eaft \u0111\u1ea7u m\u1ed9t c\u00e1ch d\u1ec5 d\u00e0ng h\u01a1n:<\/span><\/p>\n<h3><b>Poker hi\u1ec7n \u0111\u1ea1i<\/b><\/h3>\n<p><span style=\"font-weight: 400;\">Poker l\u00e0 m\u1ed9t trong nh\u1eefng tr\u00f2 ch\u01a1i \u0111\u1ea7u ti\u00ean m\u00e0 b\u1ea1n n\u00ean th\u1eed s\u1ee9c khi b\u01b0\u1edbc v\u00e0o th\u1ebf gi\u1edbi <\/span><b>game b\u00e0i New88<\/b><span style=\"font-weight: 400;\"> n\u1ebfu mu\u1ed1n t\u00ecm ki\u1ebfm l\u1ee3i nhu\u1eadn \u1ed5n \u0111\u1ecbnh. Si\u00eau ph\u1ea9m game n\u00e0y \u0111\u00f2i h\u1ecfi ng\u01b0\u1eddi tham gia ph\u1ea3i c\u00f3 t\u01b0 duy logic v\u00e0 ph\u1ea3n \u1ee9ng nhanh nh\u1ea1y. T\u1ea1i \u0111\u00e2y, b\u1ea1n s\u1ebd \u0111\u01b0\u1ee3c ti\u1ebfp c\u1eadn nhi\u1ec1u phi\u00ean b\u1ea3n kh\u00e1c nhau, t\u1eeb phong c\u00e1ch truy\u1ec1n th\u1ed1ng cho \u0111\u1ebfn nh\u1eefng bi\u1ebfn th\u1ec3 hi\u1ec7n \u0111\u1ea1i. N\u1ebfu c\u00f3 b\u1ea5t k\u1ef3 \u0111i\u1ec3m n\u00e0o ch\u01b0a th\u1ef1c s\u1ef1 ph\u00f9 h\u1ee3p, n\u1ec1n t\u1ea3ng lu\u00f4n s\u1eb5n s\u00e0ng \u0111i\u1ec1u ch\u1ec9nh \u0111\u1ec3 n\u00e2ng cao tr\u1ea3i nghi\u1ec7m cho kh\u00e1ch h\u00e0ng.<\/span><\/p>\n<p><span style=\"font-weight: 400;\">Trong qu\u00e1 tr\u00ecnh ch\u01a1i, nhi\u1ec7m v\u1ee5 ch\u00ednh c\u1ee7a b\u1ea1n l\u00e0 ph\u1ed1i h\u1ee3p 2 qu\u00e2n ri\u00eang tr\u00ean tay c\u00f9ng v\u1edbi 5 qu\u00e2n chung tr\u00ean b\u00e0n nh\u1eb1m t\u1ea1o th\u00e0nh t\u1ed5 h\u1ee3p b\u00e0i m\u1ea1nh nh\u1ea5t. K\u1ebft qu\u1ea3 th\u1eafng thua ph\u1ee5 thu\u1ed9c kh\u00f4ng ch\u1ec9 v\u00e0o y\u1ebfu t\u1ed1 may r\u1ee7i m\u00e0 c\u00f2n d\u1ef1a v\u00e0o kh\u1ea3 n\u0103ng ph\u00e2n t\u00edch v\u00e0 chi\u1ebfn thu\u1eadt c\u1ee7a b\u1ea1n. B\u1ed9 b\u00e0i c\u00e0ng gi\u00e1 tr\u1ecb th\u00ec c\u01a1 h\u1ed9i gi\u00e0nh ph\u1ea7n th\u1eafng c\u00e0ng l\u1edbn.<\/span><\/p>\n<h3><b>Blackjack ki\u1ebfm ti\u1ec1n b\u1ec1n v\u1eefng<\/b><\/h3>\n<p><span style=\"font-weight: 400;\">Kh\u00f4ng h\u1ec1 thua k\u00e9m Poker, Blackjack c\u0169ng s\u1edf h\u1eefu nh\u1eefng \u0111i\u1ec3m n\u1ed5i b\u1eadt ri\u00eang khi\u1ebfn tr\u00f2 ch\u01a1i n\u00e0y tr\u1edf th\u00e0nh m\u1ed9t trong nh\u1eefng l\u1ef1a ch\u1ecdn ph\u1ed5 bi\u1ebfn nh\u1ea5t t\u1ea1i <\/span><b>game b\u00e0i New88<\/b><span style=\"font-weight: 400;\">. Theo s\u1ed1 li\u1ec7u t\u1eeb nh\u00e0 c\u00e1i, m\u1ed7i ng\u00e0y c\u00f3 h\u01a1n m\u1ed9t tri\u1ec7u l\u01b0\u1ee3t truy c\u1eadp v\u00e0o s\u1ea3nh Blackjack \u2013 M\u1ed9t con s\u1ed1 ch\u1ee9ng minh s\u1ee9c h\u00fat m\u1ea1nh m\u1ebd c\u1ee7a si\u00eau ph\u1ea9m game n\u00e0y trong c\u1ed9ng \u0111\u1ed3ng \u0111am m\u00ea \u0111\u1ecf \u0111en.<\/span><\/p>\n<p><span style=\"font-weight: 400;\">Ngay khi b\u1eaft \u0111\u1ea7u v\u00e1n ch\u01a1i, kh\u00e1ch h\u00e0ng s\u1ebd \u0111\u01b0\u1ee3c chia 2 l\u00e1 t\u1eeb ph\u00eda dealer \u0111\u1ec3 b\u1eaft \u0111\u1ea7u t\u00ednh to\u00e1n chi\u1ebfn l\u01b0\u1ee3c c\u01b0\u1ee3c h\u1ee3p l\u00fd. C\u00e0ng ti\u1ebfn g\u1ea7n \u0111\u1ebfn m\u1ed1c 21 \u0111i\u1ec3m, kh\u1ea3 n\u0103ng gi\u00e0nh chi\u1ebfn th\u1eafng c\u00e0ng l\u1edbn. D\u00f9 lu\u1eadt ch\u01a1i c\u00f3 ph\u1ea7n \u0111\u01a1n gi\u1ea3n, nh\u01b0ng \u0111\u1ec3 \u0111\u1ea1t k\u1ebft qu\u1ea3 t\u1ed1t, h\u1ed9i vi\u00ean c\u1ea7n t\u00edch l\u0169y kinh nghi\u1ec7m th\u1ef1c chi\u1ebfn v\u00e0 ki\u1ebfn th\u1ee9c n\u1ec1n t\u1ea3ng v\u1eefng v\u00e0ng. N\u1ebfu t\u1ed5ng \u0111i\u1ec3m v\u01b0\u1ee3t qu\u00e1 21, b\u1ea1n s\u1ebd b\u1ecb x\u1eed thua ngay l\u1eadp t\u1ee9c.<\/span><\/p>\n<h3><b>Baccarat \u0111\u1ed5i th\u01b0\u1edfng l\u00e0m gi\u00e0u<\/b><\/h3>\n<p><span style=\"font-weight: 400;\">Trong s\u1ed1 c\u00e1c tr\u00f2 ch\u01a1i t\u1ea1i s\u1ea3nh<\/span><b> game b\u00e0i New88<\/b><span style=\"font-weight: 400;\">, Baccarat th\u01b0\u1eddng \u0111\u01b0\u1ee3c \u0111\u00e1nh gi\u00e1 l\u00e0 m\u1ed9t trong nh\u1eefng l\u1ef1a ch\u1ecdn mang l\u1ea1i t\u1ed1c \u0111\u1ed9 chi\u1ebfn th\u1eafng cao nh\u1ea5t. Nhi\u1ec7m v\u1ee5 c\u1ee7a kh\u00e1ch h\u00e0ng ch\u1ec9 \u0111\u01a1n gi\u1ea3n l\u00e0 l\u1ef1a ch\u1ecdn m\u1ed9t trong ba c\u1eeda: Nh\u00e0 con (Player), nh\u00e0 c\u00e1i (Banker) ho\u1eb7c h\u00f2a (Tie). N\u1ebfu b\u1ea1n tin r\u1eb1ng b\u00ean n\u00e0o s\u1ebd c\u00f3 t\u1ed5ng \u0111i\u1ec3m cao h\u01a1n, ch\u1ec9 c\u1ea7n \u0111\u1eb7t c\u01b0\u1ee3c v\u00e0o c\u1eeda \u0111\u00f3. Sau v\u00e0i gi\u00e2y, h\u1ec7 th\u1ed1ng s\u1ebd t\u1ef1 \u0111\u1ed9ng hi\u1ec3n th\u1ecb k\u1ebft qu\u1ea3 \u0111\u1ec3 b\u1ea1n bi\u1ebft m\u00ecnh th\u1eafng hay thua m\u00e0 kh\u00f4ng c\u1ea7n ch\u1edd \u0111\u1ee3i l\u00e2u.<\/span><\/p>\n<figure id=\"attachment_957\" aria-describedby=\"caption-attachment-957\" style=\"width: 800px\" class=\"wp-caption aligncenter\"><img title=\"Top game b\u00e0i \u0111\u01b0\u1ee3c y\u00eau th\u00edch\" loading=\"lazy\" decoding=\"async\" class=\"size-full wp-image-957\" src=\"http:\/\/nnnew88.com\/wp-content\/uploads\/2025\/12\/game-bai-new88-top-game.webp\" alt=\"Top game b\u00e0i \u0111\u01b0\u1ee3c y\u00eau th\u00edch\" width=\"800\" height=\"400\"><figcaption id=\"caption-attachment-957\" class=\"wp-caption-text\">Top game b\u00e0i \u0111\u01b0\u1ee3c y\u00eau th\u00edch<\/figcaption><\/figure>\n<h2><b>C\u00e1ch ch\u01a1i game b\u00e0i New88 tr\u0103m tr\u1eadn tr\u0103m th\u1eafng<\/b><\/h2>\n<p><span style=\"font-weight: 400;\">Mu\u1ed1n gia t\u0103ng thu nh\u1eadp khi tham gia c\u00e1c tr\u00f2 ch\u01a1i b\u00e0i, c\u00e1c b\u1ea1n c\u1ea7n t\u00edch l\u0169y cho m\u00ecnh nh\u1eefng kinh nghi\u1ec7m th\u1ef1c ti\u1ec5n. \u0110\u00f3 c\u00f3 th\u1ec3 l\u00e0 c\u00e1c chi\u1ebfn thu\u1eadt nh\u1ecf, m\u1eb9o c\u01b0\u1ee3c th\u00f4ng minh ho\u1eb7c b\u00ed quy\u1ebft gi\u00fap qu\u00e1 tr\u00ecnh tham gia tr\u1edf n\u00ean hi\u1ec7u qu\u1ea3 h\u01a1n. D\u01b0\u1edbi \u0111\u00e2y l\u00e0 m\u1ed9t s\u1ed1 g\u1ee3i \u00fd h\u1eefu \u00edch \u0111\u01b0\u1ee3c nhi\u1ec1u chuy\u00ean gia t\u1ea1i New88 t\u1ed5ng h\u1ee3p v\u00e0 chia s\u1ebb:<\/span><\/p>\n<h3><b>Hi\u1ec3u r\u00f5 lu\u1eadt ch\u01a1i<\/b><\/h3>\n<p><span style=\"font-weight: 400;\">Y\u1ebfu t\u1ed1 ti\u00ean quy\u1ebft khi b\u1eaft \u0111\u1ea7u ch\u01a1i <\/span><b>game b\u00e0i New88<\/b><span style=\"font-weight: 400;\"> ch\u00ednh l\u00e0 vi\u1ec7c n\u1eafm ch\u1eafc lu\u1eadt l\u1ec7 c\u1ee7a t\u1eebng tr\u00f2. Vi\u1ec7c am hi\u1ec3u r\u00f5 r\u00e0ng c\u00e1c quy t\u1eafc kh\u00f4ng ch\u1ec9 gi\u00fap b\u1ea1n d\u1ec5 d\u00e0ng th\u00edch nghi m\u00e0 c\u00f2n n\u00e2ng cao kh\u1ea3 n\u0103ng gi\u00e0nh chi\u1ebfn th\u1eafng. Kh\u00e1ch h\u00e0ng c\u1ea7n n\u1eafm \u0111\u01b0\u1ee3c th\u00f4ng tin nh\u01b0 s\u1ed1 l\u01b0\u1ee3ng b\u00e0i \u0111\u01b0\u1ee3c ph\u00e1t, c\u00e1ch ph\u1ed1i h\u1ee3p c\u00e1c qu\u00e2n b\u00e0i, t\u1ef7 l\u1ec7 tr\u1ea3 th\u01b0\u1edfng v\u00e0 nh\u1eefng chi ti\u1ebft li\u00ean quan kh\u00e1c.<\/span><\/p>\n<blockquote><\/blockquote>\n<h3><b>Kh\u00f4ng \u0111\u1eb7t c\u01b0\u1ee3c qu\u00e1 nhi\u1ec1u<\/b><\/h3>\n<p><span style=\"font-weight: 400;\">Tr\u01b0\u1edbc khi b\u01b0\u1edbc v\u00e0o b\u1ea5t k\u1ef3 v\u00e1n b\u00e0i n\u00e0o t\u1ea1i New88, vi\u1ec7c c\u00e2n nh\u1eafc \u0111\u1ebfn m\u1ee9c c\u01b0\u1ee3c t\u1ed1i thi\u1ec3u l\u00e0 \u0111i\u1ec1u kh\u00f4ng th\u1ec3 b\u1ecf qua. V\u00ed d\u1ee5, n\u1ebfu m\u1ee9c s\u00e0n l\u00e0 10.000 VN\u0110, b\u1ea1n n\u00ean gi\u1eef nguy\u00ean m\u1ee9c \u0111\u1eb7t n\u00e0y xuy\u00ean su\u1ed1t v\u00e1n ch\u01a1i thay v\u00ec \u0111i\u1ec1u ch\u1ec9nh b\u1eeba b\u00e3i. Vi\u1ec7c \u0111\u1ea9y cao ti\u1ec1n c\u01b0\u1ee3c khi ch\u01b0a c\u00f3 nhi\u1ec1u kinh nghi\u1ec7m s\u1ebd d\u1ec5 d\u1eabn \u0111\u1ebfn r\u1ee7i ro kh\u00f4ng \u0111\u00e1ng c\u00f3. C\u00e1ch ti\u1ebfp c\u1eadn n\u00e0y kh\u00f4ng ch\u1ec9 gi\u00fap b\u1ea1n ki\u1ec3m so\u00e1t ngu\u1ed3n v\u1ed1n hi\u1ec7u qu\u1ea3 m\u00e0 c\u00f2n t\u0103ng kh\u1ea3 n\u0103ng thu v\u1ec1 l\u1ee3i nhu\u1eadn \u1ed5n \u0111\u1ecbnh h\u01a1n trong th\u1eddi gian d\u00e0i.<\/span><\/p>\n<figure id=\"attachment_954\" aria-describedby=\"caption-attachment-954\" style=\"width: 800px\" class=\"wp-caption aligncenter\"><img title=\"C\u00e1ch ch\u01a1i tr\u0103m tr\u1eadn tr\u0103m th\u1eafng\" loading=\"lazy\" decoding=\"async\" class=\"size-full wp-image-954\" src=\"http:\/\/nnnew88.com\/wp-content\/uploads\/2025\/12\/game-bai-new88-cach-choi.webp\" alt=\"C\u00e1ch ch\u01a1i tr\u0103m tr\u1eadn tr\u0103m th\u1eafng\" width=\"800\" height=\"400\"><figcaption id=\"caption-attachment-954\" class=\"wp-caption-text\">C\u00e1ch ch\u01a1i tr\u0103m tr\u1eadn tr\u0103m th\u1eafng<\/figcaption><\/figure>\n<h2><b>K\u1ebft lu\u1eadn<\/b><\/h2>\n<p><span style=\"font-weight: 400;\">B\u00e0i vi\u1ebft tr\u00ean \u0111\u00e3 mang \u0111\u1ebfn cho b\u1ea1n c\u00e1i nh\u00ecn t\u1ed5ng quan v\u1ec1 chuy\u00ean m\u1ee5c <\/span><b>game b\u00e0i New88<\/b><span style=\"font-weight: 400;\">. N\u1ebfu b\u1ea1n \u0111\u00e3 s\u1eb5n s\u00e0ng b\u01b0\u1edbc v\u00e0o h\u00e0nh tr\u00ecnh tr\u1ea3i nghi\u1ec7m th\u1ef1c t\u1ebf, h\u00e3y nhanh tay t\u1ea3i ngay c\u00e1c t\u1ef1a game v\u1ec1 thi\u1ebft b\u1ecb c\u1ee7a m\u00ecnh \u0111\u1ec3 b\u1eaft \u0111\u1ea7u kh\u00e1m ph\u00e1 ngay h\u00f4m nay!<\/span><\/p>\n<p>\u00a0<\/p>\n","protected":false},"excerpt":{"rendered":"<p>\u0110\u1ed1i v\u1edbi nh\u1eefng cao th\u1ee7 l\u00e2u n\u0103m, game b\u00e0i New88 lu\u00f4n l\u00e0 m\u1ed9t l\u1ef1a ch\u1ecdn \u01b0u ti\u00ean h\u00e0ng \u0111\u1ea7u. Nh\u1edd thi\u1ebft k\u1ebf giao di\u1ec7n t\u1ed1i \u01b0u v\u00e0 m\u1ee9c th\u01b0\u1edfng h\u1ea5p d\u1eabn, n\u1ec1n t\u1ea3ng \u0111\u00e3 chinh ph\u1ee5c \u0111\u01b0\u1ee3c c\u1ea3 nh\u1eefng kh\u00e1ch h\u00e0ng kh\u00f3 t\u00ednh trong gi\u1edbi c\u00e1 c\u01b0\u1ee3c tr\u1ef1c tuy\u1ebfn. N\u1ebfu b\u1ea1n \u0111ang quan t\u00e2m \u0111\u1ebfn&#8230; Xem th\u00eam<\/p>\n","protected":false},"author":1,"featured_media":864,"parent":0,"menu_order":0,"comment_status":"closed","ping_status":"closed","template":"","meta":{"footnotes":""},"class_list":["post-860","page","type-page","status-publish","has-post-thumbnail","hentry"],"_links":{"self":[{"href":"https:\/\/nnnew88.com\/index.php\/wp-json\/wp\/v2\/pages\/860","targetHints":{"allow":["GET"]}}],"collection":[{"href":"https:\/\/nnnew88.com\/index.php\/wp-json\/wp\/v2\/pages"}],"about":[{"href":"https:\/\/nnnew88.com\/index.php\/wp-json\/wp\/v2\/types\/page"}],"author":[{"embeddable":true,"href":"https:\/\/nnnew88.com\/index.php\/wp-json\/wp\/v2\/users\/1"}],"replies":[{"embeddable":true,"href":"https:\/\/nnnew88.com\/index.php\/wp-json\/wp\/v2\/comments?post=860"}],"version-history":[{"count":0,"href":"https:\/\/nnnew88.com\/index.php\/wp-json\/wp\/v2\/pages\/860\/revisions"}],"wp:featuredmedia":[{"embeddable":true,"href":"https:\/\/nnnew88.com\/index.php\/wp-json\/wp\/v2\/media\/864"}],"wp:attachment":[{"href":"https:\/\/nnnew88.com\/index.php\/wp-json\/wp\/v2\/media?parent=860"}],"curies":[{"name":"wp","href":"https:\/\/api.w.org\/{rel}","templated":true}]}}